{"id":755,"date":"2022-07-21T15:55:55","date_gmt":"2022-07-21T08:55:55","guid":{"rendered":"https:\/\/khomaudep.com\/mauruou\/?post_type=product&#038;p=755"},"modified":"2022-07-21T19:45:36","modified_gmt":"2022-07-21T12:45:36","slug":"ruou-vang-two-hands-bellas-garden-shiraz","status":"publish","type":"product","link":"https:\/\/pluginviet.com\/mau44\/san-pham\/ruou-vang-two-hands-bellas-garden-shiraz\/","title":{"rendered":"R\u01b0\u1ee3u Vang Two Hands Bella\u2019s Garden Shiraz"},"content":{"rendered":"<p>S\u1eafc m\u00e0u \u0111\u1ecf \u0111\u1eadm ch\u00ednh l\u00e0 gam m\u00e0u ch\u1ee7 \u0111\u1ea1o \u0111\u1ec3 l\u00f4i cu\u1ed1n ng\u01b0\u1eddi th\u01b0\u1edfng th\u1ee9c \u1ea5n t\u01b0\u1ee3ng chai vang ngay t\u1eeb l\u1ea7n \u0111\u1ea7u ti\u00ean. L\u1ea7n l\u01b0\u1ee3t th\u01b0\u1edfng th\u1ee9c ly r\u01b0\u1ee3u vang, b\u1ea1n s\u1ebd c\u1ea3m nh\u1eadn \u0111\u01b0\u1ee3c v\u1ecb ng\u1ecdt \u0111\u1eb7c tr\u01b0ng tinh t\u1ebf c\u1ee7a gi\u1ed1ng nho m\u00e0u \u0111\u1ecf. Thi tho\u1ea3ng c\u00f3 ch\u00fat h\u00f2a quy\u1ec7n c\u1ee7a h\u01b0\u01a1ng v\u1ecb tinh d\u1ea7u v\u00e0 o\u1ea3i h\u01b0\u01a1ng<\/p>\n","protected":false},"excerpt":{"rendered":"<p>S\u1eafc m\u00e0u \u0111\u1ecf \u0111\u1eadm ch\u00ednh l\u00e0 gam m\u00e0u ch\u1ee7 \u0111\u1ea1o \u0111\u1ec3 l\u00f4i cu\u1ed1n ng\u01b0\u1eddi th\u01b0\u1edfng th\u1ee9c \u1ea5n t\u01b0\u1ee3ng chai vang ngay t\u1eeb l\u1ea7n \u0111\u1ea7u ti\u00ean. L\u1ea7n l\u01b0\u1ee3t th\u01b0\u1edfng th\u1ee9c ly r\u01b0\u1ee3u vang, b\u1ea1n s\u1ebd c\u1ea3m nh\u1eadn \u0111\u01b0\u1ee3c v\u1ecb ng\u1ecdt \u0111\u1eb7c tr\u01b0ng tinh t\u1ebf c\u1ee7a gi\u1ed1ng nho m\u00e0u \u0111\u1ecf. Thi tho\u1ea3ng c\u00f3 ch\u00fat h\u00f2a quy\u1ec7n c\u1ee7a &#8230;<\/p>\n","protected":false},"featured_media":907,"comment_status":"open","ping_status":"closed","template":"","meta":[],"pwb-brand":[],"product_cat":[17,76],"product_tag":[],"brands":[],"_links":{"self":[{"href":"https:\/\/pluginviet.com\/mau44\/wp-json\/wp\/v2\/product\/755"}],"collection":[{"href":"https:\/\/pluginviet.com\/mau44\/wp-json\/wp\/v2\/product"}],"about":[{"href":"https:\/\/pluginviet.com\/mau44\/wp-json\/wp\/v2\/types\/product"}],"replies":[{"embeddable":true,"href":"https:\/\/pluginviet.com\/mau44\/wp-json\/wp\/v2\/comments?post=755"}],"wp:featuredmedia":[{"embeddable":true,"href":"https:\/\/pluginviet.com\/mau44\/wp-json\/wp\/v2\/media\/907"}],"wp:attachment":[{"href":"https:\/\/pluginviet.com\/mau44\/wp-json\/wp\/v2\/media?parent=755"}],"wp:term":[{"taxonomy":"pwb-brand","embeddable":true,"href":"https:\/\/pluginviet.com\/mau44\/wp-json\/wp\/v2\/pwb-brand?post=755"},{"taxonomy":"product_cat","embeddable":true,"href":"https:\/\/pluginviet.com\/mau44\/wp-json\/wp\/v2\/product_cat?post=755"},{"taxonomy":"product_tag","embeddable":true,"href":"https:\/\/pluginviet.com\/mau44\/wp-json\/wp\/v2\/product_tag?post=755"}],"curies":[{"name":"wp","href":"https:\/\/api.w.org\/{rel}","templated":true}]}}