{"id":753,"date":"2022-07-21T15:54:05","date_gmt":"2022-07-21T08:54:05","guid":{"rendered":"https:\/\/khomaudep.com\/mauruou\/?post_type=product&#038;p=753"},"modified":"2022-07-21T19:45:28","modified_gmt":"2022-07-21T12:45:28","slug":"ruou-vang-do-two-hands-sexy-beast-cabernet-sauvignon","status":"publish","type":"product","link":"https:\/\/pluginviet.com\/mau44\/san-pham\/ruou-vang-do-two-hands-sexy-beast-cabernet-sauvignon\/","title":{"rendered":"R\u01b0\u1ee3u Vang \u0110\u1ecf Two Hands Sexy Beast Cabernet Sauvignon"},"content":{"rendered":"<p>Two Hands Sexy Beast Cabernet Sauvignon\u00a0c\u00f3 m\u00e0u t\u00edm r\u1ef1c r\u1ee1, lan t\u1ecfa c\u00e1c l\u1edbp h\u01b0\u01a1ng th\u01a1m c\u1ee7a l\u00fd chua \u0111en, h\u1ed3 \u0111\u00e0o x\u00f4ng kh\u00f3i, hoa h\u1ed3i, tar, \u0111inh h\u01b0\u01a1ng v\u00e0 b\u1ea1c h\u00e0. V\u1ecb r\u01b0\u1ee3u b\u00f9ng n\u1ed5 h\u01b0\u01a1ng hoa qu\u1ea3, v\u1ecb ch\u00e1t c\u00e2n b\u1eb1ng v\u00e0 s\u1eafc n\u00e9t, \u0111em l\u1ea1i t\u1ed5ng th\u1ec3 h\u00e0i h\u00f2a, d\u1ec5 ch\u1ecbu cho d\u00f2ng\u00a0vang \u0111\u1ecf\u00a0n\u00e0y.<\/p>\n","protected":false},"excerpt":{"rendered":"<p>Two Hands Sexy Beast Cabernet Sauvignon\u00a0c\u00f3 m\u00e0u t\u00edm r\u1ef1c r\u1ee1, lan t\u1ecfa c\u00e1c l\u1edbp h\u01b0\u01a1ng th\u01a1m c\u1ee7a l\u00fd chua \u0111en, h\u1ed3 \u0111\u00e0o x\u00f4ng kh\u00f3i, hoa h\u1ed3i, tar, \u0111inh h\u01b0\u01a1ng v\u00e0 b\u1ea1c h\u00e0. V\u1ecb r\u01b0\u1ee3u b\u00f9ng n\u1ed5 h\u01b0\u01a1ng hoa qu\u1ea3, v\u1ecb ch\u00e1t c\u00e2n b\u1eb1ng v\u00e0 s\u1eafc n\u00e9t, \u0111em l\u1ea1i t\u1ed5ng th\u1ec3 h\u00e0i h\u00f2a, d\u1ec5 ch\u1ecbu cho &#8230;<\/p>\n","protected":false},"featured_media":905,"comment_status":"open","ping_status":"closed","template":"","meta":[],"pwb-brand":[],"product_cat":[17,76],"product_tag":[],"brands":[],"_links":{"self":[{"href":"https:\/\/pluginviet.com\/mau44\/wp-json\/wp\/v2\/product\/753"}],"collection":[{"href":"https:\/\/pluginviet.com\/mau44\/wp-json\/wp\/v2\/product"}],"about":[{"href":"https:\/\/pluginviet.com\/mau44\/wp-json\/wp\/v2\/types\/product"}],"replies":[{"embeddable":true,"href":"https:\/\/pluginviet.com\/mau44\/wp-json\/wp\/v2\/comments?post=753"}],"wp:featuredmedia":[{"embeddable":true,"href":"https:\/\/pluginviet.com\/mau44\/wp-json\/wp\/v2\/media\/905"}],"wp:attachment":[{"href":"https:\/\/pluginviet.com\/mau44\/wp-json\/wp\/v2\/media?parent=753"}],"wp:term":[{"taxonomy":"pwb-brand","embeddable":true,"href":"https:\/\/pluginviet.com\/mau44\/wp-json\/wp\/v2\/pwb-brand?post=753"},{"taxonomy":"product_cat","embeddable":true,"href":"https:\/\/pluginviet.com\/mau44\/wp-json\/wp\/v2\/product_cat?post=753"},{"taxonomy":"product_tag","embeddable":true,"href":"https:\/\/pluginviet.com\/mau44\/wp-json\/wp\/v2\/product_tag?post=753"}],"curies":[{"name":"wp","href":"https:\/\/api.w.org\/{rel}","templated":true}]}}