{"id":751,"date":"2022-07-21T15:51:52","date_gmt":"2022-07-21T08:51:52","guid":{"rendered":"https:\/\/khomaudep.com\/mauruou\/?post_type=product&#038;p=751"},"modified":"2022-07-21T19:45:16","modified_gmt":"2022-07-21T12:45:16","slug":"schild-estate-shiraz","status":"publish","type":"product","link":"https:\/\/pluginviet.com\/mau44\/san-pham\/schild-estate-shiraz\/","title":{"rendered":"Schild Estate Shiraz"},"content":{"rendered":"<p>\u0110\u01b0\u1ee3c l\u00e0m t\u1eeb gi\u1ed1ng nho Shiraz. Gi\u1ed1ng nho \u0111en n\u00e0y \u0111\u01b0\u1ee3c coi l\u00e0 m\u1ed9t trong nh\u1eefng gi\u1ed1ng nho huy\u1ec1n tho\u1ea1i. N\u00f3 mang \u0111\u1ebfn h\u01b0\u01a1ng v\u1ecb tuy\u1ec7t h\u1ea3o c\u1ee7a ho\u00e0ng gia. Lo\u00e0i nho n\u00e0y v\u00f4 c\u00f9ng th\u01a1m ngon. Do \u0111\u00f3, nh\u1eefng chai r\u01b0\u1ee3u Shiraz r\u1ea5t \u0111\u01b0\u1ee3c y\u00eau th\u00edch v\u00e0 s\u0103n \u0111\u00f3n tr\u00ean to\u00e0n th\u1ebf gi\u1eddi.<\/p>\n","protected":false},"excerpt":{"rendered":"<p>\u0110\u01b0\u1ee3c l\u00e0m t\u1eeb gi\u1ed1ng nho Shiraz. Gi\u1ed1ng nho \u0111en n\u00e0y \u0111\u01b0\u1ee3c coi l\u00e0 m\u1ed9t trong nh\u1eefng gi\u1ed1ng nho huy\u1ec1n tho\u1ea1i. N\u00f3 mang \u0111\u1ebfn h\u01b0\u01a1ng v\u1ecb tuy\u1ec7t h\u1ea3o c\u1ee7a ho\u00e0ng gia. Lo\u00e0i nho n\u00e0y v\u00f4 c\u00f9ng th\u01a1m ngon. Do \u0111\u00f3, nh\u1eefng chai r\u01b0\u1ee3u Shiraz r\u1ea5t \u0111\u01b0\u1ee3c y\u00eau th\u00edch v\u00e0 s\u0103n \u0111\u00f3n tr\u00ean to\u00e0n th\u1ebf gi\u1eddi.<\/p>\n","protected":false},"featured_media":903,"comment_status":"open","ping_status":"closed","template":"","meta":[],"pwb-brand":[],"product_cat":[17,76],"product_tag":[],"brands":[],"_links":{"self":[{"href":"https:\/\/pluginviet.com\/mau44\/wp-json\/wp\/v2\/product\/751"}],"collection":[{"href":"https:\/\/pluginviet.com\/mau44\/wp-json\/wp\/v2\/product"}],"about":[{"href":"https:\/\/pluginviet.com\/mau44\/wp-json\/wp\/v2\/types\/product"}],"replies":[{"embeddable":true,"href":"https:\/\/pluginviet.com\/mau44\/wp-json\/wp\/v2\/comments?post=751"}],"wp:featuredmedia":[{"embeddable":true,"href":"https:\/\/pluginviet.com\/mau44\/wp-json\/wp\/v2\/media\/903"}],"wp:attachment":[{"href":"https:\/\/pluginviet.com\/mau44\/wp-json\/wp\/v2\/media?parent=751"}],"wp:term":[{"taxonomy":"pwb-brand","embeddable":true,"href":"https:\/\/pluginviet.com\/mau44\/wp-json\/wp\/v2\/pwb-brand?post=751"},{"taxonomy":"product_cat","embeddable":true,"href":"https:\/\/pluginviet.com\/mau44\/wp-json\/wp\/v2\/product_cat?post=751"},{"taxonomy":"product_tag","embeddable":true,"href":"https:\/\/pluginviet.com\/mau44\/wp-json\/wp\/v2\/product_tag?post=751"}],"curies":[{"name":"wp","href":"https:\/\/api.w.org\/{rel}","templated":true}]}}