{"id":750,"date":"2022-07-21T15:51:07","date_gmt":"2022-07-21T08:51:07","guid":{"rendered":"https:\/\/khomaudep.com\/mauruou\/?post_type=product&#038;p=750"},"modified":"2022-07-21T19:47:35","modified_gmt":"2022-07-21T12:47:35","slug":"ruou-vang-salentein-barrel-selection-cabernet-sauvignon-2","status":"publish","type":"product","link":"https:\/\/pluginviet.com\/mau44\/san-pham\/ruou-vang-salentein-barrel-selection-cabernet-sauvignon-2\/","title":{"rendered":"R\u01b0\u1ee3u Vang Salentein Barrel Selection Cabernet Sauvignon"},"content":{"rendered":"<p>Selection Cabernet Sauvignonng\u01b0\u1eddi d\u00f9ng nghe \u0111\u1ebfn lo\u1ea1i nho \u0111\u00e3 bi\u1ebft vang cho v\u1ecb chua kh\u00e1 nhi\u1ec1u. Tuy nhi\u00ean, vang c\u00f2n cung c\u1ea5p nh\u1eefng h\u01b0\u01a1ng v\u1ecb kh\u00e1c tr\u00ean v\u00f2m mi\u1ec7ng. \u0110\u00f3 l\u00e0 s\u1ef1 m\u1ec1m m\u1ea1i trong c\u1ea5u tr\u00fac v\u00e0 tannin ng\u01b0\u1eddi d\u00f9ng. L\u01b0\u1ee3ng tr\u00e1i c\u00e2y ho\u00e0n h\u1ea3o th\u1ec3 hi\u1ec7n m\u1ed9t c\u00e1ch r\u00f5 r\u00e0ng t\u00ednh n\u0103ng c\u1ee7a ch\u00fang<\/p>\n","protected":false},"excerpt":{"rendered":"<p>Selection Cabernet Sauvignonng\u01b0\u1eddi d\u00f9ng nghe \u0111\u1ebfn lo\u1ea1i nho \u0111\u00e3 bi\u1ebft vang cho v\u1ecb chua kh\u00e1 nhi\u1ec1u. Tuy nhi\u00ean, vang c\u00f2n cung c\u1ea5p nh\u1eefng h\u01b0\u01a1ng v\u1ecb kh\u00e1c tr\u00ean v\u00f2m mi\u1ec7ng. \u0110\u00f3 l\u00e0 s\u1ef1 m\u1ec1m m\u1ea1i trong c\u1ea5u tr\u00fac v\u00e0 tannin ng\u01b0\u1eddi d\u00f9ng. L\u01b0\u1ee3ng tr\u00e1i c\u00e2y ho\u00e0n h\u1ea3o th\u1ec3 hi\u1ec7n m\u1ed9t c\u00e1ch r\u00f5 r\u00e0ng t\u00ednh n\u0103ng c\u1ee7a &#8230;<\/p>\n","protected":false},"featured_media":912,"comment_status":"open","ping_status":"closed","template":"","meta":[],"pwb-brand":[],"product_cat":[17,77],"product_tag":[],"brands":[],"_links":{"self":[{"href":"https:\/\/pluginviet.com\/mau44\/wp-json\/wp\/v2\/product\/750"}],"collection":[{"href":"https:\/\/pluginviet.com\/mau44\/wp-json\/wp\/v2\/product"}],"about":[{"href":"https:\/\/pluginviet.com\/mau44\/wp-json\/wp\/v2\/types\/product"}],"replies":[{"embeddable":true,"href":"https:\/\/pluginviet.com\/mau44\/wp-json\/wp\/v2\/comments?post=750"}],"wp:featuredmedia":[{"embeddable":true,"href":"https:\/\/pluginviet.com\/mau44\/wp-json\/wp\/v2\/media\/912"}],"wp:attachment":[{"href":"https:\/\/pluginviet.com\/mau44\/wp-json\/wp\/v2\/media?parent=750"}],"wp:term":[{"taxonomy":"pwb-brand","embeddable":true,"href":"https:\/\/pluginviet.com\/mau44\/wp-json\/wp\/v2\/pwb-brand?post=750"},{"taxonomy":"product_cat","embeddable":true,"href":"https:\/\/pluginviet.com\/mau44\/wp-json\/wp\/v2\/product_cat?post=750"},{"taxonomy":"product_tag","embeddable":true,"href":"https:\/\/pluginviet.com\/mau44\/wp-json\/wp\/v2\/product_tag?post=750"}],"curies":[{"name":"wp","href":"https:\/\/api.w.org\/{rel}","templated":true}]}}