{"id":749,"date":"2022-07-21T15:49:43","date_gmt":"2022-07-21T08:49:43","guid":{"rendered":"https:\/\/khomaudep.com\/mauruou\/?post_type=product&#038;p=749"},"modified":"2022-07-21T19:47:39","modified_gmt":"2022-07-21T12:47:39","slug":"ruou-vang-argentina-salentein-gran-vu-blend","status":"publish","type":"product","link":"https:\/\/pluginviet.com\/mau44\/san-pham\/ruou-vang-argentina-salentein-gran-vu-blend\/","title":{"rendered":"R\u01b0\u1ee3u Vang Argentina\u00a0Salentein\u00a0Gran VU Blend"},"content":{"rendered":"<p>H\u01b0\u01a1ng th\u01a1m ph\u1ee9c t\u1ea1p c\u1ee7a c\u1ea3m th\u1ea3o, tr\u00e1i c\u00e2y \u0111en v\u00e0 tinh d\u1ea7u b\u1ea1c h\u00e0. C\u1ea5u tr\u00fac r\u01b0\u1ee3u vang thanh l\u1ecbch v\u1edbi tannin m\u1ecbn, m\u01b0\u1ee3t m\u00e0. Cung c\u1ea5p v\u1ecb tr\u00e1i c\u00e2y \u0111en phong ph\u00fa v\u1edbi m\u1ed9t k\u1ebft th\u00fac l\u00e2u<\/p>\n","protected":false},"excerpt":{"rendered":"<p>H\u01b0\u01a1ng th\u01a1m ph\u1ee9c t\u1ea1p c\u1ee7a c\u1ea3m th\u1ea3o, tr\u00e1i c\u00e2y \u0111en v\u00e0 tinh d\u1ea7u b\u1ea1c h\u00e0. C\u1ea5u tr\u00fac r\u01b0\u1ee3u vang thanh l\u1ecbch v\u1edbi tannin m\u1ecbn, m\u01b0\u1ee3t m\u00e0. Cung c\u1ea5p v\u1ecb tr\u00e1i c\u00e2y \u0111en phong ph\u00fa v\u1edbi m\u1ed9t k\u1ebft th\u00fac l\u00e2u<\/p>\n","protected":false},"featured_media":911,"comment_status":"open","ping_status":"closed","template":"","meta":[],"pwb-brand":[],"product_cat":[17,77],"product_tag":[],"brands":[],"_links":{"self":[{"href":"https:\/\/pluginviet.com\/mau44\/wp-json\/wp\/v2\/product\/749"}],"collection":[{"href":"https:\/\/pluginviet.com\/mau44\/wp-json\/wp\/v2\/product"}],"about":[{"href":"https:\/\/pluginviet.com\/mau44\/wp-json\/wp\/v2\/types\/product"}],"replies":[{"embeddable":true,"href":"https:\/\/pluginviet.com\/mau44\/wp-json\/wp\/v2\/comments?post=749"}],"wp:featuredmedia":[{"embeddable":true,"href":"https:\/\/pluginviet.com\/mau44\/wp-json\/wp\/v2\/media\/911"}],"wp:attachment":[{"href":"https:\/\/pluginviet.com\/mau44\/wp-json\/wp\/v2\/media?parent=749"}],"wp:term":[{"taxonomy":"pwb-brand","embeddable":true,"href":"https:\/\/pluginviet.com\/mau44\/wp-json\/wp\/v2\/pwb-brand?post=749"},{"taxonomy":"product_cat","embeddable":true,"href":"https:\/\/pluginviet.com\/mau44\/wp-json\/wp\/v2\/product_cat?post=749"},{"taxonomy":"product_tag","embeddable":true,"href":"https:\/\/pluginviet.com\/mau44\/wp-json\/wp\/v2\/product_tag?post=749"}],"curies":[{"name":"wp","href":"https:\/\/api.w.org\/{rel}","templated":true}]}}