{"id":748,"date":"2022-07-21T15:48:54","date_gmt":"2022-07-21T08:48:54","guid":{"rendered":"https:\/\/khomaudep.com\/mauruou\/?post_type=product&#038;p=748"},"modified":"2022-07-21T19:47:43","modified_gmt":"2022-07-21T12:47:43","slug":"uno-cabernet-sauvignon","status":"publish","type":"product","link":"https:\/\/pluginviet.com\/mau44\/san-pham\/uno-cabernet-sauvignon\/","title":{"rendered":"Uno Cabernet Sauvignon"},"content":{"rendered":"<p>M\u00e0u ruby s\u1eadm \u00e1nh \u0111en. R\u01b0\u1ee3u th\u01a1m m\u00f9i tr\u00e1i c\u00e2y m\u00e0u \u0111\u1ecf nh\u01b0 anh \u0111\u00e0o, nh\u1ea5n m\u1ea1nh v\u1edbi c\u00e1c ghi ch\u00fa c\u1ee7a h\u1ea1t ti\u00eau, thu\u1ed1c l\u00e1, v\u00e0 cacao. Tannin m\u1ea1nh m\u1ebd nh\u01b0ng \u00eam tr\u00f2n, v\u00e0 l\u00e2u d\u00e0i. R\u01b0\u1ee3u th\u00edch h\u1ee3p \u1ee7 l\u00e2u, nh\u01b0ng c\u00f3 th\u1ec3 \u0111\u01b0\u1ee3c h\u01b0\u1edfng ngay v\u1edbi c\u00e1c lo\u1ea1i th\u1ecbt n\u01b0\u1edbng.<\/p>\n","protected":false},"excerpt":{"rendered":"<p>M\u00e0u ruby s\u1eadm \u00e1nh \u0111en. R\u01b0\u1ee3u th\u01a1m m\u00f9i tr\u00e1i c\u00e2y m\u00e0u \u0111\u1ecf nh\u01b0 anh \u0111\u00e0o, nh\u1ea5n m\u1ea1nh v\u1edbi c\u00e1c ghi ch\u00fa c\u1ee7a h\u1ea1t ti\u00eau, thu\u1ed1c l\u00e1, v\u00e0 cacao. Tannin m\u1ea1nh m\u1ebd nh\u01b0ng \u00eam tr\u00f2n, v\u00e0 l\u00e2u d\u00e0i. R\u01b0\u1ee3u th\u00edch h\u1ee3p \u1ee7 l\u00e2u, nh\u01b0ng c\u00f3 th\u1ec3 \u0111\u01b0\u1ee3c h\u01b0\u1edfng ngay v\u1edbi c\u00e1c lo\u1ea1i th\u1ecbt n\u01b0\u1edbng.<\/p>\n","protected":false},"featured_media":910,"comment_status":"open","ping_status":"closed","template":"","meta":[],"pwb-brand":[],"product_cat":[17,77],"product_tag":[],"brands":[],"_links":{"self":[{"href":"https:\/\/pluginviet.com\/mau44\/wp-json\/wp\/v2\/product\/748"}],"collection":[{"href":"https:\/\/pluginviet.com\/mau44\/wp-json\/wp\/v2\/product"}],"about":[{"href":"https:\/\/pluginviet.com\/mau44\/wp-json\/wp\/v2\/types\/product"}],"replies":[{"embeddable":true,"href":"https:\/\/pluginviet.com\/mau44\/wp-json\/wp\/v2\/comments?post=748"}],"wp:featuredmedia":[{"embeddable":true,"href":"https:\/\/pluginviet.com\/mau44\/wp-json\/wp\/v2\/media\/910"}],"wp:attachment":[{"href":"https:\/\/pluginviet.com\/mau44\/wp-json\/wp\/v2\/media?parent=748"}],"wp:term":[{"taxonomy":"pwb-brand","embeddable":true,"href":"https:\/\/pluginviet.com\/mau44\/wp-json\/wp\/v2\/pwb-brand?post=748"},{"taxonomy":"product_cat","embeddable":true,"href":"https:\/\/pluginviet.com\/mau44\/wp-json\/wp\/v2\/product_cat?post=748"},{"taxonomy":"product_tag","embeddable":true,"href":"https:\/\/pluginviet.com\/mau44\/wp-json\/wp\/v2\/product_tag?post=748"}],"curies":[{"name":"wp","href":"https:\/\/api.w.org\/{rel}","templated":true}]}}