{"id":747,"date":"2022-07-21T15:48:07","date_gmt":"2022-07-21T08:48:07","guid":{"rendered":"https:\/\/khomaudep.com\/mauruou\/?post_type=product&#038;p=747"},"modified":"2022-07-21T19:47:50","modified_gmt":"2022-07-21T12:47:50","slug":"ruou-vang-salentein-barrel-selection-cabernet-sauvignon","status":"publish","type":"product","link":"https:\/\/pluginviet.com\/mau44\/san-pham\/ruou-vang-salentein-barrel-selection-cabernet-sauvignon\/","title":{"rendered":"R\u01b0\u1ee3u vang SALENTEIN Barrel Selection Cabernet Sauvignon"},"content":{"rendered":"<p>Trong m\u0169i n\u00f3 hi\u1ec3n th\u1ecb bi\u1ec3u hi\u1ec7n r\u1ea5t t\u1ed1t v\u00e0 ghi ch\u00fa c\u1ee7a h\u1ea1t ti\u00eau \u0111en v\u00e0 blackcurrant n\u1ed5i b\u1eadt. Khi n\u1ebfm trong mi\u1ec7ng v\u1edbi c\u1ea5u tr\u00fac tannin t\u1ed1t v\u00e0 thanh l\u1ecbch c\u0169ng nh\u01b0 m\u1ed9t k\u1ebft th\u00fac d\u00e0i v\u00e0 k\u00e9o d\u00e0i.<\/p>\n","protected":false},"excerpt":{"rendered":"<p>Trong m\u0169i n\u00f3 hi\u1ec3n th\u1ecb bi\u1ec3u hi\u1ec7n r\u1ea5t t\u1ed1t v\u00e0 ghi ch\u00fa c\u1ee7a h\u1ea1t ti\u00eau \u0111en v\u00e0 blackcurrant n\u1ed5i b\u1eadt. Khi n\u1ebfm trong mi\u1ec7ng v\u1edbi c\u1ea5u tr\u00fac tannin t\u1ed1t v\u00e0 thanh l\u1ecbch c\u0169ng nh\u01b0 m\u1ed9t k\u1ebft th\u00fac d\u00e0i v\u00e0 k\u00e9o d\u00e0i.<\/p>\n","protected":false},"featured_media":909,"comment_status":"open","ping_status":"closed","template":"","meta":[],"pwb-brand":[],"product_cat":[17,77],"product_tag":[],"brands":[],"_links":{"self":[{"href":"https:\/\/pluginviet.com\/mau44\/wp-json\/wp\/v2\/product\/747"}],"collection":[{"href":"https:\/\/pluginviet.com\/mau44\/wp-json\/wp\/v2\/product"}],"about":[{"href":"https:\/\/pluginviet.com\/mau44\/wp-json\/wp\/v2\/types\/product"}],"replies":[{"embeddable":true,"href":"https:\/\/pluginviet.com\/mau44\/wp-json\/wp\/v2\/comments?post=747"}],"wp:featuredmedia":[{"embeddable":true,"href":"https:\/\/pluginviet.com\/mau44\/wp-json\/wp\/v2\/media\/909"}],"wp:attachment":[{"href":"https:\/\/pluginviet.com\/mau44\/wp-json\/wp\/v2\/media?parent=747"}],"wp:term":[{"taxonomy":"pwb-brand","embeddable":true,"href":"https:\/\/pluginviet.com\/mau44\/wp-json\/wp\/v2\/pwb-brand?post=747"},{"taxonomy":"product_cat","embeddable":true,"href":"https:\/\/pluginviet.com\/mau44\/wp-json\/wp\/v2\/product_cat?post=747"},{"taxonomy":"product_tag","embeddable":true,"href":"https:\/\/pluginviet.com\/mau44\/wp-json\/wp\/v2\/product_tag?post=747"}],"curies":[{"name":"wp","href":"https:\/\/api.w.org\/{rel}","templated":true}]}}