{"id":746,"date":"2022-07-21T15:47:09","date_gmt":"2022-07-21T08:47:09","guid":{"rendered":"https:\/\/khomaudep.com\/mauruou\/?post_type=product&#038;p=746"},"modified":"2022-07-21T19:47:53","modified_gmt":"2022-07-21T12:47:53","slug":"ruou-vang-salentein-barrel-selection-chardonnay","status":"publish","type":"product","link":"https:\/\/pluginviet.com\/mau44\/san-pham\/ruou-vang-salentein-barrel-selection-chardonnay\/","title":{"rendered":"R\u01b0\u1ee3u Vang Salentein Barrel Selection Chardonnay"},"content":{"rendered":"<p>\u0110\u00e2y l\u00e0 d\u00f2ng vang tr\u1eafng mang \u0111\u1ebfn h\u01b0\u01a1ng th\u01a1m v\u00e0 m\u00f9i v\u1ecb kh\u00e1 \u0111\u1ed9c \u0111\u00e1o, v\u00ec v\u1eady m\u00e0 n\u1ebfu b\u1ea1n ch\u01b0a bi\u1ebft ch\u1ecdn chai vang n\u00e0o cho b\u1eefa ti\u1ec7c c\u1ee7a m\u00ecnh th\u00ec \u0111\u00e2y l\u00e0 g\u1ee3i \u00fd t\u1ed1t nh\u1ea5t.<\/p>\n","protected":false},"excerpt":{"rendered":"<p>\u0110\u00e2y l\u00e0 d\u00f2ng vang tr\u1eafng mang \u0111\u1ebfn h\u01b0\u01a1ng th\u01a1m v\u00e0 m\u00f9i v\u1ecb kh\u00e1 \u0111\u1ed9c \u0111\u00e1o, v\u00ec v\u1eady m\u00e0 n\u1ebfu b\u1ea1n ch\u01b0a bi\u1ebft ch\u1ecdn chai vang n\u00e0o cho b\u1eefa ti\u1ec7c c\u1ee7a m\u00ecnh th\u00ec \u0111\u00e2y l\u00e0 g\u1ee3i \u00fd t\u1ed1t nh\u1ea5t.<\/p>\n","protected":false},"featured_media":908,"comment_status":"open","ping_status":"closed","template":"","meta":[],"pwb-brand":[],"product_cat":[17,77],"product_tag":[],"brands":[],"_links":{"self":[{"href":"https:\/\/pluginviet.com\/mau44\/wp-json\/wp\/v2\/product\/746"}],"collection":[{"href":"https:\/\/pluginviet.com\/mau44\/wp-json\/wp\/v2\/product"}],"about":[{"href":"https:\/\/pluginviet.com\/mau44\/wp-json\/wp\/v2\/types\/product"}],"replies":[{"embeddable":true,"href":"https:\/\/pluginviet.com\/mau44\/wp-json\/wp\/v2\/comments?post=746"}],"wp:featuredmedia":[{"embeddable":true,"href":"https:\/\/pluginviet.com\/mau44\/wp-json\/wp\/v2\/media\/908"}],"wp:attachment":[{"href":"https:\/\/pluginviet.com\/mau44\/wp-json\/wp\/v2\/media?parent=746"}],"wp:term":[{"taxonomy":"pwb-brand","embeddable":true,"href":"https:\/\/pluginviet.com\/mau44\/wp-json\/wp\/v2\/pwb-brand?post=746"},{"taxonomy":"product_cat","embeddable":true,"href":"https:\/\/pluginviet.com\/mau44\/wp-json\/wp\/v2\/product_cat?post=746"},{"taxonomy":"product_tag","embeddable":true,"href":"https:\/\/pluginviet.com\/mau44\/wp-json\/wp\/v2\/product_tag?post=746"}],"curies":[{"name":"wp","href":"https:\/\/api.w.org\/{rel}","templated":true}]}}