{"id":745,"date":"2022-07-21T15:44:29","date_gmt":"2022-07-21T08:44:29","guid":{"rendered":"https:\/\/khomaudep.com\/mauruou\/?post_type=product&#038;p=745"},"modified":"2022-07-21T19:52:40","modified_gmt":"2022-07-21T12:52:40","slug":"vang-anthony-rupert-syrah-2007","status":"publish","type":"product","link":"https:\/\/pluginviet.com\/mau44\/san-pham\/vang-anthony-rupert-syrah-2007\/","title":{"rendered":"Vang Anthony Rupert Syrah 2007"},"content":{"rendered":"<p>C\u00f3 v\u1ecb kh\u00f3i nh\u1eb9 c\u1ee7a cam th\u1ea3o. Ngo\u00e0i ra c\u00f2n m\u1ed9t s\u1ed1 v\u1ecb c\u00f3 th\u1ec3 c\u1ea3m nh\u1eadn tr\u00ean v\u00f2m h\u1ecdng\u2013 m\u1eadn v\u00e0 anh \u0111\u00e0o \u0111en, v\u1ecb gia v\u1ecb v\u00e0 kh\u00f3i, m\u1ed9t v\u00e0i v\u1ecb th\u1ea3o m\u1ed9c \u0111\u1eadm n\u00e9t, v\u1ecb d\u1eeba s\u00e2u l\u1eafng v\u00e0 s\u00f4 c\u00f4 la \u0111en.<\/p>\n","protected":false},"excerpt":{"rendered":"<p>C\u00f3 v\u1ecb kh\u00f3i nh\u1eb9 c\u1ee7a cam th\u1ea3o. Ngo\u00e0i ra c\u00f2n m\u1ed9t s\u1ed1 v\u1ecb c\u00f3 th\u1ec3 c\u1ea3m nh\u1eadn tr\u00ean v\u00f2m h\u1ecdng\u2013 m\u1eadn v\u00e0 anh \u0111\u00e0o \u0111en, v\u1ecb gia v\u1ecb v\u00e0 kh\u00f3i, m\u1ed9t v\u00e0i v\u1ecb th\u1ea3o m\u1ed9c \u0111\u1eadm n\u00e9t, v\u1ecb d\u1eeba s\u00e2u l\u1eafng v\u00e0 s\u00f4 c\u00f4 la \u0111en.<\/p>\n","protected":false},"featured_media":924,"comment_status":"open","ping_status":"closed","template":"","meta":[],"pwb-brand":[],"product_cat":[17,78],"product_tag":[],"brands":[],"_links":{"self":[{"href":"https:\/\/pluginviet.com\/mau44\/wp-json\/wp\/v2\/product\/745"}],"collection":[{"href":"https:\/\/pluginviet.com\/mau44\/wp-json\/wp\/v2\/product"}],"about":[{"href":"https:\/\/pluginviet.com\/mau44\/wp-json\/wp\/v2\/types\/product"}],"replies":[{"embeddable":true,"href":"https:\/\/pluginviet.com\/mau44\/wp-json\/wp\/v2\/comments?post=745"}],"wp:featuredmedia":[{"embeddable":true,"href":"https:\/\/pluginviet.com\/mau44\/wp-json\/wp\/v2\/media\/924"}],"wp:attachment":[{"href":"https:\/\/pluginviet.com\/mau44\/wp-json\/wp\/v2\/media?parent=745"}],"wp:term":[{"taxonomy":"pwb-brand","embeddable":true,"href":"https:\/\/pluginviet.com\/mau44\/wp-json\/wp\/v2\/pwb-brand?post=745"},{"taxonomy":"product_cat","embeddable":true,"href":"https:\/\/pluginviet.com\/mau44\/wp-json\/wp\/v2\/product_cat?post=745"},{"taxonomy":"product_tag","embeddable":true,"href":"https:\/\/pluginviet.com\/mau44\/wp-json\/wp\/v2\/product_tag?post=745"}],"curies":[{"name":"wp","href":"https:\/\/api.w.org\/{rel}","templated":true}]}}