{"id":744,"date":"2022-07-21T15:43:27","date_gmt":"2022-07-21T08:43:27","guid":{"rendered":"https:\/\/khomaudep.com\/mauruou\/?post_type=product&#038;p=744"},"modified":"2022-07-21T19:52:35","modified_gmt":"2022-07-21T12:52:35","slug":"vang-nam-phi-anthonij-rupert-optima","status":"publish","type":"product","link":"https:\/\/pluginviet.com\/mau44\/san-pham\/vang-nam-phi-anthonij-rupert-optima\/","title":{"rendered":"Vang Nam Phi Anthonij Rupert Optima"},"content":{"rendered":"<p>H\u01b0\u01a1ng v\u1ecb: d\u00e2u \u0111en, m\u1eadn, l\u00e0 c\u00e2y l\u00fd chua \u0111en, ti\u00eau \u0111en nghi\u1ec1n, hoa t\u00edm, cassis, tuy\u1ebft t\u00f9ng, g\u1ed7 \u0111\u00e0n h\u01b0\u01a1ng, thu\u1ed1c l\u00e1. K\u1ebft c\u1ea5u \u00eam m\u01b0\u1ee3t nh\u01b0 nhung, h\u01b0\u01a1ng tr\u00e1i c\u00e2y lan t\u1ecfa nh\u1eb9 nh\u00e0ng h\u00e0i h\u00f2a v\u1edbi m\u00f9i g\u1ed7 s\u1ed3i. Thanh l\u1ecbch kh\u00f4ng ph\u00f4 tr\u01b0\u01a1ng.<\/p>\n","protected":false},"excerpt":{"rendered":"<p>H\u01b0\u01a1ng v\u1ecb: d\u00e2u \u0111en, m\u1eadn, l\u00e0 c\u00e2y l\u00fd chua \u0111en, ti\u00eau \u0111en nghi\u1ec1n, hoa t\u00edm, cassis, tuy\u1ebft t\u00f9ng, g\u1ed7 \u0111\u00e0n h\u01b0\u01a1ng, thu\u1ed1c l\u00e1. K\u1ebft c\u1ea5u \u00eam m\u01b0\u1ee3t nh\u01b0 nhung, h\u01b0\u01a1ng tr\u00e1i c\u00e2y lan t\u1ecfa nh\u1eb9 nh\u00e0ng h\u00e0i h\u00f2a v\u1edbi m\u00f9i g\u1ed7 s\u1ed3i. Thanh l\u1ecbch kh\u00f4ng ph\u00f4 tr\u01b0\u01a1ng.<\/p>\n","protected":false},"featured_media":923,"comment_status":"open","ping_status":"closed","template":"","meta":[],"pwb-brand":[],"product_cat":[17,78],"product_tag":[],"brands":[],"_links":{"self":[{"href":"https:\/\/pluginviet.com\/mau44\/wp-json\/wp\/v2\/product\/744"}],"collection":[{"href":"https:\/\/pluginviet.com\/mau44\/wp-json\/wp\/v2\/product"}],"about":[{"href":"https:\/\/pluginviet.com\/mau44\/wp-json\/wp\/v2\/types\/product"}],"replies":[{"embeddable":true,"href":"https:\/\/pluginviet.com\/mau44\/wp-json\/wp\/v2\/comments?post=744"}],"wp:featuredmedia":[{"embeddable":true,"href":"https:\/\/pluginviet.com\/mau44\/wp-json\/wp\/v2\/media\/923"}],"wp:attachment":[{"href":"https:\/\/pluginviet.com\/mau44\/wp-json\/wp\/v2\/media?parent=744"}],"wp:term":[{"taxonomy":"pwb-brand","embeddable":true,"href":"https:\/\/pluginviet.com\/mau44\/wp-json\/wp\/v2\/pwb-brand?post=744"},{"taxonomy":"product_cat","embeddable":true,"href":"https:\/\/pluginviet.com\/mau44\/wp-json\/wp\/v2\/product_cat?post=744"},{"taxonomy":"product_tag","embeddable":true,"href":"https:\/\/pluginviet.com\/mau44\/wp-json\/wp\/v2\/product_tag?post=744"}],"curies":[{"name":"wp","href":"https:\/\/api.w.org\/{rel}","templated":true}]}}