{"id":743,"date":"2022-07-21T15:42:38","date_gmt":"2022-07-21T08:42:38","guid":{"rendered":"https:\/\/khomaudep.com\/mauruou\/?post_type=product&#038;p=743"},"modified":"2022-07-21T19:52:39","modified_gmt":"2022-07-21T12:52:39","slug":"vang-anthonij-rupert-merlot-2006","status":"publish","type":"product","link":"https:\/\/pluginviet.com\/mau44\/san-pham\/vang-anthonij-rupert-merlot-2006\/","title":{"rendered":"Vang Anthonij Rupert Merlot 2006"},"content":{"rendered":"<p>R\u01b0\u1ee3u n\u1ed5i b\u1eadt l\u00ean v\u1edbi h\u01b0\u01a1ng d\u00e2u v\u00e0 l\u00fd chua \u0111en ng\u00e0o ng\u1ea1t quy\u1ebfn r\u0169. Th\u01b0\u1edfng th\u1ee9c r\u01b0\u1ee3u c\u1ea3m nh\u1eadn v\u1ecb b\u00e1nh pudding nho kh\u00f4 \u0111\u1eadm \u0111\u00e0<\/p>\n","protected":false},"excerpt":{"rendered":"<p>R\u01b0\u1ee3u n\u1ed5i b\u1eadt l\u00ean v\u1edbi h\u01b0\u01a1ng d\u00e2u v\u00e0 l\u00fd chua \u0111en ng\u00e0o ng\u1ea1t quy\u1ebfn r\u0169. Th\u01b0\u1edfng th\u1ee9c r\u01b0\u1ee3u c\u1ea3m nh\u1eadn v\u1ecb b\u00e1nh pudding nho kh\u00f4 \u0111\u1eadm \u0111\u00e0<\/p>\n","protected":false},"featured_media":922,"comment_status":"open","ping_status":"closed","template":"","meta":[],"pwb-brand":[],"product_cat":[17,78],"product_tag":[],"brands":[],"_links":{"self":[{"href":"https:\/\/pluginviet.com\/mau44\/wp-json\/wp\/v2\/product\/743"}],"collection":[{"href":"https:\/\/pluginviet.com\/mau44\/wp-json\/wp\/v2\/product"}],"about":[{"href":"https:\/\/pluginviet.com\/mau44\/wp-json\/wp\/v2\/types\/product"}],"replies":[{"embeddable":true,"href":"https:\/\/pluginviet.com\/mau44\/wp-json\/wp\/v2\/comments?post=743"}],"wp:featuredmedia":[{"embeddable":true,"href":"https:\/\/pluginviet.com\/mau44\/wp-json\/wp\/v2\/media\/922"}],"wp:attachment":[{"href":"https:\/\/pluginviet.com\/mau44\/wp-json\/wp\/v2\/media?parent=743"}],"wp:term":[{"taxonomy":"pwb-brand","embeddable":true,"href":"https:\/\/pluginviet.com\/mau44\/wp-json\/wp\/v2\/pwb-brand?post=743"},{"taxonomy":"product_cat","embeddable":true,"href":"https:\/\/pluginviet.com\/mau44\/wp-json\/wp\/v2\/product_cat?post=743"},{"taxonomy":"product_tag","embeddable":true,"href":"https:\/\/pluginviet.com\/mau44\/wp-json\/wp\/v2\/product_tag?post=743"}],"curies":[{"name":"wp","href":"https:\/\/api.w.org\/{rel}","templated":true}]}}