{"id":742,"date":"2022-07-21T15:41:48","date_gmt":"2022-07-21T08:41:48","guid":{"rendered":"https:\/\/khomaudep.com\/mauruou\/?post_type=product&#038;p=742"},"modified":"2022-07-21T19:52:28","modified_gmt":"2022-07-21T12:52:28","slug":"anthonij-rupert-cabernet-sauvignon-20106-x-75cl-5","status":"publish","type":"product","link":"https:\/\/pluginviet.com\/mau44\/san-pham\/anthonij-rupert-cabernet-sauvignon-20106-x-75cl-5\/","title":{"rendered":"Anthonij Rupert Cabernet sauvignon 2010(6 x 75cl) (5)"},"content":{"rendered":"<p>R\u01b0\u1ee3u c\u00f3 h\u01b0\u01a1ng v\u1ecb c\u1ee7a l\u00fd chua \u0111en, hoa vilotet ng\u00e0o ng\u1ea1t v\u00e0 hi\u1ec3n th\u1ecb v\u1ebb \u0111\u1eb9p s\u1eafc th\u00e1i ch\u00e2n th\u1ef1c trong t\u1eebng ng\u1ee5m th\u01b0\u1edfng th\u1ee9c. V\u00f2m h\u1ecdng th\u1ea5m \u0111\u1eabm v\u1ecb l\u00fd chua \u0111en, b\u00e1nh hoa qu\u1ea3, th\u1ea5m \u0111\u01b0\u1ee3m v\u1ecb c\u00e0 ph\u00ea mocha s\u00e2u l\u1eafng v\u00e0 tho\u1ea3ng m\u00f9i h\u01b0\u01a1ng violet.<\/p>\n","protected":false},"excerpt":{"rendered":"<p>R\u01b0\u1ee3u c\u00f3 h\u01b0\u01a1ng v\u1ecb c\u1ee7a l\u00fd chua \u0111en, hoa vilotet ng\u00e0o ng\u1ea1t v\u00e0 hi\u1ec3n th\u1ecb v\u1ebb \u0111\u1eb9p s\u1eafc th\u00e1i ch\u00e2n th\u1ef1c trong t\u1eebng ng\u1ee5m th\u01b0\u1edfng th\u1ee9c. V\u00f2m h\u1ecdng th\u1ea5m \u0111\u1eabm v\u1ecb l\u00fd chua \u0111en, b\u00e1nh hoa qu\u1ea3, th\u1ea5m \u0111\u01b0\u1ee3m v\u1ecb c\u00e0 ph\u00ea mocha s\u00e2u l\u1eafng v\u00e0 tho\u1ea3ng m\u00f9i h\u01b0\u01a1ng violet.<\/p>\n","protected":false},"featured_media":921,"comment_status":"open","ping_status":"closed","template":"","meta":[],"pwb-brand":[],"product_cat":[17,78],"product_tag":[],"brands":[],"_links":{"self":[{"href":"https:\/\/pluginviet.com\/mau44\/wp-json\/wp\/v2\/product\/742"}],"collection":[{"href":"https:\/\/pluginviet.com\/mau44\/wp-json\/wp\/v2\/product"}],"about":[{"href":"https:\/\/pluginviet.com\/mau44\/wp-json\/wp\/v2\/types\/product"}],"replies":[{"embeddable":true,"href":"https:\/\/pluginviet.com\/mau44\/wp-json\/wp\/v2\/comments?post=742"}],"wp:featuredmedia":[{"embeddable":true,"href":"https:\/\/pluginviet.com\/mau44\/wp-json\/wp\/v2\/media\/921"}],"wp:attachment":[{"href":"https:\/\/pluginviet.com\/mau44\/wp-json\/wp\/v2\/media?parent=742"}],"wp:term":[{"taxonomy":"pwb-brand","embeddable":true,"href":"https:\/\/pluginviet.com\/mau44\/wp-json\/wp\/v2\/pwb-brand?post=742"},{"taxonomy":"product_cat","embeddable":true,"href":"https:\/\/pluginviet.com\/mau44\/wp-json\/wp\/v2\/product_cat?post=742"},{"taxonomy":"product_tag","embeddable":true,"href":"https:\/\/pluginviet.com\/mau44\/wp-json\/wp\/v2\/product_tag?post=742"}],"curies":[{"name":"wp","href":"https:\/\/api.w.org\/{rel}","templated":true}]}}