{"id":741,"date":"2022-07-21T15:41:02","date_gmt":"2022-07-21T08:41:02","guid":{"rendered":"https:\/\/khomaudep.com\/mauruou\/?post_type=product&#038;p=741"},"modified":"2022-07-21T19:52:26","modified_gmt":"2022-07-21T12:52:26","slug":"ruou-vang-anthonij-rupert-syrah","status":"publish","type":"product","link":"https:\/\/pluginviet.com\/mau44\/san-pham\/ruou-vang-anthonij-rupert-syrah\/","title":{"rendered":"R\u01af\u1ee2U VANG ANTHONIJ RUPERT SYRAH"},"content":{"rendered":"<p>R\u01b0\u1ee3u vang Anthony Rupert Syrah\u00a0h\u1ea5p d\u1eabn b\u1edfi m\u00f9i m\u1eadn ch\u00edn v\u00e0 hoa t\u00edm, tr\u00f2n \u0111\u1ea7y h\u01b0\u01a1ng tr\u00e1i c\u00e2y \u0111en v\u1edbi v\u1ecb d\u1eeba b\u00f9i ng\u1eady, m\u1ecbn nh\u01b0 nhung. C\u00f3 c\u1ea5u tr\u00fac, tinh t\u1ebf, l\u1ecbch l\u00e3m tho\u1ea3ng h\u01b0\u01a1ng g\u1ed7 s\u1ed3i v\u00e0 h\u1eadu v\u1ecb k\u00e9o d\u00e0i b\u1ea5t t\u1eadn.<\/p>\n","protected":false},"excerpt":{"rendered":"<p>R\u01b0\u1ee3u vang Anthony Rupert Syrah\u00a0h\u1ea5p d\u1eabn b\u1edfi m\u00f9i m\u1eadn ch\u00edn v\u00e0 hoa t\u00edm, tr\u00f2n \u0111\u1ea7y h\u01b0\u01a1ng tr\u00e1i c\u00e2y \u0111en v\u1edbi v\u1ecb d\u1eeba b\u00f9i ng\u1eady, m\u1ecbn nh\u01b0 nhung. C\u00f3 c\u1ea5u tr\u00fac, tinh t\u1ebf, l\u1ecbch l\u00e3m tho\u1ea3ng h\u01b0\u01a1ng g\u1ed7 s\u1ed3i v\u00e0 h\u1eadu v\u1ecb k\u00e9o d\u00e0i b\u1ea5t t\u1eadn.<\/p>\n","protected":false},"featured_media":920,"comment_status":"open","ping_status":"closed","template":"","meta":[],"pwb-brand":[],"product_cat":[17,78],"product_tag":[],"brands":[],"_links":{"self":[{"href":"https:\/\/pluginviet.com\/mau44\/wp-json\/wp\/v2\/product\/741"}],"collection":[{"href":"https:\/\/pluginviet.com\/mau44\/wp-json\/wp\/v2\/product"}],"about":[{"href":"https:\/\/pluginviet.com\/mau44\/wp-json\/wp\/v2\/types\/product"}],"replies":[{"embeddable":true,"href":"https:\/\/pluginviet.com\/mau44\/wp-json\/wp\/v2\/comments?post=741"}],"wp:featuredmedia":[{"embeddable":true,"href":"https:\/\/pluginviet.com\/mau44\/wp-json\/wp\/v2\/media\/920"}],"wp:attachment":[{"href":"https:\/\/pluginviet.com\/mau44\/wp-json\/wp\/v2\/media?parent=741"}],"wp:term":[{"taxonomy":"pwb-brand","embeddable":true,"href":"https:\/\/pluginviet.com\/mau44\/wp-json\/wp\/v2\/pwb-brand?post=741"},{"taxonomy":"product_cat","embeddable":true,"href":"https:\/\/pluginviet.com\/mau44\/wp-json\/wp\/v2\/product_cat?post=741"},{"taxonomy":"product_tag","embeddable":true,"href":"https:\/\/pluginviet.com\/mau44\/wp-json\/wp\/v2\/product_tag?post=741"}],"curies":[{"name":"wp","href":"https:\/\/api.w.org\/{rel}","templated":true}]}}