{"id":740,"date":"2022-07-21T15:40:17","date_gmt":"2022-07-21T08:40:17","guid":{"rendered":"https:\/\/khomaudep.com\/mauruou\/?post_type=product&#038;p=740"},"modified":"2022-07-21T19:52:26","modified_gmt":"2022-07-21T12:52:26","slug":"ruou-vang-lady-may-glenelly","status":"publish","type":"product","link":"https:\/\/pluginviet.com\/mau44\/san-pham\/ruou-vang-lady-may-glenelly\/","title":{"rendered":"R\u01b0\u1ee3u Vang Lady May Glenelly"},"content":{"rendered":"<p>r\u01b0\u1ee3u\u00a0\u0111\u1ebfn cho b\u1ea1n nh\u1eefng h\u01b0\u01a1ng v\u1ecb th\u01a1m ngon t\u1eeb tr\u00e1i nho Cabernet Sauvignon \u0111\u1eb7c tr\u01b0ng. Ngo\u00e0i ra c\u00f2n c\u00f3 s\u1ef1 k\u1ebft h\u1ee3p c\u1ee7a qu\u1ea3 l\u00fd chua \u0111en, dark cherry v\u00e0 c\u00e1c kho\u00e1ng ch\u1ea5t. V\u00f2m h\u1ecdng c\u1ee7a b\u1ea1n s\u1ebd tr\u00e0n ng\u1eadp c\u00e1c h\u01b0\u01a1ng v\u1ecb t\u01b0\u01a1i m\u00e1t t\u1ea1o n\u00ean c\u1ea3m gi\u00e1c th\u01b0 gi\u00e3n v\u00e0 b\u1ea5t ng\u1edd trong t\u1eebng gi\u1ecdt r\u01b0\u1ee3u.<\/p>\n","protected":false},"excerpt":{"rendered":"<p>r\u01b0\u1ee3u\u00a0\u0111\u1ebfn cho b\u1ea1n nh\u1eefng h\u01b0\u01a1ng v\u1ecb th\u01a1m ngon t\u1eeb tr\u00e1i nho Cabernet Sauvignon \u0111\u1eb7c tr\u01b0ng. Ngo\u00e0i ra c\u00f2n c\u00f3 s\u1ef1 k\u1ebft h\u1ee3p c\u1ee7a qu\u1ea3 l\u00fd chua \u0111en, dark cherry v\u00e0 c\u00e1c kho\u00e1ng ch\u1ea5t. V\u00f2m h\u1ecdng c\u1ee7a b\u1ea1n s\u1ebd tr\u00e0n ng\u1eadp c\u00e1c h\u01b0\u01a1ng v\u1ecb t\u01b0\u01a1i m\u00e1t t\u1ea1o n\u00ean c\u1ea3m gi\u00e1c th\u01b0 gi\u00e3n v\u00e0 b\u1ea5t ng\u1edd trong &#8230;<\/p>\n","protected":false},"featured_media":919,"comment_status":"open","ping_status":"closed","template":"","meta":[],"pwb-brand":[],"product_cat":[17,78],"product_tag":[],"brands":[],"_links":{"self":[{"href":"https:\/\/pluginviet.com\/mau44\/wp-json\/wp\/v2\/product\/740"}],"collection":[{"href":"https:\/\/pluginviet.com\/mau44\/wp-json\/wp\/v2\/product"}],"about":[{"href":"https:\/\/pluginviet.com\/mau44\/wp-json\/wp\/v2\/types\/product"}],"replies":[{"embeddable":true,"href":"https:\/\/pluginviet.com\/mau44\/wp-json\/wp\/v2\/comments?post=740"}],"wp:featuredmedia":[{"embeddable":true,"href":"https:\/\/pluginviet.com\/mau44\/wp-json\/wp\/v2\/media\/919"}],"wp:attachment":[{"href":"https:\/\/pluginviet.com\/mau44\/wp-json\/wp\/v2\/media?parent=740"}],"wp:term":[{"taxonomy":"pwb-brand","embeddable":true,"href":"https:\/\/pluginviet.com\/mau44\/wp-json\/wp\/v2\/pwb-brand?post=740"},{"taxonomy":"product_cat","embeddable":true,"href":"https:\/\/pluginviet.com\/mau44\/wp-json\/wp\/v2\/product_cat?post=740"},{"taxonomy":"product_tag","embeddable":true,"href":"https:\/\/pluginviet.com\/mau44\/wp-json\/wp\/v2\/product_tag?post=740"}],"curies":[{"name":"wp","href":"https:\/\/api.w.org\/{rel}","templated":true}]}}