{"id":738,"date":"2022-07-21T15:38:33","date_gmt":"2022-07-21T08:38:33","guid":{"rendered":"https:\/\/khomaudep.com\/mauruou\/?post_type=product&#038;p=738"},"modified":"2022-07-21T19:52:17","modified_gmt":"2022-07-21T12:52:17","slug":"ruou-vang-cape-of-good-hope-riebeeksrivier-caroline","status":"publish","type":"product","link":"https:\/\/pluginviet.com\/mau44\/san-pham\/ruou-vang-cape-of-good-hope-riebeeksrivier-caroline\/","title":{"rendered":"R\u01b0\u1ee3u Vang Cape Of Good Hope Riebeeksrivier Caroline"},"content":{"rendered":"<p>R\u01b0\u1ee3u vang Cape Of Good Hope Riebeeksrivier Caroline\u00a0c\u00f3 xu\u1ea5t x\u1ee9 t\u1ea1i Nam Phi, \u0111\u01b0\u1ee3c l\u00e0m t\u1eeb gi\u1ed1ng nho Chenin Blanc, Roussanne v\u00e0 Viognier, n\u1ed3ng \u0111\u1ed9 c\u1ed3n 14.5%, v\u00e0 n\u00f3 c\u0169ng lu\u00f4n l\u00e0 ni\u1ec1m t\u1ef1 h\u00e0o c\u1ee7a nh\u00e0 s\u1ea3n xu\u1ea5t n\u00f3i chung b\u1edfi s\u1ee9c thu h\u00fat v\u00e0 quy\u1ebfn r\u0169 c\u1ee7a r\u01b0\u1ee3u \u0111\u1ec3 l\u1ea1i trong l\u00f2ng nh\u1eefng t\u00e2m h\u1ed3n th\u01b0\u1edfng th\u1ee9c r\u01b0\u1ee3u vang m\u1ed9t c\u00e1ch s\u00e2u s\u1eafc nh\u1ea5t.<\/p>\n","protected":false},"excerpt":{"rendered":"<p>R\u01b0\u1ee3u vang Cape Of Good Hope Riebeeksrivier Caroline\u00a0c\u00f3 xu\u1ea5t x\u1ee9 t\u1ea1i Nam Phi, \u0111\u01b0\u1ee3c l\u00e0m t\u1eeb gi\u1ed1ng nho Chenin Blanc, Roussanne v\u00e0 Viognier, n\u1ed3ng \u0111\u1ed9 c\u1ed3n 14.5%, v\u00e0 n\u00f3 c\u0169ng lu\u00f4n l\u00e0 ni\u1ec1m t\u1ef1 h\u00e0o c\u1ee7a nh\u00e0 s\u1ea3n xu\u1ea5t n\u00f3i chung b\u1edfi s\u1ee9c thu h\u00fat v\u00e0 quy\u1ebfn r\u0169 c\u1ee7a r\u01b0\u1ee3u \u0111\u1ec3 l\u1ea1i trong l\u00f2ng nh\u1eefng &#8230;<\/p>\n","protected":false},"featured_media":917,"comment_status":"open","ping_status":"closed","template":"","meta":[],"pwb-brand":[],"product_cat":[17,78],"product_tag":[],"brands":[],"_links":{"self":[{"href":"https:\/\/pluginviet.com\/mau44\/wp-json\/wp\/v2\/product\/738"}],"collection":[{"href":"https:\/\/pluginviet.com\/mau44\/wp-json\/wp\/v2\/product"}],"about":[{"href":"https:\/\/pluginviet.com\/mau44\/wp-json\/wp\/v2\/types\/product"}],"replies":[{"embeddable":true,"href":"https:\/\/pluginviet.com\/mau44\/wp-json\/wp\/v2\/comments?post=738"}],"wp:featuredmedia":[{"embeddable":true,"href":"https:\/\/pluginviet.com\/mau44\/wp-json\/wp\/v2\/media\/917"}],"wp:attachment":[{"href":"https:\/\/pluginviet.com\/mau44\/wp-json\/wp\/v2\/media?parent=738"}],"wp:term":[{"taxonomy":"pwb-brand","embeddable":true,"href":"https:\/\/pluginviet.com\/mau44\/wp-json\/wp\/v2\/pwb-brand?post=738"},{"taxonomy":"product_cat","embeddable":true,"href":"https:\/\/pluginviet.com\/mau44\/wp-json\/wp\/v2\/product_cat?post=738"},{"taxonomy":"product_tag","embeddable":true,"href":"https:\/\/pluginviet.com\/mau44\/wp-json\/wp\/v2\/product_tag?post=738"}],"curies":[{"name":"wp","href":"https:\/\/api.w.org\/{rel}","templated":true}]}}