{"id":737,"date":"2022-07-21T15:37:45","date_gmt":"2022-07-21T08:37:45","guid":{"rendered":"https:\/\/khomaudep.com\/mauruou\/?post_type=product&#038;p=737"},"modified":"2022-07-21T19:52:12","modified_gmt":"2022-07-21T12:52:12","slug":"vang-cape-of-good-hope-riebeeksrivier-western-slopes-2013","status":"publish","type":"product","link":"https:\/\/pluginviet.com\/mau44\/san-pham\/vang-cape-of-good-hope-riebeeksrivier-western-slopes-2013\/","title":{"rendered":"Vang Cape Of Good Hope Riebeeksrivier Western Slopes 2013"},"content":{"rendered":"<p>R\u01b0\u1ee3u n\u1ed5i b\u1eadt v\u1edbi h\u01b0\u01a1ng th\u01a1m c\u1ee7a hoa qu\u1ea3 m\u1ecdng, anh \u0111\u00e0o \u0111en, l\u00fd chua \u0111en v\u00e0 tuy\u1ebft t\u00f9ng k\u1ebft h\u1ee3p c\u00f9ng v\u1ecb cay v\u00e0 kh\u00f3i thu\u1ed1c l\u00e1. Th\u01b0\u1edfng th\u1ee9c r\u01b0\u1ee3u n\u1ed5i b\u1eadt l\u00ean m\u00f9i v\u1ecb c\u1ee7a tr\u00e1i c\u00e2y ch\u00edn m\u1ecdng lan t\u1ecfa kh\u1eafp v\u00f2m mi\u1ec7ng. Nh\u00ecn chung, r\u01b0\u1ee3u \u0111em l\u1ea1i c\u1ea3m gi\u00e1c tinh t\u1ebf, thanh l\u1ecbch v\u1edbi tanin m\u1ec1m m\u1ea1i v\u00e0 m\u1ed9t h\u1eadu v\u1ecb k\u00e9o d\u00e0i.<\/p>\n","protected":false},"excerpt":{"rendered":"<p>R\u01b0\u1ee3u n\u1ed5i b\u1eadt v\u1edbi h\u01b0\u01a1ng th\u01a1m c\u1ee7a hoa qu\u1ea3 m\u1ecdng, anh \u0111\u00e0o \u0111en, l\u00fd chua \u0111en v\u00e0 tuy\u1ebft t\u00f9ng k\u1ebft h\u1ee3p c\u00f9ng v\u1ecb cay v\u00e0 kh\u00f3i thu\u1ed1c l\u00e1. Th\u01b0\u1edfng th\u1ee9c r\u01b0\u1ee3u n\u1ed5i b\u1eadt l\u00ean m\u00f9i v\u1ecb c\u1ee7a tr\u00e1i c\u00e2y ch\u00edn m\u1ecdng lan t\u1ecfa kh\u1eafp v\u00f2m mi\u1ec7ng. Nh\u00ecn chung, r\u01b0\u1ee3u \u0111em l\u1ea1i c\u1ea3m gi\u00e1c tinh t\u1ebf, &#8230;<\/p>\n","protected":false},"featured_media":916,"comment_status":"open","ping_status":"closed","template":"","meta":[],"pwb-brand":[],"product_cat":[17,78],"product_tag":[],"brands":[],"_links":{"self":[{"href":"https:\/\/pluginviet.com\/mau44\/wp-json\/wp\/v2\/product\/737"}],"collection":[{"href":"https:\/\/pluginviet.com\/mau44\/wp-json\/wp\/v2\/product"}],"about":[{"href":"https:\/\/pluginviet.com\/mau44\/wp-json\/wp\/v2\/types\/product"}],"replies":[{"embeddable":true,"href":"https:\/\/pluginviet.com\/mau44\/wp-json\/wp\/v2\/comments?post=737"}],"wp:featuredmedia":[{"embeddable":true,"href":"https:\/\/pluginviet.com\/mau44\/wp-json\/wp\/v2\/media\/916"}],"wp:attachment":[{"href":"https:\/\/pluginviet.com\/mau44\/wp-json\/wp\/v2\/media?parent=737"}],"wp:term":[{"taxonomy":"pwb-brand","embeddable":true,"href":"https:\/\/pluginviet.com\/mau44\/wp-json\/wp\/v2\/pwb-brand?post=737"},{"taxonomy":"product_cat","embeddable":true,"href":"https:\/\/pluginviet.com\/mau44\/wp-json\/wp\/v2\/product_cat?post=737"},{"taxonomy":"product_tag","embeddable":true,"href":"https:\/\/pluginviet.com\/mau44\/wp-json\/wp\/v2\/product_tag?post=737"}],"curies":[{"name":"wp","href":"https:\/\/api.w.org\/{rel}","templated":true}]}}