{"id":734,"date":"2022-07-21T15:35:06","date_gmt":"2022-07-21T08:35:06","guid":{"rendered":"https:\/\/khomaudep.com\/mauruou\/?post_type=product&#038;p=734"},"modified":"2022-07-21T19:51:56","modified_gmt":"2022-07-21T12:51:56","slug":"vang-protea-chenin-blanc","status":"publish","type":"product","link":"https:\/\/pluginviet.com\/mau44\/san-pham\/vang-protea-chenin-blanc\/","title":{"rendered":"vang Protea Chenin Blanc"},"content":{"rendered":"<p>H\u01b0\u01a1ng v\u1ecb c\u1ee7a r\u01b0\u1ee3u vang Protea Chenin Blanc lu\u00f4n tr\u00f2n tr\u1ecba trong v\u00f2m mi\u1ec7ng c\u1ee7a nh\u1eefng ng\u01b0\u1eddi th\u01b0\u1edfng th\u1ee9c r\u01b0\u1ee3u vang b\u1edfi m\u00f9i h\u01b0\u01a1ng quy\u1ebfn r\u0169 t\u1eeb nh\u1eefng tr\u00e1i qu\u1ea3 nh\u01b0 cam qu\u00fdt, chanh, xu\u00e2n \u0111\u00e0o, nh\u1eefng hoa qu\u1ea3 t\u01b0\u01a1i k\u1ebft h\u1ee3p v\u1edbi lo\u1ea1i kim ng\u00e2n hoa t\u01b0\u01a1i \u0111\u1ec3 mang \u0111\u1ebfn m\u1ed9t s\u1ef1 t\u01b0\u01a1i m\u1edbi trong t\u00e2m h\u1ed3n c\u1ee7a nh\u1eefng ng\u01b0\u1eddi th\u01b0\u1edfng th\u1ee9c r\u01b0\u1ee3u.<\/p>\n","protected":false},"excerpt":{"rendered":"<p>H\u01b0\u01a1ng v\u1ecb c\u1ee7a r\u01b0\u1ee3u vang Protea Chenin Blanc lu\u00f4n tr\u00f2n tr\u1ecba trong v\u00f2m mi\u1ec7ng c\u1ee7a nh\u1eefng ng\u01b0\u1eddi th\u01b0\u1edfng th\u1ee9c r\u01b0\u1ee3u vang b\u1edfi m\u00f9i h\u01b0\u01a1ng quy\u1ebfn r\u0169 t\u1eeb nh\u1eefng tr\u00e1i qu\u1ea3 nh\u01b0 cam qu\u00fdt, chanh, xu\u00e2n \u0111\u00e0o, nh\u1eefng hoa qu\u1ea3 t\u01b0\u01a1i k\u1ebft h\u1ee3p v\u1edbi lo\u1ea1i kim ng\u00e2n hoa t\u01b0\u01a1i \u0111\u1ec3 mang \u0111\u1ebfn m\u1ed9t s\u1ef1 t\u01b0\u01a1i m\u1edbi &#8230;<\/p>\n","protected":false},"featured_media":913,"comment_status":"open","ping_status":"closed","template":"","meta":[],"pwb-brand":[],"product_cat":[17,78],"product_tag":[],"brands":[],"_links":{"self":[{"href":"https:\/\/pluginviet.com\/mau44\/wp-json\/wp\/v2\/product\/734"}],"collection":[{"href":"https:\/\/pluginviet.com\/mau44\/wp-json\/wp\/v2\/product"}],"about":[{"href":"https:\/\/pluginviet.com\/mau44\/wp-json\/wp\/v2\/types\/product"}],"replies":[{"embeddable":true,"href":"https:\/\/pluginviet.com\/mau44\/wp-json\/wp\/v2\/comments?post=734"}],"wp:featuredmedia":[{"embeddable":true,"href":"https:\/\/pluginviet.com\/mau44\/wp-json\/wp\/v2\/media\/913"}],"wp:attachment":[{"href":"https:\/\/pluginviet.com\/mau44\/wp-json\/wp\/v2\/media?parent=734"}],"wp:term":[{"taxonomy":"pwb-brand","embeddable":true,"href":"https:\/\/pluginviet.com\/mau44\/wp-json\/wp\/v2\/pwb-brand?post=734"},{"taxonomy":"product_cat","embeddable":true,"href":"https:\/\/pluginviet.com\/mau44\/wp-json\/wp\/v2\/product_cat?post=734"},{"taxonomy":"product_tag","embeddable":true,"href":"https:\/\/pluginviet.com\/mau44\/wp-json\/wp\/v2\/product_tag?post=734"}],"curies":[{"name":"wp","href":"https:\/\/api.w.org\/{rel}","templated":true}]}}