{"id":732,"date":"2022-07-21T15:31:39","date_gmt":"2022-07-21T08:31:39","guid":{"rendered":"https:\/\/khomaudep.com\/mauruou\/?post_type=product&#038;p=732"},"modified":"2022-07-21T19:06:33","modified_gmt":"2022-07-21T12:06:33","slug":"f-gold","status":"publish","type":"product","link":"https:\/\/pluginviet.com\/mau44\/san-pham\/f-gold\/","title":{"rendered":"F Gold"},"content":{"rendered":"<p>D\u00f2ng vang F GOLD \u0111\u1eadm \u0111\u1eb7c m\u00e0u ng\u1ecdc ruby, l\u1ea5p l\u00e1nh \u00e1nh t\u00edm sang tr\u1ecdng v\u00e0 quy\u1ebfn r\u0169.N\u1ed3ng \u0111\u1ed9 15%.H\u01b0\u01a1ng th\u01a1m phong ph\u00fa v\u00e0 ph\u1ee9c t\u1ea1p c\u1ee7a c\u00e1c lo\u1ea1i gia v\u1ecb, v\u1ecb tr\u00e1i c\u00e2y m\u1ec1m m\u01b0\u1ee3t v\u1edbi m\u1ee9t anh \u0111\u00e0o \u0111\u1eb7c tr\u01b0ng. Khi nh\u1ea5p trong mi\u1ec7ng, ta d\u1ec5 d\u00e0ng c\u1ea3m nh\u1eadn \u0111\u01b0\u1ee3c c\u1ea5u tr\u00fac s\u00e1nh \u0111\u1eadm, m\u01b0\u1ee3t m\u00e0 v\u00e0 c\u00e2n b\u1eb1ng, v\u1edbi tannin m\u1ecbn h\u1ea3o h\u1ea1ng, v\u1edbi k\u1ebft th\u00fac k\u00e9o d\u00e0i r\u1ea5t d\u1ec5 ch\u1ecbu<\/p>\n","protected":false},"excerpt":{"rendered":"<p>D\u00f2ng vang F GOLD \u0111\u1eadm \u0111\u1eb7c m\u00e0u ng\u1ecdc ruby, l\u1ea5p l\u00e1nh \u00e1nh t\u00edm sang tr\u1ecdng v\u00e0 quy\u1ebfn r\u0169.N\u1ed3ng \u0111\u1ed9 15%.H\u01b0\u01a1ng th\u01a1m phong ph\u00fa v\u00e0 ph\u1ee9c t\u1ea1p c\u1ee7a c\u00e1c lo\u1ea1i gia v\u1ecb, v\u1ecb tr\u00e1i c\u00e2y m\u1ec1m m\u01b0\u1ee3t v\u1edbi m\u1ee9t anh \u0111\u00e0o \u0111\u1eb7c tr\u01b0ng. Khi nh\u1ea5p trong mi\u1ec7ng, ta d\u1ec5 d\u00e0ng c\u1ea3m nh\u1eadn \u0111\u01b0\u1ee3c c\u1ea5u tr\u00fac s\u00e1nh &#8230;<\/p>\n","protected":false},"featured_media":820,"comment_status":"open","ping_status":"closed","template":"","meta":[],"pwb-brand":[],"product_cat":[17,81],"product_tag":[],"brands":[],"_links":{"self":[{"href":"https:\/\/pluginviet.com\/mau44\/wp-json\/wp\/v2\/product\/732"}],"collection":[{"href":"https:\/\/pluginviet.com\/mau44\/wp-json\/wp\/v2\/product"}],"about":[{"href":"https:\/\/pluginviet.com\/mau44\/wp-json\/wp\/v2\/types\/product"}],"replies":[{"embeddable":true,"href":"https:\/\/pluginviet.com\/mau44\/wp-json\/wp\/v2\/comments?post=732"}],"wp:featuredmedia":[{"embeddable":true,"href":"https:\/\/pluginviet.com\/mau44\/wp-json\/wp\/v2\/media\/820"}],"wp:attachment":[{"href":"https:\/\/pluginviet.com\/mau44\/wp-json\/wp\/v2\/media?parent=732"}],"wp:term":[{"taxonomy":"pwb-brand","embeddable":true,"href":"https:\/\/pluginviet.com\/mau44\/wp-json\/wp\/v2\/pwb-brand?post=732"},{"taxonomy":"product_cat","embeddable":true,"href":"https:\/\/pluginviet.com\/mau44\/wp-json\/wp\/v2\/product_cat?post=732"},{"taxonomy":"product_tag","embeddable":true,"href":"https:\/\/pluginviet.com\/mau44\/wp-json\/wp\/v2\/product_tag?post=732"}],"curies":[{"name":"wp","href":"https:\/\/api.w.org\/{rel}","templated":true}]}}