{"id":731,"date":"2022-07-21T15:30:15","date_gmt":"2022-07-21T08:30:15","guid":{"rendered":"https:\/\/khomaudep.com\/mauruou\/?post_type=product&#038;p=731"},"modified":"2022-07-21T19:06:58","modified_gmt":"2022-07-21T12:06:58","slug":"ruou-vang-vietti-dolcetto-dalba-tre-vigne","status":"publish","type":"product","link":"https:\/\/pluginviet.com\/mau44\/san-pham\/ruou-vang-vietti-dolcetto-dalba-tre-vigne\/","title":{"rendered":"R\u01b0\u1ee3u Vang Vietti Dolcetto D\u2019Alba Tre Vigne"},"content":{"rendered":"<p>R\u01b0\u1ee3u Vietti Dolcetto d\u2019Alba Tre Vigne c\u00f3 m\u00e0u \u0111\u1ecf ruby \u00a0\u0111\u1eadm. M\u1edf r\u01b0\u1ee3u lan to\u1ea3 h\u01b0\u01a1ng th\u01a1m m\u00e3nh li\u1ec7t c\u1ee7a black cherry, qu\u1ea3 m\u00e2m x\u00f4i v\u00e0 m\u1ed9t ch\u00fat \u1ea9n \u00fd t\u1eeb h\u01b0\u01a1ng qu\u1ea3 vi\u1ec7t qu\u1ea5t. \u0110\u00e2y l\u00e0 d\u00f2ng r\u01b0\u1ee3u vang kh\u00f4ng nu\u00f4i \u1ee7 trong th\u00f9ng g\u1ed7 s\u1ed3i.<\/p>\n","protected":false},"excerpt":{"rendered":"<p>R\u01b0\u1ee3u Vietti Dolcetto d\u2019Alba Tre Vigne c\u00f3 m\u00e0u \u0111\u1ecf ruby \u00a0\u0111\u1eadm. M\u1edf r\u01b0\u1ee3u lan to\u1ea3 h\u01b0\u01a1ng th\u01a1m m\u00e3nh li\u1ec7t c\u1ee7a black cherry, qu\u1ea3 m\u00e2m x\u00f4i v\u00e0 m\u1ed9t ch\u00fat \u1ea9n \u00fd t\u1eeb h\u01b0\u01a1ng qu\u1ea3 vi\u1ec7t qu\u1ea5t. \u0110\u00e2y l\u00e0 d\u00f2ng r\u01b0\u1ee3u vang kh\u00f4ng nu\u00f4i \u1ee7 trong th\u00f9ng g\u1ed7 s\u1ed3i.<\/p>\n","protected":false},"featured_media":821,"comment_status":"open","ping_status":"closed","template":"","meta":[],"pwb-brand":[],"product_cat":[17,81],"product_tag":[],"brands":[],"_links":{"self":[{"href":"https:\/\/pluginviet.com\/mau44\/wp-json\/wp\/v2\/product\/731"}],"collection":[{"href":"https:\/\/pluginviet.com\/mau44\/wp-json\/wp\/v2\/product"}],"about":[{"href":"https:\/\/pluginviet.com\/mau44\/wp-json\/wp\/v2\/types\/product"}],"replies":[{"embeddable":true,"href":"https:\/\/pluginviet.com\/mau44\/wp-json\/wp\/v2\/comments?post=731"}],"wp:featuredmedia":[{"embeddable":true,"href":"https:\/\/pluginviet.com\/mau44\/wp-json\/wp\/v2\/media\/821"}],"wp:attachment":[{"href":"https:\/\/pluginviet.com\/mau44\/wp-json\/wp\/v2\/media?parent=731"}],"wp:term":[{"taxonomy":"pwb-brand","embeddable":true,"href":"https:\/\/pluginviet.com\/mau44\/wp-json\/wp\/v2\/pwb-brand?post=731"},{"taxonomy":"product_cat","embeddable":true,"href":"https:\/\/pluginviet.com\/mau44\/wp-json\/wp\/v2\/product_cat?post=731"},{"taxonomy":"product_tag","embeddable":true,"href":"https:\/\/pluginviet.com\/mau44\/wp-json\/wp\/v2\/product_tag?post=731"}],"curies":[{"name":"wp","href":"https:\/\/api.w.org\/{rel}","templated":true}]}}