{"id":730,"date":"2022-07-21T15:29:29","date_gmt":"2022-07-21T08:29:29","guid":{"rendered":"https:\/\/khomaudep.com\/mauruou\/?post_type=product&#038;p=730"},"modified":"2022-07-21T19:07:31","modified_gmt":"2022-07-21T12:07:31","slug":"vang-do-leggenda-2016","status":"publish","type":"product","link":"https:\/\/pluginviet.com\/mau44\/san-pham\/vang-do-leggenda-2016\/","title":{"rendered":"Vang \u0111\u1ecf LEGGENDA 2016"},"content":{"rendered":"<p>\u0110\u01b0\u1ee3c l\u00e0m t\u1eeb gi\u1ed1ng nho Primitivo Di Manduria \u1edf th\u1ecb tr\u1ea5n Sava. V\u00e0o gi\u1eefa th\u00e1ng 9, nho \u0111\u01b0\u1ee3c \u0111\u1ec3 kh\u00f4 t\u1ef1 nhi\u00ean tr\u00ean c\u00e2y v\u00e0 \u0111\u01b0\u1ee3c h\u00e1i tr\u01b0\u1edbc khi m\u1eb7t tr\u1eddi m\u1ecdc.<\/p>\n","protected":false},"excerpt":{"rendered":"<p>\u0110\u01b0\u1ee3c l\u00e0m t\u1eeb gi\u1ed1ng nho Primitivo Di Manduria \u1edf th\u1ecb tr\u1ea5n Sava. V\u00e0o gi\u1eefa th\u00e1ng 9, nho \u0111\u01b0\u1ee3c \u0111\u1ec3 kh\u00f4 t\u1ef1 nhi\u00ean tr\u00ean c\u00e2y v\u00e0 \u0111\u01b0\u1ee3c h\u00e1i tr\u01b0\u1edbc khi m\u1eb7t tr\u1eddi m\u1ecdc.<\/p>\n","protected":false},"featured_media":822,"comment_status":"open","ping_status":"closed","template":"","meta":[],"pwb-brand":[],"product_cat":[17,81],"product_tag":[],"brands":[],"_links":{"self":[{"href":"https:\/\/pluginviet.com\/mau44\/wp-json\/wp\/v2\/product\/730"}],"collection":[{"href":"https:\/\/pluginviet.com\/mau44\/wp-json\/wp\/v2\/product"}],"about":[{"href":"https:\/\/pluginviet.com\/mau44\/wp-json\/wp\/v2\/types\/product"}],"replies":[{"embeddable":true,"href":"https:\/\/pluginviet.com\/mau44\/wp-json\/wp\/v2\/comments?post=730"}],"wp:featuredmedia":[{"embeddable":true,"href":"https:\/\/pluginviet.com\/mau44\/wp-json\/wp\/v2\/media\/822"}],"wp:attachment":[{"href":"https:\/\/pluginviet.com\/mau44\/wp-json\/wp\/v2\/media?parent=730"}],"wp:term":[{"taxonomy":"pwb-brand","embeddable":true,"href":"https:\/\/pluginviet.com\/mau44\/wp-json\/wp\/v2\/pwb-brand?post=730"},{"taxonomy":"product_cat","embeddable":true,"href":"https:\/\/pluginviet.com\/mau44\/wp-json\/wp\/v2\/product_cat?post=730"},{"taxonomy":"product_tag","embeddable":true,"href":"https:\/\/pluginviet.com\/mau44\/wp-json\/wp\/v2\/product_tag?post=730"}],"curies":[{"name":"wp","href":"https:\/\/api.w.org\/{rel}","templated":true}]}}