{"id":729,"date":"2022-07-21T15:28:19","date_gmt":"2022-07-21T08:28:19","guid":{"rendered":"https:\/\/khomaudep.com\/mauruou\/?post_type=product&#038;p=729"},"modified":"2022-07-21T19:07:59","modified_gmt":"2022-07-21T12:07:59","slug":"ruou-vang-tay-ban-nha-muga-reserva-seleccion-especial-2015","status":"publish","type":"product","link":"https:\/\/pluginviet.com\/mau44\/san-pham\/ruou-vang-tay-ban-nha-muga-reserva-seleccion-especial-2015\/","title":{"rendered":"R\u01b0\u1ee3u vang T\u00e2y Ban Nha Muga Reserva Seleccion Especial 2015"},"content":{"rendered":"<p>H\u01b0\u01a1ng v\u1ecb \u0111an xen c\u1ee7a c\u00e0 ph\u00ea, k\u1eb9o s\u1eefa caramel, c\u00e0 ph\u00ea rang \u0111\u1eadm \u0111\u00e0 v\u00e0 g\u1ed7 s\u1ed3i \u0111\u1ea7y m\u1ea1nh m\u1ebd. S\u1ef1 m\u00e3nh li\u1ec7t t\u1eeb nhi\u1ec1u h\u01b0\u01a1ng v\u1ecb \u1ea5y l\u1ea1i kh\u00f4ng h\u1ec1 gai g\u00f3c, th\u00f4 c\u1ee9ng m\u00e0 r\u1ea5t m\u1ec1m m\u01b0\u1ee3t, nhung m\u1ecbn khi r\u01b0\u1ee3u c\u00f2n tr\u1ebb, cho t\u1edbi khi tr\u1ea3i qua nhi\u1ec1u n\u0103m \u1ee7 m\u00ecnh trong chai.<\/p>\n","protected":false},"excerpt":{"rendered":"<p>H\u01b0\u01a1ng v\u1ecb \u0111an xen c\u1ee7a c\u00e0 ph\u00ea, k\u1eb9o s\u1eefa caramel, c\u00e0 ph\u00ea rang \u0111\u1eadm \u0111\u00e0 v\u00e0 g\u1ed7 s\u1ed3i \u0111\u1ea7y m\u1ea1nh m\u1ebd. S\u1ef1 m\u00e3nh li\u1ec7t t\u1eeb nhi\u1ec1u h\u01b0\u01a1ng v\u1ecb \u1ea5y l\u1ea1i kh\u00f4ng h\u1ec1 gai g\u00f3c, th\u00f4 c\u1ee9ng m\u00e0 r\u1ea5t m\u1ec1m m\u01b0\u1ee3t, nhung m\u1ecbn khi r\u01b0\u1ee3u c\u00f2n tr\u1ebb, cho t\u1edbi khi tr\u1ea3i qua nhi\u1ec1u n\u0103m \u1ee7 m\u00ecnh &#8230;<\/p>\n","protected":false},"featured_media":823,"comment_status":"open","ping_status":"closed","template":"","meta":[],"pwb-brand":[],"product_cat":[17,81],"product_tag":[],"brands":[],"_links":{"self":[{"href":"https:\/\/pluginviet.com\/mau44\/wp-json\/wp\/v2\/product\/729"}],"collection":[{"href":"https:\/\/pluginviet.com\/mau44\/wp-json\/wp\/v2\/product"}],"about":[{"href":"https:\/\/pluginviet.com\/mau44\/wp-json\/wp\/v2\/types\/product"}],"replies":[{"embeddable":true,"href":"https:\/\/pluginviet.com\/mau44\/wp-json\/wp\/v2\/comments?post=729"}],"wp:featuredmedia":[{"embeddable":true,"href":"https:\/\/pluginviet.com\/mau44\/wp-json\/wp\/v2\/media\/823"}],"wp:attachment":[{"href":"https:\/\/pluginviet.com\/mau44\/wp-json\/wp\/v2\/media?parent=729"}],"wp:term":[{"taxonomy":"pwb-brand","embeddable":true,"href":"https:\/\/pluginviet.com\/mau44\/wp-json\/wp\/v2\/pwb-brand?post=729"},{"taxonomy":"product_cat","embeddable":true,"href":"https:\/\/pluginviet.com\/mau44\/wp-json\/wp\/v2\/product_cat?post=729"},{"taxonomy":"product_tag","embeddable":true,"href":"https:\/\/pluginviet.com\/mau44\/wp-json\/wp\/v2\/product_tag?post=729"}],"curies":[{"name":"wp","href":"https:\/\/api.w.org\/{rel}","templated":true}]}}