{"id":728,"date":"2022-07-21T15:27:29","date_gmt":"2022-07-21T08:27:29","guid":{"rendered":"https:\/\/khomaudep.com\/mauruou\/?post_type=product&#038;p=728"},"modified":"2022-07-21T19:10:13","modified_gmt":"2022-07-21T12:10:13","slug":"ruou-vang-y-zolla-puglia-negroamaro","status":"publish","type":"product","link":"https:\/\/pluginviet.com\/mau44\/san-pham\/ruou-vang-y-zolla-puglia-negroamaro\/","title":{"rendered":"R\u01b0\u1ee3u Vang \u00dd Zolla Puglia Negroamaro"},"content":{"rendered":"<p>R\u01b0\u1ee3u Vang \u00dd Zolla Puglia Negroamaro c\u0169ng \u0111\u00e3 chi\u1ebfm tr\u1ecdn \u0111\u01b0\u1ee3c c\u1ea3m t\u00ecnh c\u1ee7a nhi\u1ec1u kh\u00e1ch h\u00e0ng chu\u1ed9ng vang c\u0169ng nh\u01b0 c\u00e1c chuy\u00ean gia h\u00e0ng \u0111\u1ea7u tr\u00ean th\u1ebf gi\u1edbi b\u1edfi v\u1ecb ngon \u0111\u1eb1m th\u1eafm, ng\u1ecdt ng\u00e0o m\u00e0 ch\u00fang c\u00f3 \u0111\u01b0\u1ee3c<\/p>\n","protected":false},"excerpt":{"rendered":"<p>R\u01b0\u1ee3u Vang \u00dd Zolla Puglia Negroamaro c\u0169ng \u0111\u00e3 chi\u1ebfm tr\u1ecdn \u0111\u01b0\u1ee3c c\u1ea3m t\u00ecnh c\u1ee7a nhi\u1ec1u kh\u00e1ch h\u00e0ng chu\u1ed9ng vang c\u0169ng nh\u01b0 c\u00e1c chuy\u00ean gia h\u00e0ng \u0111\u1ea7u tr\u00ean th\u1ebf gi\u1edbi b\u1edfi v\u1ecb ngon \u0111\u1eb1m th\u1eafm, ng\u1ecdt ng\u00e0o m\u00e0 ch\u00fang c\u00f3 \u0111\u01b0\u1ee3c<\/p>\n","protected":false},"featured_media":824,"comment_status":"open","ping_status":"closed","template":"","meta":[],"pwb-brand":[],"product_cat":[17,81],"product_tag":[],"brands":[],"_links":{"self":[{"href":"https:\/\/pluginviet.com\/mau44\/wp-json\/wp\/v2\/product\/728"}],"collection":[{"href":"https:\/\/pluginviet.com\/mau44\/wp-json\/wp\/v2\/product"}],"about":[{"href":"https:\/\/pluginviet.com\/mau44\/wp-json\/wp\/v2\/types\/product"}],"replies":[{"embeddable":true,"href":"https:\/\/pluginviet.com\/mau44\/wp-json\/wp\/v2\/comments?post=728"}],"wp:featuredmedia":[{"embeddable":true,"href":"https:\/\/pluginviet.com\/mau44\/wp-json\/wp\/v2\/media\/824"}],"wp:attachment":[{"href":"https:\/\/pluginviet.com\/mau44\/wp-json\/wp\/v2\/media?parent=728"}],"wp:term":[{"taxonomy":"pwb-brand","embeddable":true,"href":"https:\/\/pluginviet.com\/mau44\/wp-json\/wp\/v2\/pwb-brand?post=728"},{"taxonomy":"product_cat","embeddable":true,"href":"https:\/\/pluginviet.com\/mau44\/wp-json\/wp\/v2\/product_cat?post=728"},{"taxonomy":"product_tag","embeddable":true,"href":"https:\/\/pluginviet.com\/mau44\/wp-json\/wp\/v2\/product_tag?post=728"}],"curies":[{"name":"wp","href":"https:\/\/api.w.org\/{rel}","templated":true}]}}