{"id":727,"date":"2022-07-21T15:26:35","date_gmt":"2022-07-21T08:26:35","guid":{"rendered":"https:\/\/khomaudep.com\/mauruou\/?post_type=product&#038;p=727"},"modified":"2022-07-21T19:10:28","modified_gmt":"2022-07-21T12:10:28","slug":"ruou-vang-fortercole","status":"publish","type":"product","link":"https:\/\/pluginviet.com\/mau44\/san-pham\/ruou-vang-fortercole\/","title":{"rendered":"R\u01b0\u1ee3u Vang Fortercole"},"content":{"rendered":"<p>S\u1eed d\u1ee5ng 85% gi\u1ed1ng nho\u00a0Sangiovese\u00a0v\u00e0 15% gi\u1ed1ng nho\u00a0Merlot\u00a0\u0111\u01b0\u1ee3c tr\u1ed3ng \u1edf v\u00f9ng Marche,\u00a0Tuscany\u00a0\u0111\u1ec3 l\u00e0m ra lo\u1ea1i r\u01b0\u1ee3u n\u00e0y n\u00ean r\u01b0\u1ee3u c\u00f3 \u0111\u01b0\u1ee3c m\u00e0u \u0111\u1ecf ruby kh\u00e1 \u0111\u1eadm \u0111\u00e0, h\u01b0\u01a1ng th\u01a1m ph\u1ee9c h\u1ee3p tuy\u1ec7t v\u1eddi c\u1ee7a m\u00f9i nh\u1ef1a h\u1eafc tr\u1ed9n v\u1edbi m\u1ee9t vi\u1ec7t qu\u1ea5t, v\u1ecf cam v\u00e0 m\u00f9i \u0111\u1ea5t. Kh\u1eafp khoang mi\u1ec7ng c\u1ee7a b\u1ea1n s\u1ebd tr\u00e0n ng\u1eadp h\u01b0\u01a1ng v\u1ecb ngon ng\u1ecdt \u0111\u1ebfn kh\u00f3 qu\u00ean<\/p>\n","protected":false},"excerpt":{"rendered":"<p>S\u1eed d\u1ee5ng 85% gi\u1ed1ng nho\u00a0Sangiovese\u00a0v\u00e0 15% gi\u1ed1ng nho\u00a0Merlot\u00a0\u0111\u01b0\u1ee3c tr\u1ed3ng \u1edf v\u00f9ng Marche,\u00a0Tuscany\u00a0\u0111\u1ec3 l\u00e0m ra lo\u1ea1i r\u01b0\u1ee3u n\u00e0y n\u00ean r\u01b0\u1ee3u c\u00f3 \u0111\u01b0\u1ee3c m\u00e0u \u0111\u1ecf ruby kh\u00e1 \u0111\u1eadm \u0111\u00e0, h\u01b0\u01a1ng th\u01a1m ph\u1ee9c h\u1ee3p tuy\u1ec7t v\u1eddi c\u1ee7a m\u00f9i nh\u1ef1a h\u1eafc tr\u1ed9n v\u1edbi m\u1ee9t vi\u1ec7t qu\u1ea5t, v\u1ecf cam v\u00e0 m\u00f9i \u0111\u1ea5t. Kh\u1eafp khoang mi\u1ec7ng c\u1ee7a b\u1ea1n s\u1ebd tr\u00e0n ng\u1eadp &#8230;<\/p>\n","protected":false},"featured_media":825,"comment_status":"open","ping_status":"closed","template":"","meta":[],"pwb-brand":[],"product_cat":[17,81],"product_tag":[],"brands":[],"_links":{"self":[{"href":"https:\/\/pluginviet.com\/mau44\/wp-json\/wp\/v2\/product\/727"}],"collection":[{"href":"https:\/\/pluginviet.com\/mau44\/wp-json\/wp\/v2\/product"}],"about":[{"href":"https:\/\/pluginviet.com\/mau44\/wp-json\/wp\/v2\/types\/product"}],"replies":[{"embeddable":true,"href":"https:\/\/pluginviet.com\/mau44\/wp-json\/wp\/v2\/comments?post=727"}],"wp:featuredmedia":[{"embeddable":true,"href":"https:\/\/pluginviet.com\/mau44\/wp-json\/wp\/v2\/media\/825"}],"wp:attachment":[{"href":"https:\/\/pluginviet.com\/mau44\/wp-json\/wp\/v2\/media?parent=727"}],"wp:term":[{"taxonomy":"pwb-brand","embeddable":true,"href":"https:\/\/pluginviet.com\/mau44\/wp-json\/wp\/v2\/pwb-brand?post=727"},{"taxonomy":"product_cat","embeddable":true,"href":"https:\/\/pluginviet.com\/mau44\/wp-json\/wp\/v2\/product_cat?post=727"},{"taxonomy":"product_tag","embeddable":true,"href":"https:\/\/pluginviet.com\/mau44\/wp-json\/wp\/v2\/product_tag?post=727"}],"curies":[{"name":"wp","href":"https:\/\/api.w.org\/{rel}","templated":true}]}}