{"id":725,"date":"2022-07-21T15:25:46","date_gmt":"2022-07-21T08:25:46","guid":{"rendered":"https:\/\/khomaudep.com\/mauruou\/?post_type=product&#038;p=725"},"modified":"2022-07-21T19:10:43","modified_gmt":"2022-07-21T12:10:43","slug":"vang-y-terre-di-mario-blend","status":"publish","type":"product","link":"https:\/\/pluginviet.com\/mau44\/san-pham\/vang-y-terre-di-mario-blend\/","title":{"rendered":"Vang \u00dd Terre di Mario Blend"},"content":{"rendered":"<p>M\u00f9i v\u1ecb ch\u1ee7 y\u1ebfu l\u00e0 tr\u00e1i c\u00e2y ch\u00edn \u0111\u1ecf nh\u01b0 qu\u1ea3 m\u00e2m x\u00f4i, anh \u0111\u00e0o &amp; qu\u1ea3 ch\u00edn m\u1ecdng mang \u0111\u1ebfn m\u1ed9t ghi ch\u00fa v\u1ec1 r\u01b0\u1ee3u kh\u00e1 phong ph\u00fa. Kh\u00f4ng ch\u1ec9 c\u00f3 v\u1eady, m\u1ed9t ch\u00fat v\u1ecb m\u1eadn \u1ea5m &amp; nhi\u1ec1u ch\u1ee7ng lo\u1ea1i th\u1ea3o m\u1ed9c ng\u1ecdt c\u0169ng t\u01b0\u01a1ng \u0111\u1ed1i \u0111\u00e1ng k\u1ec3. Ch\u1ea5t chua &amp; ch\u00e1t c\u1ee7a r\u01b0\u1ee3u c\u0169ng r\u1ea5t c\u00e2n \u0111\u1ed1i.<\/p>\n","protected":false},"excerpt":{"rendered":"<p>M\u00f9i v\u1ecb ch\u1ee7 y\u1ebfu l\u00e0 tr\u00e1i c\u00e2y ch\u00edn \u0111\u1ecf nh\u01b0 qu\u1ea3 m\u00e2m x\u00f4i, anh \u0111\u00e0o &amp; qu\u1ea3 ch\u00edn m\u1ecdng mang \u0111\u1ebfn m\u1ed9t ghi ch\u00fa v\u1ec1 r\u01b0\u1ee3u kh\u00e1 phong ph\u00fa. Kh\u00f4ng ch\u1ec9 c\u00f3 v\u1eady, m\u1ed9t ch\u00fat v\u1ecb m\u1eadn \u1ea5m &amp; nhi\u1ec1u ch\u1ee7ng lo\u1ea1i th\u1ea3o m\u1ed9c ng\u1ecdt c\u0169ng t\u01b0\u01a1ng \u0111\u1ed1i \u0111\u00e1ng k\u1ec3. Ch\u1ea5t chua &amp; ch\u00e1t c\u1ee7a &#8230;<\/p>\n","protected":false},"featured_media":826,"comment_status":"open","ping_status":"closed","template":"","meta":[],"pwb-brand":[],"product_cat":[17,81],"product_tag":[],"brands":[],"_links":{"self":[{"href":"https:\/\/pluginviet.com\/mau44\/wp-json\/wp\/v2\/product\/725"}],"collection":[{"href":"https:\/\/pluginviet.com\/mau44\/wp-json\/wp\/v2\/product"}],"about":[{"href":"https:\/\/pluginviet.com\/mau44\/wp-json\/wp\/v2\/types\/product"}],"replies":[{"embeddable":true,"href":"https:\/\/pluginviet.com\/mau44\/wp-json\/wp\/v2\/comments?post=725"}],"wp:featuredmedia":[{"embeddable":true,"href":"https:\/\/pluginviet.com\/mau44\/wp-json\/wp\/v2\/media\/826"}],"wp:attachment":[{"href":"https:\/\/pluginviet.com\/mau44\/wp-json\/wp\/v2\/media?parent=725"}],"wp:term":[{"taxonomy":"pwb-brand","embeddable":true,"href":"https:\/\/pluginviet.com\/mau44\/wp-json\/wp\/v2\/pwb-brand?post=725"},{"taxonomy":"product_cat","embeddable":true,"href":"https:\/\/pluginviet.com\/mau44\/wp-json\/wp\/v2\/product_cat?post=725"},{"taxonomy":"product_tag","embeddable":true,"href":"https:\/\/pluginviet.com\/mau44\/wp-json\/wp\/v2\/product_tag?post=725"}],"curies":[{"name":"wp","href":"https:\/\/api.w.org\/{rel}","templated":true}]}}