{"id":722,"date":"2022-07-21T15:23:06","date_gmt":"2022-07-21T08:23:06","guid":{"rendered":"https:\/\/khomaudep.com\/mauruou\/?post_type=product&#038;p=722"},"modified":"2022-07-21T19:11:41","modified_gmt":"2022-07-21T12:11:41","slug":"ruou-vang-three-dreamers-montepulciano-dabruzzo","status":"publish","type":"product","link":"https:\/\/pluginviet.com\/mau44\/san-pham\/ruou-vang-three-dreamers-montepulciano-dabruzzo\/","title":{"rendered":"R\u01b0\u1ee3u vang Three Dreamers Montepulciano d&#8217;Abruzzo"},"content":{"rendered":"<p>R\u01b0\u1ee3u vang Three Dreamers Montepulciano d&#8217;Abruzzo th\u1ec3 hi\u1ec7n h\u01b0\u01a1ng v\u1ecb\u00a0b\u00f9ng n\u1ed5 v\u1edbi\u00a0tr\u00e1i c\u00e2y \u0111en s\u00e2u nh\u01b0 qu\u1ea3 m\u00e2m x\u00f4i lai, m\u00e2m x\u00f4i \u0111en\u00a0v\u00e0 m\u1eadn kh\u00f4, cam th\u1ea3o, v\u00e0 h\u01b0\u01a1ng v\u1ecb s\u1ed3i c\u1ee7a cacao, vani v\u00e0 mocha. R\u01b0\u1ee3u vang c\u00f3\u00a0tannin\u00a0m\u1ecbn. K\u1ebft th\u00fac dai d\u1eb3ng.<\/p>\n","protected":false},"excerpt":{"rendered":"<p>R\u01b0\u1ee3u vang Three Dreamers Montepulciano d&#8217;Abruzzo th\u1ec3 hi\u1ec7n h\u01b0\u01a1ng v\u1ecb\u00a0b\u00f9ng n\u1ed5 v\u1edbi\u00a0tr\u00e1i c\u00e2y \u0111en s\u00e2u nh\u01b0 qu\u1ea3 m\u00e2m x\u00f4i lai, m\u00e2m x\u00f4i \u0111en\u00a0v\u00e0 m\u1eadn kh\u00f4, cam th\u1ea3o, v\u00e0 h\u01b0\u01a1ng v\u1ecb s\u1ed3i c\u1ee7a cacao, vani v\u00e0 mocha. R\u01b0\u1ee3u vang c\u00f3\u00a0tannin\u00a0m\u1ecbn. K\u1ebft th\u00fac dai d\u1eb3ng.<\/p>\n","protected":false},"featured_media":829,"comment_status":"open","ping_status":"closed","template":"","meta":[],"pwb-brand":[],"product_cat":[17,81],"product_tag":[],"brands":[],"_links":{"self":[{"href":"https:\/\/pluginviet.com\/mau44\/wp-json\/wp\/v2\/product\/722"}],"collection":[{"href":"https:\/\/pluginviet.com\/mau44\/wp-json\/wp\/v2\/product"}],"about":[{"href":"https:\/\/pluginviet.com\/mau44\/wp-json\/wp\/v2\/types\/product"}],"replies":[{"embeddable":true,"href":"https:\/\/pluginviet.com\/mau44\/wp-json\/wp\/v2\/comments?post=722"}],"wp:featuredmedia":[{"embeddable":true,"href":"https:\/\/pluginviet.com\/mau44\/wp-json\/wp\/v2\/media\/829"}],"wp:attachment":[{"href":"https:\/\/pluginviet.com\/mau44\/wp-json\/wp\/v2\/media?parent=722"}],"wp:term":[{"taxonomy":"pwb-brand","embeddable":true,"href":"https:\/\/pluginviet.com\/mau44\/wp-json\/wp\/v2\/pwb-brand?post=722"},{"taxonomy":"product_cat","embeddable":true,"href":"https:\/\/pluginviet.com\/mau44\/wp-json\/wp\/v2\/product_cat?post=722"},{"taxonomy":"product_tag","embeddable":true,"href":"https:\/\/pluginviet.com\/mau44\/wp-json\/wp\/v2\/product_tag?post=722"}],"curies":[{"name":"wp","href":"https:\/\/api.w.org\/{rel}","templated":true}]}}