{"id":721,"date":"2022-07-21T15:21:58","date_gmt":"2022-07-21T08:21:58","guid":{"rendered":"https:\/\/khomaudep.com\/mauruou\/?post_type=product&#038;p=721"},"modified":"2022-07-21T19:12:15","modified_gmt":"2022-07-21T12:12:15","slug":"imuri-nergroamaro","status":"publish","type":"product","link":"https:\/\/pluginviet.com\/mau44\/san-pham\/imuri-nergroamaro\/","title":{"rendered":"IMURI Nergroamaro"},"content":{"rendered":"<p>H\u01b0\u01a1ng th\u01a1m n\u00e0y \u0111\u01b0\u1ee3c t\u1ea1o n\u00ean b\u1edfi s\u1ef1 k\u1ebft h\u1ee3p c\u1ee7a th\u1ea3o d\u01b0\u1ee3c, c\u00e1c lo\u1ea1i tr\u00e1i c\u00e2y c\u00f9ng qu\u1ebf, \u0111inh h\u01b0\u01a1ng, caf\u00e9 \u0111en v\u00e0 h\u1ea1t ti\u00eau\u2026 Khi th\u01b0\u1edfng th\u1ee9c vang, b\u1ea1n s\u1ebd c\u00f3 c\u1ea3m gi\u00e1c c\u00e2n b\u1eb1ng gi\u1eefa s\u1ef1 t\u01b0\u01a1i m\u00e1t v\u00e0 s\u1ea3ng kho<\/p>\n","protected":false},"excerpt":{"rendered":"<p>H\u01b0\u01a1ng th\u01a1m n\u00e0y \u0111\u01b0\u1ee3c t\u1ea1o n\u00ean b\u1edfi s\u1ef1 k\u1ebft h\u1ee3p c\u1ee7a th\u1ea3o d\u01b0\u1ee3c, c\u00e1c lo\u1ea1i tr\u00e1i c\u00e2y c\u00f9ng qu\u1ebf, \u0111inh h\u01b0\u01a1ng, caf\u00e9 \u0111en v\u00e0 h\u1ea1t ti\u00eau\u2026 Khi th\u01b0\u1edfng th\u1ee9c vang, b\u1ea1n s\u1ebd c\u00f3 c\u1ea3m gi\u00e1c c\u00e2n b\u1eb1ng gi\u1eefa s\u1ef1 t\u01b0\u01a1i m\u00e1t v\u00e0 s\u1ea3ng kho<\/p>\n","protected":false},"featured_media":830,"comment_status":"open","ping_status":"closed","template":"","meta":[],"pwb-brand":[],"product_cat":[17,81],"product_tag":[],"brands":[],"_links":{"self":[{"href":"https:\/\/pluginviet.com\/mau44\/wp-json\/wp\/v2\/product\/721"}],"collection":[{"href":"https:\/\/pluginviet.com\/mau44\/wp-json\/wp\/v2\/product"}],"about":[{"href":"https:\/\/pluginviet.com\/mau44\/wp-json\/wp\/v2\/types\/product"}],"replies":[{"embeddable":true,"href":"https:\/\/pluginviet.com\/mau44\/wp-json\/wp\/v2\/comments?post=721"}],"wp:featuredmedia":[{"embeddable":true,"href":"https:\/\/pluginviet.com\/mau44\/wp-json\/wp\/v2\/media\/830"}],"wp:attachment":[{"href":"https:\/\/pluginviet.com\/mau44\/wp-json\/wp\/v2\/media?parent=721"}],"wp:term":[{"taxonomy":"pwb-brand","embeddable":true,"href":"https:\/\/pluginviet.com\/mau44\/wp-json\/wp\/v2\/pwb-brand?post=721"},{"taxonomy":"product_cat","embeddable":true,"href":"https:\/\/pluginviet.com\/mau44\/wp-json\/wp\/v2\/product_cat?post=721"},{"taxonomy":"product_tag","embeddable":true,"href":"https:\/\/pluginviet.com\/mau44\/wp-json\/wp\/v2\/product_tag?post=721"}],"curies":[{"name":"wp","href":"https:\/\/api.w.org\/{rel}","templated":true}]}}