{"id":720,"date":"2022-07-21T15:20:50","date_gmt":"2022-07-21T08:20:50","guid":{"rendered":"https:\/\/khomaudep.com\/mauruou\/?post_type=product&#038;p=720"},"modified":"2022-07-21T19:12:34","modified_gmt":"2022-07-21T12:12:34","slug":"62-anniversario","status":"publish","type":"product","link":"https:\/\/pluginviet.com\/mau44\/san-pham\/62-anniversario\/","title":{"rendered":"62 Anniversario"},"content":{"rendered":"<p>R\u01b0\u1ee3u g\u00e2y \u1ea5n t\u01b0\u1ee3ng m\u1ea1nh m\u1ebd v\u1edbi m\u00e0u \u0111\u1ecf ruby \u0111\u1eadm \u0111\u00e0, thanh l\u1ecbch, lan to\u1ea3 h\u01b0\u01a1ng th\u01a1m ph\u1ee9c h\u1ee3p c\u1ee7a tr\u00e1i c\u00e2y nh\u01b0 m\u1eadn, m\u1ee9t anh \u0111\u00e0o h\u00f2a quy\u1ec7n c\u00f9ng thu\u1ed1c l\u00e1 v\u00e0 ch\u00fat gia v\u1ecb cay \u1ea5m \u00e1p. D\u00f2ng r\u01b0\u1ee3u vang \u0111\u1ecf n\u00e0y c\u00f3 h\u01b0\u01a1ng v\u1ecb d\u00e0y \u0111\u1eadm v\u1edbi v\u1ecb ch\u00e1t nhung m\u01b0\u1ee3t gi\u00e0u h\u01b0\u01a1ng th\u01a1m c\u1ee7a ca cao, c\u00e0 ph\u00ea v\u00e0 vani m\u1ec1m m\u1ea1i.<\/p>\n","protected":false},"excerpt":{"rendered":"<p>R\u01b0\u1ee3u g\u00e2y \u1ea5n t\u01b0\u1ee3ng m\u1ea1nh m\u1ebd v\u1edbi m\u00e0u \u0111\u1ecf ruby \u0111\u1eadm \u0111\u00e0, thanh l\u1ecbch, lan to\u1ea3 h\u01b0\u01a1ng th\u01a1m ph\u1ee9c h\u1ee3p c\u1ee7a tr\u00e1i c\u00e2y nh\u01b0 m\u1eadn, m\u1ee9t anh \u0111\u00e0o h\u00f2a quy\u1ec7n c\u00f9ng thu\u1ed1c l\u00e1 v\u00e0 ch\u00fat gia v\u1ecb cay \u1ea5m \u00e1p. D\u00f2ng r\u01b0\u1ee3u vang \u0111\u1ecf n\u00e0y c\u00f3 h\u01b0\u01a1ng v\u1ecb d\u00e0y \u0111\u1eadm v\u1edbi v\u1ecb ch\u00e1t nhung m\u01b0\u1ee3t &#8230;<\/p>\n","protected":false},"featured_media":831,"comment_status":"open","ping_status":"closed","template":"","meta":[],"pwb-brand":[],"product_cat":[17,81],"product_tag":[],"brands":[],"_links":{"self":[{"href":"https:\/\/pluginviet.com\/mau44\/wp-json\/wp\/v2\/product\/720"}],"collection":[{"href":"https:\/\/pluginviet.com\/mau44\/wp-json\/wp\/v2\/product"}],"about":[{"href":"https:\/\/pluginviet.com\/mau44\/wp-json\/wp\/v2\/types\/product"}],"replies":[{"embeddable":true,"href":"https:\/\/pluginviet.com\/mau44\/wp-json\/wp\/v2\/comments?post=720"}],"wp:featuredmedia":[{"embeddable":true,"href":"https:\/\/pluginviet.com\/mau44\/wp-json\/wp\/v2\/media\/831"}],"wp:attachment":[{"href":"https:\/\/pluginviet.com\/mau44\/wp-json\/wp\/v2\/media?parent=720"}],"wp:term":[{"taxonomy":"pwb-brand","embeddable":true,"href":"https:\/\/pluginviet.com\/mau44\/wp-json\/wp\/v2\/pwb-brand?post=720"},{"taxonomy":"product_cat","embeddable":true,"href":"https:\/\/pluginviet.com\/mau44\/wp-json\/wp\/v2\/product_cat?post=720"},{"taxonomy":"product_tag","embeddable":true,"href":"https:\/\/pluginviet.com\/mau44\/wp-json\/wp\/v2\/product_tag?post=720"}],"curies":[{"name":"wp","href":"https:\/\/api.w.org\/{rel}","templated":true}]}}