{"id":719,"date":"2022-07-21T15:19:58","date_gmt":"2022-07-21T08:19:58","guid":{"rendered":"https:\/\/khomaudep.com\/mauruou\/?post_type=product&#038;p=719"},"modified":"2022-07-21T19:12:57","modified_gmt":"2022-07-21T12:12:57","slug":"ruou-vang-primo-sangiovese-merlot","status":"publish","type":"product","link":"https:\/\/pluginviet.com\/mau44\/san-pham\/ruou-vang-primo-sangiovese-merlot\/","title":{"rendered":"R\u01b0\u1ee3u Vang Primo Sangiovese Merlot"},"content":{"rendered":"<p>R\u01b0\u1ee3u cu\u1ed1n h\u00fat ng\u01b0\u1eddi nh\u00ecn v\u1edbi m\u00e0u \u0111\u1ecf ng\u1ecdc th\u1ea1ch l\u1ef1u. Khi r\u00f3t vang ra ly b\u1ea1n s\u1ebd th\u1ea5y m\u1ed9t m\u00e0u \u0111\u1ecf t\u01b0\u01a1i m\u00e1t v\u00e0 \u1ea5n t\u01b0\u1ee3ng. C\u00f9ng v\u1edbi \u0111\u00f3 l\u00e0 m\u00f9i th\u01a1m lan t\u1ecfa c\u1ee7a c\u00e1c lo\u1ea1i tr\u00e1i c\u00e2y (m\u1eadn, anh \u0111\u00e0i, cherry), vani. N\u00f3 \u0111\u01b0\u1ee3c \u0111\u00e1nh gi\u00e1 l\u00e0 chai vang tinh t\u1ebf v\u1edbi h\u01b0\u01a1ng v\u1ecb h\u00e0i h\u00f2a v\u00e0 m\u1ec1m m\u1ea1i.<\/p>\n","protected":false},"excerpt":{"rendered":"<p>R\u01b0\u1ee3u cu\u1ed1n h\u00fat ng\u01b0\u1eddi nh\u00ecn v\u1edbi m\u00e0u \u0111\u1ecf ng\u1ecdc th\u1ea1ch l\u1ef1u. Khi r\u00f3t vang ra ly b\u1ea1n s\u1ebd th\u1ea5y m\u1ed9t m\u00e0u \u0111\u1ecf t\u01b0\u01a1i m\u00e1t v\u00e0 \u1ea5n t\u01b0\u1ee3ng. C\u00f9ng v\u1edbi \u0111\u00f3 l\u00e0 m\u00f9i th\u01a1m lan t\u1ecfa c\u1ee7a c\u00e1c lo\u1ea1i tr\u00e1i c\u00e2y (m\u1eadn, anh \u0111\u00e0i, cherry), vani. N\u00f3 \u0111\u01b0\u1ee3c \u0111\u00e1nh gi\u00e1 l\u00e0 chai vang tinh t\u1ebf v\u1edbi &#8230;<\/p>\n","protected":false},"featured_media":832,"comment_status":"open","ping_status":"closed","template":"","meta":[],"pwb-brand":[],"product_cat":[17,81],"product_tag":[],"brands":[],"_links":{"self":[{"href":"https:\/\/pluginviet.com\/mau44\/wp-json\/wp\/v2\/product\/719"}],"collection":[{"href":"https:\/\/pluginviet.com\/mau44\/wp-json\/wp\/v2\/product"}],"about":[{"href":"https:\/\/pluginviet.com\/mau44\/wp-json\/wp\/v2\/types\/product"}],"replies":[{"embeddable":true,"href":"https:\/\/pluginviet.com\/mau44\/wp-json\/wp\/v2\/comments?post=719"}],"wp:featuredmedia":[{"embeddable":true,"href":"https:\/\/pluginviet.com\/mau44\/wp-json\/wp\/v2\/media\/832"}],"wp:attachment":[{"href":"https:\/\/pluginviet.com\/mau44\/wp-json\/wp\/v2\/media?parent=719"}],"wp:term":[{"taxonomy":"pwb-brand","embeddable":true,"href":"https:\/\/pluginviet.com\/mau44\/wp-json\/wp\/v2\/pwb-brand?post=719"},{"taxonomy":"product_cat","embeddable":true,"href":"https:\/\/pluginviet.com\/mau44\/wp-json\/wp\/v2\/product_cat?post=719"},{"taxonomy":"product_tag","embeddable":true,"href":"https:\/\/pluginviet.com\/mau44\/wp-json\/wp\/v2\/product_tag?post=719"}],"curies":[{"name":"wp","href":"https:\/\/api.w.org\/{rel}","templated":true}]}}