{"id":717,"date":"2022-07-21T15:18:22","date_gmt":"2022-07-21T08:18:22","guid":{"rendered":"https:\/\/khomaudep.com\/mauruou\/?post_type=product&#038;p=717"},"modified":"2022-07-21T19:14:43","modified_gmt":"2022-07-21T12:14:43","slug":"vang-62-anniversario-primitivo-di-manduria","status":"publish","type":"product","link":"https:\/\/pluginviet.com\/mau44\/san-pham\/vang-62-anniversario-primitivo-di-manduria\/","title":{"rendered":"vang 62 Anniversario Primitivo di Manduria"},"content":{"rendered":"<p>H\u01b0\u01a1ng th\u01a1m lan to\u1ea3 c\u1ee7a m\u00f9i tr\u00e1i c\u00e2y, m\u1eadn v\u00e0 m\u1ee9t anh \u0111\u00e0o. Ngo\u00e0i ra r\u01b0\u1ee3u vang c\u00f2n ph\u1ea3ng ph\u1ea5t h\u01b0\u01a1ng th\u01a1m c\u1ee7a thu\u1ed1c l\u00e1, v\u1ecb cay c\u1ee7a gia v\u1ecb qu\u1ebf h\u1ed3i t\u1ea1o n\u00ean m\u1ed9t m\u00f9i v\u1ecb ph\u1ee9c t\u1ea1p kh\u00f3 \u0111o\u00e1n bi\u1ebft. R\u01b0\u1ee3u vang c\u00f3 \u0111\u1ed9 \u0111\u1eadm m\u1ea1nh nh\u01b0ng v\u1eabn gi\u1eef \u0111\u01b0\u1ee3c c\u1ea5u tr\u00fac m\u1ec1m m\u1ea1i v\u00e0 d\u1ed3i d\u00e0o tanin. H\u1eadu v\u1ecb \u1ea5n t\u01b0\u1ee3ng v\u1edbi h\u01b0\u01a1ng cacao, c\u00e0 ph\u00ea v\u00e0 vani \u0111\u1ecdng l\u1ea1i r\u1ea5t l\u00e2u sau khi u\u1ed1ng xong<\/p>\n","protected":false},"excerpt":{"rendered":"<p>H\u01b0\u01a1ng th\u01a1m lan to\u1ea3 c\u1ee7a m\u00f9i tr\u00e1i c\u00e2y, m\u1eadn v\u00e0 m\u1ee9t anh \u0111\u00e0o. Ngo\u00e0i ra r\u01b0\u1ee3u vang c\u00f2n ph\u1ea3ng ph\u1ea5t h\u01b0\u01a1ng th\u01a1m c\u1ee7a thu\u1ed1c l\u00e1, v\u1ecb cay c\u1ee7a gia v\u1ecb qu\u1ebf h\u1ed3i t\u1ea1o n\u00ean m\u1ed9t m\u00f9i v\u1ecb ph\u1ee9c t\u1ea1p kh\u00f3 \u0111o\u00e1n bi\u1ebft. R\u01b0\u1ee3u vang c\u00f3 \u0111\u1ed9 \u0111\u1eadm m\u1ea1nh nh\u01b0ng v\u1eabn gi\u1eef \u0111\u01b0\u1ee3c c\u1ea5u tr\u00fac m\u1ec1m &#8230;<\/p>\n","protected":false},"featured_media":834,"comment_status":"open","ping_status":"closed","template":"","meta":[],"pwb-brand":[],"product_cat":[17,81],"product_tag":[],"brands":[],"_links":{"self":[{"href":"https:\/\/pluginviet.com\/mau44\/wp-json\/wp\/v2\/product\/717"}],"collection":[{"href":"https:\/\/pluginviet.com\/mau44\/wp-json\/wp\/v2\/product"}],"about":[{"href":"https:\/\/pluginviet.com\/mau44\/wp-json\/wp\/v2\/types\/product"}],"replies":[{"embeddable":true,"href":"https:\/\/pluginviet.com\/mau44\/wp-json\/wp\/v2\/comments?post=717"}],"wp:featuredmedia":[{"embeddable":true,"href":"https:\/\/pluginviet.com\/mau44\/wp-json\/wp\/v2\/media\/834"}],"wp:attachment":[{"href":"https:\/\/pluginviet.com\/mau44\/wp-json\/wp\/v2\/media?parent=717"}],"wp:term":[{"taxonomy":"pwb-brand","embeddable":true,"href":"https:\/\/pluginviet.com\/mau44\/wp-json\/wp\/v2\/pwb-brand?post=717"},{"taxonomy":"product_cat","embeddable":true,"href":"https:\/\/pluginviet.com\/mau44\/wp-json\/wp\/v2\/product_cat?post=717"},{"taxonomy":"product_tag","embeddable":true,"href":"https:\/\/pluginviet.com\/mau44\/wp-json\/wp\/v2\/product_tag?post=717"}],"curies":[{"name":"wp","href":"https:\/\/api.w.org\/{rel}","templated":true}]}}