{"id":714,"date":"2022-07-21T15:15:14","date_gmt":"2022-07-21T08:15:14","guid":{"rendered":"https:\/\/khomaudep.com\/mauruou\/?post_type=product&#038;p=714"},"modified":"2022-07-21T19:15:45","modified_gmt":"2022-07-21T12:15:45","slug":"talo-nergro-amaro-2017","status":"publish","type":"product","link":"https:\/\/pluginviet.com\/mau44\/san-pham\/talo-nergro-amaro-2017\/","title":{"rendered":"Talo Nergro Amaro 2017"},"content":{"rendered":"<p>Chai Vang \u00dd n\u00e0y c\u00f3 h\u01b0\u01a1ng th\u01a1m n\u1ed3ng n\u00e0n c\u1ee7a s\u1ef1 k\u1ebft h\u1ee3p gi\u1eefa c\u00e1c lo\u1ea1i tr\u00e1i c\u00e2y t\u1ef1 nhi\u00ean, c\u1ee7a vani, caramen c\u00f9ng ch\u00fat v\u1ecb cay. Ngo\u00e0i ra, n\u00f3 c\u00f2n c\u00f3 v\u1ecb c\u1ee7a c\u00e2y tuy\u1ebft t\u00f9ng k\u1ebft h\u1ee3p v\u1edbi ch\u00fat h\u01b0\u01a1ng li\u1ec7u gia v\u1ecb nh\u1eb9 nh\u00e0ng nh\u01b0ng \u0111\u00e3 \u0111\u1ea1t \u0111\u1ebfn \u0111\u1ed9 ch\u00edn mu\u1ed3i.<\/p>\n","protected":false},"excerpt":{"rendered":"<p>Chai Vang \u00dd n\u00e0y c\u00f3 h\u01b0\u01a1ng th\u01a1m n\u1ed3ng n\u00e0n c\u1ee7a s\u1ef1 k\u1ebft h\u1ee3p gi\u1eefa c\u00e1c lo\u1ea1i tr\u00e1i c\u00e2y t\u1ef1 nhi\u00ean, c\u1ee7a vani, caramen c\u00f9ng ch\u00fat v\u1ecb cay. Ngo\u00e0i ra, n\u00f3 c\u00f2n c\u00f3 v\u1ecb c\u1ee7a c\u00e2y tuy\u1ebft t\u00f9ng k\u1ebft h\u1ee3p v\u1edbi ch\u00fat h\u01b0\u01a1ng li\u1ec7u gia v\u1ecb nh\u1eb9 nh\u00e0ng nh\u01b0ng \u0111\u00e3 \u0111\u1ea1t \u0111\u1ebfn \u0111\u1ed9 ch\u00edn mu\u1ed3i.<\/p>\n","protected":false},"featured_media":837,"comment_status":"open","ping_status":"closed","template":"","meta":[],"pwb-brand":[],"product_cat":[17,81],"product_tag":[],"brands":[],"_links":{"self":[{"href":"https:\/\/pluginviet.com\/mau44\/wp-json\/wp\/v2\/product\/714"}],"collection":[{"href":"https:\/\/pluginviet.com\/mau44\/wp-json\/wp\/v2\/product"}],"about":[{"href":"https:\/\/pluginviet.com\/mau44\/wp-json\/wp\/v2\/types\/product"}],"replies":[{"embeddable":true,"href":"https:\/\/pluginviet.com\/mau44\/wp-json\/wp\/v2\/comments?post=714"}],"wp:featuredmedia":[{"embeddable":true,"href":"https:\/\/pluginviet.com\/mau44\/wp-json\/wp\/v2\/media\/837"}],"wp:attachment":[{"href":"https:\/\/pluginviet.com\/mau44\/wp-json\/wp\/v2\/media?parent=714"}],"wp:term":[{"taxonomy":"pwb-brand","embeddable":true,"href":"https:\/\/pluginviet.com\/mau44\/wp-json\/wp\/v2\/pwb-brand?post=714"},{"taxonomy":"product_cat","embeddable":true,"href":"https:\/\/pluginviet.com\/mau44\/wp-json\/wp\/v2\/product_cat?post=714"},{"taxonomy":"product_tag","embeddable":true,"href":"https:\/\/pluginviet.com\/mau44\/wp-json\/wp\/v2\/product_tag?post=714"}],"curies":[{"name":"wp","href":"https:\/\/api.w.org\/{rel}","templated":true}]}}