{"id":712,"date":"2022-07-21T15:13:04","date_gmt":"2022-07-21T08:13:04","guid":{"rendered":"https:\/\/khomaudep.com\/mauruou\/?post_type=product&#038;p=712"},"modified":"2022-07-21T19:16:32","modified_gmt":"2022-07-21T12:16:32","slug":"ruou-vang-primo-malvasia-chardonnay","status":"publish","type":"product","link":"https:\/\/pluginviet.com\/mau44\/san-pham\/ruou-vang-primo-malvasia-chardonnay\/","title":{"rendered":"R\u01b0\u1ee3u Vang Primo Malvasia Chardonnay"},"content":{"rendered":"<p>R\u01b0\u1ee3u c\u00f3 m\u00e0u v\u00e0ng r\u01a1m t\u01b0\u01a1i s\u00e1ng c\u00f9ng h\u01b0\u01a1ng th\u01a1m k\u1ebft h\u1ee3p c\u1ee7a c\u00e1c lo\u1ea1i tr\u00e1i c\u00e2y nhi\u1ec7t \u0111\u1edbi, c\u1ee7a qu\u1ea3 chu\u1ed1i, sung. Kh\u00f4ng ch\u1ec9 v\u1eady, vang c\u00f2n c\u00f3 v\u1ecb tannin nh\u1eb9 nh\u00e0ng v\u1edbi \u0111\u1ed9 chua v\u1eeba ph\u1ea3i t\u1ea1o n\u00ean m\u1ed9t th\u1ee9c u\u1ed1ng ph\u1ee9c h\u1ee3p v\u00e0 m\u00e3nh m\u1ebd.<\/p>\n","protected":false},"excerpt":{"rendered":"<p>R\u01b0\u1ee3u c\u00f3 m\u00e0u v\u00e0ng r\u01a1m t\u01b0\u01a1i s\u00e1ng c\u00f9ng h\u01b0\u01a1ng th\u01a1m k\u1ebft h\u1ee3p c\u1ee7a c\u00e1c lo\u1ea1i tr\u00e1i c\u00e2y nhi\u1ec7t \u0111\u1edbi, c\u1ee7a qu\u1ea3 chu\u1ed1i, sung. Kh\u00f4ng ch\u1ec9 v\u1eady, vang c\u00f2n c\u00f3 v\u1ecb tannin nh\u1eb9 nh\u00e0ng v\u1edbi \u0111\u1ed9 chua v\u1eeba ph\u1ea3i t\u1ea1o n\u00ean m\u1ed9t th\u1ee9c u\u1ed1ng ph\u1ee9c h\u1ee3p v\u00e0 m\u00e3nh m\u1ebd.<\/p>\n","protected":false},"featured_media":839,"comment_status":"open","ping_status":"closed","template":"","meta":[],"pwb-brand":[],"product_cat":[17,81],"product_tag":[],"brands":[],"_links":{"self":[{"href":"https:\/\/pluginviet.com\/mau44\/wp-json\/wp\/v2\/product\/712"}],"collection":[{"href":"https:\/\/pluginviet.com\/mau44\/wp-json\/wp\/v2\/product"}],"about":[{"href":"https:\/\/pluginviet.com\/mau44\/wp-json\/wp\/v2\/types\/product"}],"replies":[{"embeddable":true,"href":"https:\/\/pluginviet.com\/mau44\/wp-json\/wp\/v2\/comments?post=712"}],"wp:featuredmedia":[{"embeddable":true,"href":"https:\/\/pluginviet.com\/mau44\/wp-json\/wp\/v2\/media\/839"}],"wp:attachment":[{"href":"https:\/\/pluginviet.com\/mau44\/wp-json\/wp\/v2\/media?parent=712"}],"wp:term":[{"taxonomy":"pwb-brand","embeddable":true,"href":"https:\/\/pluginviet.com\/mau44\/wp-json\/wp\/v2\/pwb-brand?post=712"},{"taxonomy":"product_cat","embeddable":true,"href":"https:\/\/pluginviet.com\/mau44\/wp-json\/wp\/v2\/product_cat?post=712"},{"taxonomy":"product_tag","embeddable":true,"href":"https:\/\/pluginviet.com\/mau44\/wp-json\/wp\/v2\/product_tag?post=712"}],"curies":[{"name":"wp","href":"https:\/\/api.w.org\/{rel}","templated":true}]}}