{"id":711,"date":"2022-07-21T15:11:41","date_gmt":"2022-07-21T08:11:41","guid":{"rendered":"https:\/\/khomaudep.com\/mauruou\/?post_type=product&#038;p=711"},"modified":"2022-07-21T19:16:30","modified_gmt":"2022-07-21T12:16:30","slug":"ruou-vang-y-m-malvasia-nera","status":"publish","type":"product","link":"https:\/\/pluginviet.com\/mau44\/san-pham\/ruou-vang-y-m-malvasia-nera\/","title":{"rendered":"R\u01b0\u1ee3u Vang \u00dd M Malvasia Nera"},"content":{"rendered":"<p>R\u01b0\u1ee3u Vang \u00dd M Malvasia Nera, v\u1edbi m\u00e0u \u0111\u1ecf ruby \u0111\u1eadm v\u1edbi h\u01b0\u01a1ng th\u01a1m ph\u1ee9c h\u1ee3p gi\u1eefa d\u00e2u r\u1eebng, anh \u0111\u00e0o, chocolate v\u00e0 vani. M\u1ed9t lo\u1ea1i r\u01b0\u1ee3u tr\u1ecdn v\u1ecb v\u1edbi \u0111\u1ed9 m\u01b0\u1ee3t m\u00e0 v\u00e0 h\u01b0\u01a1ng v\u1ecb \u0111\u1ecdng l\u1ea1i l\u00e2u d\u00e0i<\/p>\n","protected":false},"excerpt":{"rendered":"<p>R\u01b0\u1ee3u Vang \u00dd M Malvasia Nera, v\u1edbi m\u00e0u \u0111\u1ecf ruby \u0111\u1eadm v\u1edbi h\u01b0\u01a1ng th\u01a1m ph\u1ee9c h\u1ee3p gi\u1eefa d\u00e2u r\u1eebng, anh \u0111\u00e0o, chocolate v\u00e0 vani. M\u1ed9t lo\u1ea1i r\u01b0\u1ee3u tr\u1ecdn v\u1ecb v\u1edbi \u0111\u1ed9 m\u01b0\u1ee3t m\u00e0 v\u00e0 h\u01b0\u01a1ng v\u1ecb \u0111\u1ecdng l\u1ea1i l\u00e2u d\u00e0i<\/p>\n","protected":false},"featured_media":840,"comment_status":"open","ping_status":"closed","template":"","meta":[],"pwb-brand":[],"product_cat":[17,81],"product_tag":[],"brands":[],"_links":{"self":[{"href":"https:\/\/pluginviet.com\/mau44\/wp-json\/wp\/v2\/product\/711"}],"collection":[{"href":"https:\/\/pluginviet.com\/mau44\/wp-json\/wp\/v2\/product"}],"about":[{"href":"https:\/\/pluginviet.com\/mau44\/wp-json\/wp\/v2\/types\/product"}],"replies":[{"embeddable":true,"href":"https:\/\/pluginviet.com\/mau44\/wp-json\/wp\/v2\/comments?post=711"}],"wp:featuredmedia":[{"embeddable":true,"href":"https:\/\/pluginviet.com\/mau44\/wp-json\/wp\/v2\/media\/840"}],"wp:attachment":[{"href":"https:\/\/pluginviet.com\/mau44\/wp-json\/wp\/v2\/media?parent=711"}],"wp:term":[{"taxonomy":"pwb-brand","embeddable":true,"href":"https:\/\/pluginviet.com\/mau44\/wp-json\/wp\/v2\/pwb-brand?post=711"},{"taxonomy":"product_cat","embeddable":true,"href":"https:\/\/pluginviet.com\/mau44\/wp-json\/wp\/v2\/product_cat?post=711"},{"taxonomy":"product_tag","embeddable":true,"href":"https:\/\/pluginviet.com\/mau44\/wp-json\/wp\/v2\/product_tag?post=711"}],"curies":[{"name":"wp","href":"https:\/\/api.w.org\/{rel}","templated":true}]}}