{"id":710,"date":"2022-07-21T15:10:30","date_gmt":"2022-07-21T08:10:30","guid":{"rendered":"https:\/\/khomaudep.com\/mauruou\/?post_type=product&#038;p=710"},"modified":"2022-07-21T19:16:54","modified_gmt":"2022-07-21T12:16:54","slug":"m-merlot-salento-limited","status":"publish","type":"product","link":"https:\/\/pluginviet.com\/mau44\/san-pham\/m-merlot-salento-limited\/","title":{"rendered":"M Merlot Salento  Limited"},"content":{"rendered":"<p>M Merlot Salento h\u01b0\u01a1ng v\u1ecb quy\u1ebfn r\u0169 t\u1eeb tr\u00e1i m\u1ecdng, hoa h\u1ed3ng, \u0111inh h\u01b0\u01a1ng ho\u00e0 quy\u1ec7n v\u1edbi vani ng\u1ecdt ng\u00e0o v\u00e0 b\u00e1nh m\u00ec n\u01b0\u1edbng \u1ea5m \u00e1p. M\u1ed7i ng\u1ee5m M Merlot Salento \u0111\u01b0\u1ee3c n\u00e2ng l\u00ean, \u0111\u00f3 l\u00e0 m\u1ed9t h\u00e0nh tr\u00ecnh h\u1ea5p d\u1eabn \u0111\u1ec3 kh\u00e1m ph\u00e1 m\u00e0u s\u1eafc, h\u01b0\u01a1ng th\u01a1m v\u00e0 h\u01b0\u01a1ng v\u1ecb ho\u00e0n to\u00e0n m\u1edbi l\u1ea1 m\u00e0 v\u1eabn duy tr\u00ec s\u1ef1 quen thu\u1ed9c \u0111\u1eb7c tr\u01b0ng th\u01b0\u1eddng th\u1ea5y c\u1ee7a\u00a0r\u01b0\u1ee3u vang \u00dd.<\/p>\n","protected":false},"excerpt":{"rendered":"<p>M Merlot Salento h\u01b0\u01a1ng v\u1ecb quy\u1ebfn r\u0169 t\u1eeb tr\u00e1i m\u1ecdng, hoa h\u1ed3ng, \u0111inh h\u01b0\u01a1ng ho\u00e0 quy\u1ec7n v\u1edbi vani ng\u1ecdt ng\u00e0o v\u00e0 b\u00e1nh m\u00ec n\u01b0\u1edbng \u1ea5m \u00e1p. M\u1ed7i ng\u1ee5m M Merlot Salento \u0111\u01b0\u1ee3c n\u00e2ng l\u00ean, \u0111\u00f3 l\u00e0 m\u1ed9t h\u00e0nh tr\u00ecnh h\u1ea5p d\u1eabn \u0111\u1ec3 kh\u00e1m ph\u00e1 m\u00e0u s\u1eafc, h\u01b0\u01a1ng th\u01a1m v\u00e0 h\u01b0\u01a1ng v\u1ecb ho\u00e0n to\u00e0n m\u1edbi l\u1ea1 &#8230;<\/p>\n","protected":false},"featured_media":841,"comment_status":"open","ping_status":"closed","template":"","meta":[],"pwb-brand":[],"product_cat":[17,81],"product_tag":[],"brands":[],"_links":{"self":[{"href":"https:\/\/pluginviet.com\/mau44\/wp-json\/wp\/v2\/product\/710"}],"collection":[{"href":"https:\/\/pluginviet.com\/mau44\/wp-json\/wp\/v2\/product"}],"about":[{"href":"https:\/\/pluginviet.com\/mau44\/wp-json\/wp\/v2\/types\/product"}],"replies":[{"embeddable":true,"href":"https:\/\/pluginviet.com\/mau44\/wp-json\/wp\/v2\/comments?post=710"}],"wp:featuredmedia":[{"embeddable":true,"href":"https:\/\/pluginviet.com\/mau44\/wp-json\/wp\/v2\/media\/841"}],"wp:attachment":[{"href":"https:\/\/pluginviet.com\/mau44\/wp-json\/wp\/v2\/media?parent=710"}],"wp:term":[{"taxonomy":"pwb-brand","embeddable":true,"href":"https:\/\/pluginviet.com\/mau44\/wp-json\/wp\/v2\/pwb-brand?post=710"},{"taxonomy":"product_cat","embeddable":true,"href":"https:\/\/pluginviet.com\/mau44\/wp-json\/wp\/v2\/product_cat?post=710"},{"taxonomy":"product_tag","embeddable":true,"href":"https:\/\/pluginviet.com\/mau44\/wp-json\/wp\/v2\/product_tag?post=710"}],"curies":[{"name":"wp","href":"https:\/\/api.w.org\/{rel}","templated":true}]}}