{"id":709,"date":"2022-07-21T15:09:22","date_gmt":"2022-07-21T08:09:22","guid":{"rendered":"https:\/\/khomaudep.com\/mauruou\/?post_type=product&#038;p=709"},"modified":"2022-07-21T19:17:06","modified_gmt":"2022-07-21T12:17:06","slug":"17-edizione-limited","status":"publish","type":"product","link":"https:\/\/pluginviet.com\/mau44\/san-pham\/17-edizione-limited\/","title":{"rendered":"\u00a017 Edizione Limited"},"content":{"rendered":"<p>H\u01b0\u01a1ng v\u1ecb c\u1ee7a ch\u00fang l\u00e0 s\u1ef1 k\u1ebft h\u1ee3p ng\u1ecdt ng\u00e0o, tinh t\u1ebf t\u1eeb h\u01b0\u01a1ng tr\u00e1i c\u00e2y c\u1ee7a d\u00e2u \u0111en v\u00e0 anh \u0111\u00e0o, \u0111\u01b0\u1ee3c l\u00e0m gi\u00e0u v\u1edbi c\u00e1c ghi ch\u00fa c\u1ee7a c\u00e1c lo\u1ea1i th\u1ea3o m\u1ed9c th\u01a1m, qu\u1ebf, \u0111inh h\u01b0\u01a1ng, ca cao, cam th\u1ea3.<\/p>\n","protected":false},"excerpt":{"rendered":"<p>H\u01b0\u01a1ng v\u1ecb c\u1ee7a ch\u00fang l\u00e0 s\u1ef1 k\u1ebft h\u1ee3p ng\u1ecdt ng\u00e0o, tinh t\u1ebf t\u1eeb h\u01b0\u01a1ng tr\u00e1i c\u00e2y c\u1ee7a d\u00e2u \u0111en v\u00e0 anh \u0111\u00e0o, \u0111\u01b0\u1ee3c l\u00e0m gi\u00e0u v\u1edbi c\u00e1c ghi ch\u00fa c\u1ee7a c\u00e1c lo\u1ea1i th\u1ea3o m\u1ed9c th\u01a1m, qu\u1ebf, \u0111inh h\u01b0\u01a1ng, ca cao, cam th\u1ea3.<\/p>\n","protected":false},"featured_media":842,"comment_status":"open","ping_status":"closed","template":"","meta":[],"pwb-brand":[],"product_cat":[17,81],"product_tag":[],"brands":[],"_links":{"self":[{"href":"https:\/\/pluginviet.com\/mau44\/wp-json\/wp\/v2\/product\/709"}],"collection":[{"href":"https:\/\/pluginviet.com\/mau44\/wp-json\/wp\/v2\/product"}],"about":[{"href":"https:\/\/pluginviet.com\/mau44\/wp-json\/wp\/v2\/types\/product"}],"replies":[{"embeddable":true,"href":"https:\/\/pluginviet.com\/mau44\/wp-json\/wp\/v2\/comments?post=709"}],"wp:featuredmedia":[{"embeddable":true,"href":"https:\/\/pluginviet.com\/mau44\/wp-json\/wp\/v2\/media\/842"}],"wp:attachment":[{"href":"https:\/\/pluginviet.com\/mau44\/wp-json\/wp\/v2\/media?parent=709"}],"wp:term":[{"taxonomy":"pwb-brand","embeddable":true,"href":"https:\/\/pluginviet.com\/mau44\/wp-json\/wp\/v2\/pwb-brand?post=709"},{"taxonomy":"product_cat","embeddable":true,"href":"https:\/\/pluginviet.com\/mau44\/wp-json\/wp\/v2\/product_cat?post=709"},{"taxonomy":"product_tag","embeddable":true,"href":"https:\/\/pluginviet.com\/mau44\/wp-json\/wp\/v2\/product_tag?post=709"}],"curies":[{"name":"wp","href":"https:\/\/api.w.org\/{rel}","templated":true}]}}