{"id":708,"date":"2022-07-21T15:08:15","date_gmt":"2022-07-21T08:08:15","guid":{"rendered":"https:\/\/khomaudep.com\/mauruou\/?post_type=product&#038;p=708"},"modified":"2022-07-21T19:17:18","modified_gmt":"2022-07-21T12:17:18","slug":"vang-trang-tavernello-rubicone-trebbiano-chardonnay","status":"publish","type":"product","link":"https:\/\/pluginviet.com\/mau44\/san-pham\/vang-trang-tavernello-rubicone-trebbiano-chardonnay\/","title":{"rendered":"Vang tr\u1eafng Tavernello Rubicone Trebbiano Chardonnay"},"content":{"rendered":"<p>R\u01b0\u1ee3u vang tr\u1eafng Tavernello Rubicone th\u1ec3 hi\u1ec7n s\u1eafc n\u00e9t nh\u1eefng h\u01b0\u01a1ng v\u1ecb \u0111\u1eb7c tr\u01b0ng nh\u1ea5t t\u1eeb hai gi\u1ed1ng nho Trebbiano v\u00e0 Chardonnay. Vang mang h\u01b0\u01a1ng th\u01a1m quy\u1ebfn r\u0169 t\u1eeb c\u00e1c lo\u1ea1i tr\u00e1i c\u00e2y c\u00f3 m\u00fai nh\u01b0 chanh, b\u01b0\u1edfi\u2026 c\u00f9ng nh\u1eefng h\u01b0\u01a1ng v\u1ecb h\u1ea5p d\u1eabn t\u1eeb t\u00e1o v\u00e0 l\u00ea trong v\u00f2m mi\u1ec7ng<\/p>\n","protected":false},"excerpt":{"rendered":"<p>R\u01b0\u1ee3u vang tr\u1eafng Tavernello Rubicone th\u1ec3 hi\u1ec7n s\u1eafc n\u00e9t nh\u1eefng h\u01b0\u01a1ng v\u1ecb \u0111\u1eb7c tr\u01b0ng nh\u1ea5t t\u1eeb hai gi\u1ed1ng nho Trebbiano v\u00e0 Chardonnay. Vang mang h\u01b0\u01a1ng th\u01a1m quy\u1ebfn r\u0169 t\u1eeb c\u00e1c lo\u1ea1i tr\u00e1i c\u00e2y c\u00f3 m\u00fai nh\u01b0 chanh, b\u01b0\u1edfi\u2026 c\u00f9ng nh\u1eefng h\u01b0\u01a1ng v\u1ecb h\u1ea5p d\u1eabn t\u1eeb t\u00e1o v\u00e0 l\u00ea trong v\u00f2m mi\u1ec7ng<\/p>\n","protected":false},"featured_media":843,"comment_status":"open","ping_status":"closed","template":"","meta":[],"pwb-brand":[],"product_cat":[17,81],"product_tag":[],"brands":[],"_links":{"self":[{"href":"https:\/\/pluginviet.com\/mau44\/wp-json\/wp\/v2\/product\/708"}],"collection":[{"href":"https:\/\/pluginviet.com\/mau44\/wp-json\/wp\/v2\/product"}],"about":[{"href":"https:\/\/pluginviet.com\/mau44\/wp-json\/wp\/v2\/types\/product"}],"replies":[{"embeddable":true,"href":"https:\/\/pluginviet.com\/mau44\/wp-json\/wp\/v2\/comments?post=708"}],"wp:featuredmedia":[{"embeddable":true,"href":"https:\/\/pluginviet.com\/mau44\/wp-json\/wp\/v2\/media\/843"}],"wp:attachment":[{"href":"https:\/\/pluginviet.com\/mau44\/wp-json\/wp\/v2\/media?parent=708"}],"wp:term":[{"taxonomy":"pwb-brand","embeddable":true,"href":"https:\/\/pluginviet.com\/mau44\/wp-json\/wp\/v2\/pwb-brand?post=708"},{"taxonomy":"product_cat","embeddable":true,"href":"https:\/\/pluginviet.com\/mau44\/wp-json\/wp\/v2\/product_cat?post=708"},{"taxonomy":"product_tag","embeddable":true,"href":"https:\/\/pluginviet.com\/mau44\/wp-json\/wp\/v2\/product_tag?post=708"}],"curies":[{"name":"wp","href":"https:\/\/api.w.org\/{rel}","templated":true}]}}