{"id":707,"date":"2022-07-21T15:07:20","date_gmt":"2022-07-21T08:07:20","guid":{"rendered":"https:\/\/khomaudep.com\/mauruou\/?post_type=product&#038;p=707"},"modified":"2022-07-21T19:17:34","modified_gmt":"2022-07-21T12:17:34","slug":"vang-il-bacca-primitivo-di-manduria","status":"publish","type":"product","link":"https:\/\/pluginviet.com\/mau44\/san-pham\/vang-il-bacca-primitivo-di-manduria\/","title":{"rendered":"Vang IL Bacca Primitivo di Manduria"},"content":{"rendered":"<p>R\u01b0\u1ee3u vang c\u00f3 m\u00e0u \u0111\u1ecf ruby v\u1edbi \u00e1nh t\u00edm \u1edf r\u00eca ly. H\u01b0\u01a1ng th\u01a1m ng\u00e0o ng\u1ea1t c\u1ee7a anh \u0111\u00e0o, qu\u1ea3 m\u00e2m x\u00f4i k\u00e8m theo m\u00f9i h\u01b0\u01a1ng c\u1ee7a thu\u1ed1c l\u00e1 b\u1ea1c h\u00e0, h\u01a1i m\u1ed9t ch\u00fat cay n\u1ed3ng c\u1ee7a qu\u1ebf. V\u1ecb cay n\u00e0y khi\u1ebfn r\u01b0\u1ee3u vang c\u00f3 c\u1ea3m gi\u00e1c ng\u1ecdt \u1edf mi\u1ec7ng v\u00e0 t\u1ea1o ra m\u1ed9t k\u1ebft th\u00fac \u0111\u1ea7y d\u01b0 v\u1ecb c\u1ee7a cacao v\u00e0 c\u00e0 ph\u00ea.<\/p>\n","protected":false},"excerpt":{"rendered":"<p>R\u01b0\u1ee3u vang c\u00f3 m\u00e0u \u0111\u1ecf ruby v\u1edbi \u00e1nh t\u00edm \u1edf r\u00eca ly. H\u01b0\u01a1ng th\u01a1m ng\u00e0o ng\u1ea1t c\u1ee7a anh \u0111\u00e0o, qu\u1ea3 m\u00e2m x\u00f4i k\u00e8m theo m\u00f9i h\u01b0\u01a1ng c\u1ee7a thu\u1ed1c l\u00e1 b\u1ea1c h\u00e0, h\u01a1i m\u1ed9t ch\u00fat cay n\u1ed3ng c\u1ee7a qu\u1ebf. V\u1ecb cay n\u00e0y khi\u1ebfn r\u01b0\u1ee3u vang c\u00f3 c\u1ea3m gi\u00e1c ng\u1ecdt \u1edf mi\u1ec7ng v\u00e0 t\u1ea1o ra m\u1ed9t k\u1ebft &#8230;<\/p>\n","protected":false},"featured_media":844,"comment_status":"open","ping_status":"closed","template":"","meta":[],"pwb-brand":[],"product_cat":[17,81],"product_tag":[],"brands":[],"_links":{"self":[{"href":"https:\/\/pluginviet.com\/mau44\/wp-json\/wp\/v2\/product\/707"}],"collection":[{"href":"https:\/\/pluginviet.com\/mau44\/wp-json\/wp\/v2\/product"}],"about":[{"href":"https:\/\/pluginviet.com\/mau44\/wp-json\/wp\/v2\/types\/product"}],"replies":[{"embeddable":true,"href":"https:\/\/pluginviet.com\/mau44\/wp-json\/wp\/v2\/comments?post=707"}],"wp:featuredmedia":[{"embeddable":true,"href":"https:\/\/pluginviet.com\/mau44\/wp-json\/wp\/v2\/media\/844"}],"wp:attachment":[{"href":"https:\/\/pluginviet.com\/mau44\/wp-json\/wp\/v2\/media?parent=707"}],"wp:term":[{"taxonomy":"pwb-brand","embeddable":true,"href":"https:\/\/pluginviet.com\/mau44\/wp-json\/wp\/v2\/pwb-brand?post=707"},{"taxonomy":"product_cat","embeddable":true,"href":"https:\/\/pluginviet.com\/mau44\/wp-json\/wp\/v2\/product_cat?post=707"},{"taxonomy":"product_tag","embeddable":true,"href":"https:\/\/pluginviet.com\/mau44\/wp-json\/wp\/v2\/product_tag?post=707"}],"curies":[{"name":"wp","href":"https:\/\/api.w.org\/{rel}","templated":true}]}}