{"id":706,"date":"2022-07-21T15:06:31","date_gmt":"2022-07-21T08:06:31","guid":{"rendered":"https:\/\/khomaudep.com\/mauruou\/?post_type=product&#038;p=706"},"modified":"2022-07-21T19:17:48","modified_gmt":"2022-07-21T12:17:48","slug":"vang-canace-nero-di-troia-2013","status":"publish","type":"product","link":"https:\/\/pluginviet.com\/mau44\/san-pham\/vang-canace-nero-di-troia-2013\/","title":{"rendered":"Vang CANACE NERO DI TROIA 2013"},"content":{"rendered":"<p>H\u01b0\u01a1ng tr\u00e1i c\u00e2y ng\u1ecdt ng\u00e0o tr\u00e0n \u0111\u1ea7y trong v\u00f2m mi\u1ec7ng. R\u01b0\u1ee3u \u0111\u1ea7y \u0111\u1ee7 v\u1edbi anh \u0111\u00e0o, qu\u1ea3 h\u1ea1nh nh\u00e2n v\u00e0 m\u00f9i qu\u1ebf. Vi\u0323 cha\u0301t k\u00e9o d\u00e0i h\u1eadu v\u1ecb t\u01b0\u01a1i tr\u1ebb s\u1ea3n kho\u00e1i.<\/p>\n","protected":false},"excerpt":{"rendered":"<p>H\u01b0\u01a1ng tr\u00e1i c\u00e2y ng\u1ecdt ng\u00e0o tr\u00e0n \u0111\u1ea7y trong v\u00f2m mi\u1ec7ng. R\u01b0\u1ee3u \u0111\u1ea7y \u0111\u1ee7 v\u1edbi anh \u0111\u00e0o, qu\u1ea3 h\u1ea1nh nh\u00e2n v\u00e0 m\u00f9i qu\u1ebf. Vi\u0323 cha\u0301t k\u00e9o d\u00e0i h\u1eadu v\u1ecb t\u01b0\u01a1i tr\u1ebb s\u1ea3n kho\u00e1i.<\/p>\n","protected":false},"featured_media":845,"comment_status":"open","ping_status":"closed","template":"","meta":[],"pwb-brand":[],"product_cat":[17,81],"product_tag":[],"brands":[],"_links":{"self":[{"href":"https:\/\/pluginviet.com\/mau44\/wp-json\/wp\/v2\/product\/706"}],"collection":[{"href":"https:\/\/pluginviet.com\/mau44\/wp-json\/wp\/v2\/product"}],"about":[{"href":"https:\/\/pluginviet.com\/mau44\/wp-json\/wp\/v2\/types\/product"}],"replies":[{"embeddable":true,"href":"https:\/\/pluginviet.com\/mau44\/wp-json\/wp\/v2\/comments?post=706"}],"wp:featuredmedia":[{"embeddable":true,"href":"https:\/\/pluginviet.com\/mau44\/wp-json\/wp\/v2\/media\/845"}],"wp:attachment":[{"href":"https:\/\/pluginviet.com\/mau44\/wp-json\/wp\/v2\/media?parent=706"}],"wp:term":[{"taxonomy":"pwb-brand","embeddable":true,"href":"https:\/\/pluginviet.com\/mau44\/wp-json\/wp\/v2\/pwb-brand?post=706"},{"taxonomy":"product_cat","embeddable":true,"href":"https:\/\/pluginviet.com\/mau44\/wp-json\/wp\/v2\/product_cat?post=706"},{"taxonomy":"product_tag","embeddable":true,"href":"https:\/\/pluginviet.com\/mau44\/wp-json\/wp\/v2\/product_tag?post=706"}],"curies":[{"name":"wp","href":"https:\/\/api.w.org\/{rel}","templated":true}]}}