{"id":704,"date":"2022-07-21T15:03:22","date_gmt":"2022-07-21T08:03:22","guid":{"rendered":"https:\/\/khomaudep.com\/mauruou\/?post_type=product&#038;p=704"},"modified":"2022-07-21T19:18:22","modified_gmt":"2022-07-21T12:18:22","slug":"ruou-vang-il-pumo-negroamaro-igp-salento","status":"publish","type":"product","link":"https:\/\/pluginviet.com\/mau44\/san-pham\/ruou-vang-il-pumo-negroamaro-igp-salento\/","title":{"rendered":"R\u01b0\u1ee3u vang IL Pumo Negroamaro IGP Salento"},"content":{"rendered":"<p>Vang IL Pumo c\u00f3 m\u00e0u \u0111\u1ecf \u0111\u1eadm. H\u01b0\u01a1ng th\u01a1m ph\u1ee9c h\u1ee3p c\u1ee7a anh \u0111\u00e0o, h\u01b0\u01a1ng th\u1ea3o v\u00e0 vani k\u1ebft h\u1ee3p v\u1edbi \u0111\u1ed9 chua c\u00e2n b\u1eb1ng. H\u1eadu v\u1ecb ch\u00e1t c\u00e2n b\u1eb1ng<\/p>\n","protected":false},"excerpt":{"rendered":"<p>Vang IL Pumo c\u00f3 m\u00e0u \u0111\u1ecf \u0111\u1eadm. H\u01b0\u01a1ng th\u01a1m ph\u1ee9c h\u1ee3p c\u1ee7a anh \u0111\u00e0o, h\u01b0\u01a1ng th\u1ea3o v\u00e0 vani k\u1ebft h\u1ee3p v\u1edbi \u0111\u1ed9 chua c\u00e2n b\u1eb1ng. H\u1eadu v\u1ecb ch\u00e1t c\u00e2n b\u1eb1ng<\/p>\n","protected":false},"featured_media":847,"comment_status":"open","ping_status":"closed","template":"","meta":[],"pwb-brand":[],"product_cat":[17,81],"product_tag":[],"brands":[],"_links":{"self":[{"href":"https:\/\/pluginviet.com\/mau44\/wp-json\/wp\/v2\/product\/704"}],"collection":[{"href":"https:\/\/pluginviet.com\/mau44\/wp-json\/wp\/v2\/product"}],"about":[{"href":"https:\/\/pluginviet.com\/mau44\/wp-json\/wp\/v2\/types\/product"}],"replies":[{"embeddable":true,"href":"https:\/\/pluginviet.com\/mau44\/wp-json\/wp\/v2\/comments?post=704"}],"wp:featuredmedia":[{"embeddable":true,"href":"https:\/\/pluginviet.com\/mau44\/wp-json\/wp\/v2\/media\/847"}],"wp:attachment":[{"href":"https:\/\/pluginviet.com\/mau44\/wp-json\/wp\/v2\/media?parent=704"}],"wp:term":[{"taxonomy":"pwb-brand","embeddable":true,"href":"https:\/\/pluginviet.com\/mau44\/wp-json\/wp\/v2\/pwb-brand?post=704"},{"taxonomy":"product_cat","embeddable":true,"href":"https:\/\/pluginviet.com\/mau44\/wp-json\/wp\/v2\/product_cat?post=704"},{"taxonomy":"product_tag","embeddable":true,"href":"https:\/\/pluginviet.com\/mau44\/wp-json\/wp\/v2\/product_tag?post=704"}],"curies":[{"name":"wp","href":"https:\/\/api.w.org\/{rel}","templated":true}]}}