{"id":703,"date":"2022-07-21T15:01:15","date_gmt":"2022-07-21T08:01:15","guid":{"rendered":"https:\/\/khomaudep.com\/mauruou\/?post_type=product&#038;p=703"},"modified":"2022-07-21T19:18:39","modified_gmt":"2022-07-21T12:18:39","slug":"ruou-vang-gemma-di-luna-moscato","status":"publish","type":"product","link":"https:\/\/pluginviet.com\/mau44\/san-pham\/ruou-vang-gemma-di-luna-moscato\/","title":{"rendered":"R\u01b0\u1ee3u Vang Gemma Di Luna Moscato"},"content":{"rendered":"<p>\u0110\u01b0\u1ee3c l\u00e0m n\u00ean t\u1eeb s\u1ef1 k\u1ebft h\u1ee3p ho\u00e0n h\u1ea3o gi\u1eefa nh\u1eefng tr\u00e1i nho Moscato, b\u1edfi l\u1ebd \u0111\u00f3 m\u00e0 h\u01b0\u01a1ng v\u1ecb vang ch\u00ednh l\u00e0 s\u1ef1 k\u1ebf th\u1eeba t\u1eeb h\u01b0\u01a1ng th\u01a1m \u0111\u1eadm \u0111\u00e0 v\u00e0 tr\u1ecdn v\u1eb9n c\u1ee7a gi\u1ed1ng nho \u1ea5y.<\/p>\n","protected":false},"excerpt":{"rendered":"<p>\u0110\u01b0\u1ee3c l\u00e0m n\u00ean t\u1eeb s\u1ef1 k\u1ebft h\u1ee3p ho\u00e0n h\u1ea3o gi\u1eefa nh\u1eefng tr\u00e1i nho Moscato, b\u1edfi l\u1ebd \u0111\u00f3 m\u00e0 h\u01b0\u01a1ng v\u1ecb vang ch\u00ednh l\u00e0 s\u1ef1 k\u1ebf th\u1eeba t\u1eeb h\u01b0\u01a1ng th\u01a1m \u0111\u1eadm \u0111\u00e0 v\u00e0 tr\u1ecdn v\u1eb9n c\u1ee7a gi\u1ed1ng nho \u1ea5y.<\/p>\n","protected":false},"featured_media":848,"comment_status":"open","ping_status":"closed","template":"","meta":[],"pwb-brand":[],"product_cat":[17,81],"product_tag":[],"brands":[],"_links":{"self":[{"href":"https:\/\/pluginviet.com\/mau44\/wp-json\/wp\/v2\/product\/703"}],"collection":[{"href":"https:\/\/pluginviet.com\/mau44\/wp-json\/wp\/v2\/product"}],"about":[{"href":"https:\/\/pluginviet.com\/mau44\/wp-json\/wp\/v2\/types\/product"}],"replies":[{"embeddable":true,"href":"https:\/\/pluginviet.com\/mau44\/wp-json\/wp\/v2\/comments?post=703"}],"wp:featuredmedia":[{"embeddable":true,"href":"https:\/\/pluginviet.com\/mau44\/wp-json\/wp\/v2\/media\/848"}],"wp:attachment":[{"href":"https:\/\/pluginviet.com\/mau44\/wp-json\/wp\/v2\/media?parent=703"}],"wp:term":[{"taxonomy":"pwb-brand","embeddable":true,"href":"https:\/\/pluginviet.com\/mau44\/wp-json\/wp\/v2\/pwb-brand?post=703"},{"taxonomy":"product_cat","embeddable":true,"href":"https:\/\/pluginviet.com\/mau44\/wp-json\/wp\/v2\/product_cat?post=703"},{"taxonomy":"product_tag","embeddable":true,"href":"https:\/\/pluginviet.com\/mau44\/wp-json\/wp\/v2\/product_tag?post=703"}],"curies":[{"name":"wp","href":"https:\/\/api.w.org\/{rel}","templated":true}]}}