{"id":702,"date":"2022-07-21T15:00:01","date_gmt":"2022-07-21T08:00:01","guid":{"rendered":"https:\/\/khomaudep.com\/mauruou\/?post_type=product&#038;p=702"},"modified":"2022-07-21T19:18:50","modified_gmt":"2022-07-21T12:18:50","slug":"vang-do-vindoro-gold-karat-2019","status":"publish","type":"product","link":"https:\/\/pluginviet.com\/mau44\/san-pham\/vang-do-vindoro-gold-karat-2019\/","title":{"rendered":"Vang \u0111\u1ecf Vindoro Gold Karat 2019"},"content":{"rendered":"<p>Vindoro Gold c\u00f3 h\u01b0\u01a1ng v\u1ecb c\u00f4 \u0111\u1ecdng, \u0111\u1eadm n\u00e9t, \u1ea5m b\u1eebng l\u00ean h\u01b0\u01a1ng tr\u00e1i m\u1eadn \u0111en, anh \u0111\u00e0o ch\u00edn m\u1ecdng, m\u1ee9t qu\u1ea3 \u0111\u1ecf, ho\u00e0 quy\u1ec7n m\u1ecbn m\u00e0ng trong v\u1ecb ch\u00e1t d\u00e0y d\u1eb7n nhung l\u1ee5a, k\u00e9o theo h\u01b0\u01a1ng vanilla, \u0111inh h\u01b0\u01a1ng, s\u00f4 c\u00f4 la tr\u1eafng v\u00e0 g\u1ed7 \u0111\u00e0n h\u01b0\u01a1ng sang tr\u1ecdng.<\/p>\n","protected":false},"excerpt":{"rendered":"<p>Vindoro Gold c\u00f3 h\u01b0\u01a1ng v\u1ecb c\u00f4 \u0111\u1ecdng, \u0111\u1eadm n\u00e9t, \u1ea5m b\u1eebng l\u00ean h\u01b0\u01a1ng tr\u00e1i m\u1eadn \u0111en, anh \u0111\u00e0o ch\u00edn m\u1ecdng, m\u1ee9t qu\u1ea3 \u0111\u1ecf, ho\u00e0 quy\u1ec7n m\u1ecbn m\u00e0ng trong v\u1ecb ch\u00e1t d\u00e0y d\u1eb7n nhung l\u1ee5a, k\u00e9o theo h\u01b0\u01a1ng vanilla, \u0111inh h\u01b0\u01a1ng, s\u00f4 c\u00f4 la tr\u1eafng v\u00e0 g\u1ed7 \u0111\u00e0n h\u01b0\u01a1ng sang tr\u1ecdng.<\/p>\n","protected":false},"featured_media":849,"comment_status":"open","ping_status":"closed","template":"","meta":[],"pwb-brand":[],"product_cat":[17,81],"product_tag":[],"brands":[],"_links":{"self":[{"href":"https:\/\/pluginviet.com\/mau44\/wp-json\/wp\/v2\/product\/702"}],"collection":[{"href":"https:\/\/pluginviet.com\/mau44\/wp-json\/wp\/v2\/product"}],"about":[{"href":"https:\/\/pluginviet.com\/mau44\/wp-json\/wp\/v2\/types\/product"}],"replies":[{"embeddable":true,"href":"https:\/\/pluginviet.com\/mau44\/wp-json\/wp\/v2\/comments?post=702"}],"wp:featuredmedia":[{"embeddable":true,"href":"https:\/\/pluginviet.com\/mau44\/wp-json\/wp\/v2\/media\/849"}],"wp:attachment":[{"href":"https:\/\/pluginviet.com\/mau44\/wp-json\/wp\/v2\/media?parent=702"}],"wp:term":[{"taxonomy":"pwb-brand","embeddable":true,"href":"https:\/\/pluginviet.com\/mau44\/wp-json\/wp\/v2\/pwb-brand?post=702"},{"taxonomy":"product_cat","embeddable":true,"href":"https:\/\/pluginviet.com\/mau44\/wp-json\/wp\/v2\/product_cat?post=702"},{"taxonomy":"product_tag","embeddable":true,"href":"https:\/\/pluginviet.com\/mau44\/wp-json\/wp\/v2\/product_tag?post=702"}],"curies":[{"name":"wp","href":"https:\/\/api.w.org\/{rel}","templated":true}]}}