{"id":701,"date":"2022-07-21T14:56:00","date_gmt":"2022-07-21T07:56:00","guid":{"rendered":"https:\/\/khomaudep.com\/mauruou\/?post_type=product&#038;p=701"},"modified":"2022-07-21T19:19:02","modified_gmt":"2022-07-21T12:19:02","slug":"ruou-vang-y-tropical-mango-moscato","status":"publish","type":"product","link":"https:\/\/pluginviet.com\/mau44\/san-pham\/ruou-vang-y-tropical-mango-moscato\/","title":{"rendered":"R\u01b0\u1ee3u vang \u00dd Tropical Mango Moscato"},"content":{"rendered":"<p>H\u01b0\u01a1ng th\u01a1m t\u01b0\u01a1i m\u00e1t c\u1ee7a hoa qu\u1ea3 nhi\u1ec7t \u0111\u1edbi v\u00e0 xo\u00e0i ch\u00edn ho\u00e0n to\u00e0n \u0111\u01b0\u1ee3c c\u00e2n b\u1eb1ng b\u1edfi m\u1ed9t h\u1eadu v\u1ecb s\u1eafc n\u00e9t v\u00e0 t\u01b0\u01a1i m\u1edbi.<\/p>\n","protected":false},"excerpt":{"rendered":"<p>H\u01b0\u01a1ng th\u01a1m t\u01b0\u01a1i m\u00e1t c\u1ee7a hoa qu\u1ea3 nhi\u1ec7t \u0111\u1edbi v\u00e0 xo\u00e0i ch\u00edn ho\u00e0n to\u00e0n \u0111\u01b0\u1ee3c c\u00e2n b\u1eb1ng b\u1edfi m\u1ed9t h\u1eadu v\u1ecb s\u1eafc n\u00e9t v\u00e0 t\u01b0\u01a1i m\u1edbi.<\/p>\n","protected":false},"featured_media":850,"comment_status":"open","ping_status":"closed","template":"","meta":[],"pwb-brand":[],"product_cat":[17,81],"product_tag":[],"brands":[],"_links":{"self":[{"href":"https:\/\/pluginviet.com\/mau44\/wp-json\/wp\/v2\/product\/701"}],"collection":[{"href":"https:\/\/pluginviet.com\/mau44\/wp-json\/wp\/v2\/product"}],"about":[{"href":"https:\/\/pluginviet.com\/mau44\/wp-json\/wp\/v2\/types\/product"}],"replies":[{"embeddable":true,"href":"https:\/\/pluginviet.com\/mau44\/wp-json\/wp\/v2\/comments?post=701"}],"wp:featuredmedia":[{"embeddable":true,"href":"https:\/\/pluginviet.com\/mau44\/wp-json\/wp\/v2\/media\/850"}],"wp:attachment":[{"href":"https:\/\/pluginviet.com\/mau44\/wp-json\/wp\/v2\/media?parent=701"}],"wp:term":[{"taxonomy":"pwb-brand","embeddable":true,"href":"https:\/\/pluginviet.com\/mau44\/wp-json\/wp\/v2\/pwb-brand?post=701"},{"taxonomy":"product_cat","embeddable":true,"href":"https:\/\/pluginviet.com\/mau44\/wp-json\/wp\/v2\/product_cat?post=701"},{"taxonomy":"product_tag","embeddable":true,"href":"https:\/\/pluginviet.com\/mau44\/wp-json\/wp\/v2\/product_tag?post=701"}],"curies":[{"name":"wp","href":"https:\/\/api.w.org\/{rel}","templated":true}]}}