{"id":700,"date":"2022-07-21T14:51:23","date_gmt":"2022-07-21T07:51:23","guid":{"rendered":"https:\/\/khomaudep.com\/mauruou\/?post_type=product&#038;p=700"},"modified":"2022-07-21T19:19:07","modified_gmt":"2022-07-21T12:19:07","slug":"vang-7-muri-primitivo-di-manduria","status":"publish","type":"product","link":"https:\/\/pluginviet.com\/mau44\/san-pham\/vang-7-muri-primitivo-di-manduria\/","title":{"rendered":"Vang 7 Muri Primitivo Di Manduria"},"content":{"rendered":"<p>R\u01b0\u1ee3u vang l\u00e0m n\u00ean h\u01b0\u01a1ng v\u1ecb \u0111\u1eadm \u0111\u00e0 tr\u00f2n tr\u1ecba c\u0169ng l\u00e0 nh\u1edd b\u1edfi v\u00e0o h\u01b0\u01a1ng v\u1ecb c\u1ee7a nho,d\u00e2u t\u00e2y, tuy\u1ebft t\u00f9ng, \u0111inh h\u01b0\u01a1ng, m\u1eadn ch\u00edn hay anh \u0111\u00e0o.<\/p>\n","protected":false},"excerpt":{"rendered":"<p>R\u01b0\u1ee3u vang l\u00e0m n\u00ean h\u01b0\u01a1ng v\u1ecb \u0111\u1eadm \u0111\u00e0 tr\u00f2n tr\u1ecba c\u0169ng l\u00e0 nh\u1edd b\u1edfi v\u00e0o h\u01b0\u01a1ng v\u1ecb c\u1ee7a nho,d\u00e2u t\u00e2y, tuy\u1ebft t\u00f9ng, \u0111inh h\u01b0\u01a1ng, m\u1eadn ch\u00edn hay anh \u0111\u00e0o.<\/p>\n","protected":false},"featured_media":851,"comment_status":"open","ping_status":"closed","template":"","meta":[],"pwb-brand":[],"product_cat":[17,81],"product_tag":[],"brands":[],"_links":{"self":[{"href":"https:\/\/pluginviet.com\/mau44\/wp-json\/wp\/v2\/product\/700"}],"collection":[{"href":"https:\/\/pluginviet.com\/mau44\/wp-json\/wp\/v2\/product"}],"about":[{"href":"https:\/\/pluginviet.com\/mau44\/wp-json\/wp\/v2\/types\/product"}],"replies":[{"embeddable":true,"href":"https:\/\/pluginviet.com\/mau44\/wp-json\/wp\/v2\/comments?post=700"}],"wp:featuredmedia":[{"embeddable":true,"href":"https:\/\/pluginviet.com\/mau44\/wp-json\/wp\/v2\/media\/851"}],"wp:attachment":[{"href":"https:\/\/pluginviet.com\/mau44\/wp-json\/wp\/v2\/media?parent=700"}],"wp:term":[{"taxonomy":"pwb-brand","embeddable":true,"href":"https:\/\/pluginviet.com\/mau44\/wp-json\/wp\/v2\/pwb-brand?post=700"},{"taxonomy":"product_cat","embeddable":true,"href":"https:\/\/pluginviet.com\/mau44\/wp-json\/wp\/v2\/product_cat?post=700"},{"taxonomy":"product_tag","embeddable":true,"href":"https:\/\/pluginviet.com\/mau44\/wp-json\/wp\/v2\/product_tag?post=700"}],"curies":[{"name":"wp","href":"https:\/\/api.w.org\/{rel}","templated":true}]}}