{"id":698,"date":"2022-07-21T14:43:20","date_gmt":"2022-07-21T07:43:20","guid":{"rendered":"https:\/\/khomaudep.com\/mauruou\/?post_type=product&#038;p=698"},"modified":"2022-07-21T18:48:01","modified_gmt":"2022-07-21T11:48:01","slug":"vang-treana-red","status":"publish","type":"product","link":"https:\/\/pluginviet.com\/mau44\/san-pham\/vang-treana-red\/","title":{"rendered":"vang Treana Red"},"content":{"rendered":"<p>R\u01b0\u1ee3u vang M\u1ef9 Treana Red\u00a0c\u00f3 m\u00e0u \u0111\u1ecf ruby \u0111\u1eadm v\u00f4 c\u00f9ng cu\u1ed1n h\u00fat v\u00e0 h\u01b0\u01a1ng th\u01a1m \u0111\u1eadm \u0111\u00e0 c\u1ee7a qu\u1ea3 l\u00fd chua \u0111en, tr\u00e1i c\u00e2y ch\u00edn s\u1eabm m\u00e0u v\u00e0 \u0111inh h\u01b0\u01a1ng xen l\u1eabn h\u01b0\u01a1ng vani \u1ea5m \u00e1p. Nh\u1eefng t\u1ea7ng h\u01b0\u01a1ng ti\u1ebfp theo d\u1ea7n tr\u1edf n\u00ean ph\u1ee9c h\u1ee3p v\u1edbi m\u00f9i h\u01b0\u01a1ng g\u1ed7 \u00e9p, kem d\u00e2u, qu\u1ebf t\u01b0\u01a1i xay, caramel n\u01b0\u1edbng v\u00e0 \u0111\u1ed9 chua s\u1eafc n\u00e9t c\u00e2n b\u1eb1ng l\u1ea1i, t\u1ea1o n\u00ean m\u1ed9t tr\u1ea3i nghi\u1ec7m \u0111\u1ed9c \u0111\u00e1o v\u00e0 \u0111\u1ea7y h\u1ee9ng kh\u1edfi.<\/p>\n","protected":false},"excerpt":{"rendered":"<p>R\u01b0\u1ee3u vang M\u1ef9 Treana Red\u00a0c\u00f3 m\u00e0u \u0111\u1ecf ruby \u0111\u1eadm v\u00f4 c\u00f9ng cu\u1ed1n h\u00fat v\u00e0 h\u01b0\u01a1ng th\u01a1m \u0111\u1eadm \u0111\u00e0 c\u1ee7a qu\u1ea3 l\u00fd chua \u0111en, tr\u00e1i c\u00e2y ch\u00edn s\u1eabm m\u00e0u v\u00e0 \u0111inh h\u01b0\u01a1ng xen l\u1eabn h\u01b0\u01a1ng vani \u1ea5m \u00e1p. Nh\u1eefng t\u1ea7ng h\u01b0\u01a1ng ti\u1ebfp theo d\u1ea7n tr\u1edf n\u00ean ph\u1ee9c h\u1ee3p v\u1edbi m\u00f9i h\u01b0\u01a1ng g\u1ed7 \u00e9p, kem d\u00e2u, qu\u1ebf &#8230;<\/p>\n","protected":false},"featured_media":808,"comment_status":"open","ping_status":"closed","template":"","meta":[],"pwb-brand":[],"product_cat":[17,72],"product_tag":[],"brands":[],"_links":{"self":[{"href":"https:\/\/pluginviet.com\/mau44\/wp-json\/wp\/v2\/product\/698"}],"collection":[{"href":"https:\/\/pluginviet.com\/mau44\/wp-json\/wp\/v2\/product"}],"about":[{"href":"https:\/\/pluginviet.com\/mau44\/wp-json\/wp\/v2\/types\/product"}],"replies":[{"embeddable":true,"href":"https:\/\/pluginviet.com\/mau44\/wp-json\/wp\/v2\/comments?post=698"}],"wp:featuredmedia":[{"embeddable":true,"href":"https:\/\/pluginviet.com\/mau44\/wp-json\/wp\/v2\/media\/808"}],"wp:attachment":[{"href":"https:\/\/pluginviet.com\/mau44\/wp-json\/wp\/v2\/media?parent=698"}],"wp:term":[{"taxonomy":"pwb-brand","embeddable":true,"href":"https:\/\/pluginviet.com\/mau44\/wp-json\/wp\/v2\/pwb-brand?post=698"},{"taxonomy":"product_cat","embeddable":true,"href":"https:\/\/pluginviet.com\/mau44\/wp-json\/wp\/v2\/product_cat?post=698"},{"taxonomy":"product_tag","embeddable":true,"href":"https:\/\/pluginviet.com\/mau44\/wp-json\/wp\/v2\/product_tag?post=698"}],"curies":[{"name":"wp","href":"https:\/\/api.w.org\/{rel}","templated":true}]}}