{"id":696,"date":"2022-07-21T14:40:35","date_gmt":"2022-07-21T07:40:35","guid":{"rendered":"https:\/\/khomaudep.com\/mauruou\/?post_type=product&#038;p=696"},"modified":"2022-07-21T18:49:57","modified_gmt":"2022-07-21T11:49:57","slug":"vang-virginia-dare-pinot-noir","status":"publish","type":"product","link":"https:\/\/pluginviet.com\/mau44\/san-pham\/vang-virginia-dare-pinot-noir\/","title":{"rendered":"Vang Virginia Dare Pinot Noir"},"content":{"rendered":"<p>Vang c\u00f3 v\u1ecb ngon ng\u1ecdt c\u1ee7a tr\u00e1i d\u00e2u v\u1edbi m\u00f9i th\u01a1m ph\u1ea3ng ph\u1ea5t c\u1ee7a c\u00e1c lo\u1ea1i gia v\u1ecb qu\u1ebf\u00a0 h\u1ed3i. C\u1ea5u tr\u00fac vang m\u1ec1m m\u01b0\u1ee3t v\u1edbi l\u1edbp tannin m\u1ecbn m\u00e0ng. H\u01b0\u01a1ng th\u01a1m tuy\u1ec7t v\u1eddi c\u1ee7a qu\u1ea3 m\u00e2m x\u00f4i, g\u1ed7 \u0111\u00e0n h\u01b0\u01a1ng v\u00e0 hoa o\u1ea3i h\u01b0\u01a1ng, k\u00e8m theo \u0111\u00f3 l\u00e0 v\u1ecb ph\u1ee9c h\u1ee3p m\u1ecdng n\u01b0\u1edbc c\u1ee7a tr\u00e1i anh \u0111\u00e0o, d\u00e2u t\u00e2y d\u1ea1i, \u0111inh h\u01b0\u01a1ng v\u00e0 vani<\/p>\n","protected":false},"excerpt":{"rendered":"<p>Vang c\u00f3 v\u1ecb ngon ng\u1ecdt c\u1ee7a tr\u00e1i d\u00e2u v\u1edbi m\u00f9i th\u01a1m ph\u1ea3ng ph\u1ea5t c\u1ee7a c\u00e1c lo\u1ea1i gia v\u1ecb qu\u1ebf\u00a0 h\u1ed3i. C\u1ea5u tr\u00fac vang m\u1ec1m m\u01b0\u1ee3t v\u1edbi l\u1edbp tannin m\u1ecbn m\u00e0ng. H\u01b0\u01a1ng th\u01a1m tuy\u1ec7t v\u1eddi c\u1ee7a qu\u1ea3 m\u00e2m x\u00f4i, g\u1ed7 \u0111\u00e0n h\u01b0\u01a1ng v\u00e0 hoa o\u1ea3i h\u01b0\u01a1ng, k\u00e8m theo \u0111\u00f3 l\u00e0 v\u1ecb ph\u1ee9c h\u1ee3p m\u1ecdng n\u01b0\u1edbc c\u1ee7a &#8230;<\/p>\n","protected":false},"featured_media":810,"comment_status":"open","ping_status":"closed","template":"","meta":[],"pwb-brand":[],"product_cat":[17,72],"product_tag":[],"brands":[],"_links":{"self":[{"href":"https:\/\/pluginviet.com\/mau44\/wp-json\/wp\/v2\/product\/696"}],"collection":[{"href":"https:\/\/pluginviet.com\/mau44\/wp-json\/wp\/v2\/product"}],"about":[{"href":"https:\/\/pluginviet.com\/mau44\/wp-json\/wp\/v2\/types\/product"}],"replies":[{"embeddable":true,"href":"https:\/\/pluginviet.com\/mau44\/wp-json\/wp\/v2\/comments?post=696"}],"wp:featuredmedia":[{"embeddable":true,"href":"https:\/\/pluginviet.com\/mau44\/wp-json\/wp\/v2\/media\/810"}],"wp:attachment":[{"href":"https:\/\/pluginviet.com\/mau44\/wp-json\/wp\/v2\/media?parent=696"}],"wp:term":[{"taxonomy":"pwb-brand","embeddable":true,"href":"https:\/\/pluginviet.com\/mau44\/wp-json\/wp\/v2\/pwb-brand?post=696"},{"taxonomy":"product_cat","embeddable":true,"href":"https:\/\/pluginviet.com\/mau44\/wp-json\/wp\/v2\/product_cat?post=696"},{"taxonomy":"product_tag","embeddable":true,"href":"https:\/\/pluginviet.com\/mau44\/wp-json\/wp\/v2\/product_tag?post=696"}],"curies":[{"name":"wp","href":"https:\/\/api.w.org\/{rel}","templated":true}]}}