{"id":695,"date":"2022-07-21T14:38:05","date_gmt":"2022-07-21T07:38:05","guid":{"rendered":"https:\/\/khomaudep.com\/mauruou\/?post_type=product&#038;p=695"},"modified":"2022-07-21T18:50:40","modified_gmt":"2022-07-21T11:50:40","slug":"ruou-vang-coppola-rosso-bianco-cabernet-sauvignon","status":"publish","type":"product","link":"https:\/\/pluginviet.com\/mau44\/san-pham\/ruou-vang-coppola-rosso-bianco-cabernet-sauvignon\/","title":{"rendered":"R\u01b0\u1ee3u vang Coppola Rosso Bianco Cabernet Sauvignon"},"content":{"rendered":"<p>H\u01b0\u01a1ng v\u1ecb c\u1ee7a r\u01b0\u1ee3u mang \u0111\u1eadm \u0111\u00e0 h\u01b0\u01a1ng th\u01a1m c\u1ee7a nh\u1eefng lo\u1ea1i tr\u00e1i c\u00e2y ch\u00edn m\u1ecdng kh\u00e1c nhau nh\u01b0 sim \u0111en, m\u1eadn, cherry, c\u00f3 \u0111an xen v\u1ecb c\u1ee7a caf\u00e9, socola, c\u1ee7a vani, kh\u00f3i v\u00e0 gia v\u1ecb.<\/p>\n","protected":false},"excerpt":{"rendered":"<p>H\u01b0\u01a1ng v\u1ecb c\u1ee7a r\u01b0\u1ee3u mang \u0111\u1eadm \u0111\u00e0 h\u01b0\u01a1ng th\u01a1m c\u1ee7a nh\u1eefng lo\u1ea1i tr\u00e1i c\u00e2y ch\u00edn m\u1ecdng kh\u00e1c nhau nh\u01b0 sim \u0111en, m\u1eadn, cherry, c\u00f3 \u0111an xen v\u1ecb c\u1ee7a caf\u00e9, socola, c\u1ee7a vani, kh\u00f3i v\u00e0 gia v\u1ecb.<\/p>\n","protected":false},"featured_media":811,"comment_status":"open","ping_status":"closed","template":"","meta":[],"pwb-brand":[],"product_cat":[17,72],"product_tag":[],"brands":[],"_links":{"self":[{"href":"https:\/\/pluginviet.com\/mau44\/wp-json\/wp\/v2\/product\/695"}],"collection":[{"href":"https:\/\/pluginviet.com\/mau44\/wp-json\/wp\/v2\/product"}],"about":[{"href":"https:\/\/pluginviet.com\/mau44\/wp-json\/wp\/v2\/types\/product"}],"replies":[{"embeddable":true,"href":"https:\/\/pluginviet.com\/mau44\/wp-json\/wp\/v2\/comments?post=695"}],"wp:featuredmedia":[{"embeddable":true,"href":"https:\/\/pluginviet.com\/mau44\/wp-json\/wp\/v2\/media\/811"}],"wp:attachment":[{"href":"https:\/\/pluginviet.com\/mau44\/wp-json\/wp\/v2\/media?parent=695"}],"wp:term":[{"taxonomy":"pwb-brand","embeddable":true,"href":"https:\/\/pluginviet.com\/mau44\/wp-json\/wp\/v2\/pwb-brand?post=695"},{"taxonomy":"product_cat","embeddable":true,"href":"https:\/\/pluginviet.com\/mau44\/wp-json\/wp\/v2\/product_cat?post=695"},{"taxonomy":"product_tag","embeddable":true,"href":"https:\/\/pluginviet.com\/mau44\/wp-json\/wp\/v2\/product_tag?post=695"}],"curies":[{"name":"wp","href":"https:\/\/api.w.org\/{rel}","templated":true}]}}