{"id":691,"date":"2022-07-21T14:34:46","date_gmt":"2022-07-21T07:34:46","guid":{"rendered":"https:\/\/khomaudep.com\/mauruou\/?post_type=product&#038;p=691"},"modified":"2022-07-21T18:52:29","modified_gmt":"2022-07-21T11:52:29","slug":"ruou-vang-virginia-dare-chardonnay","status":"publish","type":"product","link":"https:\/\/pluginviet.com\/mau44\/san-pham\/ruou-vang-virginia-dare-chardonnay\/","title":{"rendered":"R\u01b0\u1ee3u Vang Virginia Dare Chardonnay"},"content":{"rendered":"<p>H\u01b0\u01a1ng th\u01a1m c\u1ee7a qu\u1ea3 l\u00ea, chanh, t\u00e1o, \u0111\u00e0o, v\u00e0 d\u1ee9a c\u00f3 \u0111an xen v\u1edbi h\u01b0\u01a1ng th\u01a1m c\u1ee7a c\u00e2y kim ng\u00e2n hoa v\u00e0 \u0111inh h\u01b0\u01a1ng.<\/p>\n","protected":false},"excerpt":{"rendered":"<p>H\u01b0\u01a1ng th\u01a1m c\u1ee7a qu\u1ea3 l\u00ea, chanh, t\u00e1o, \u0111\u00e0o, v\u00e0 d\u1ee9a c\u00f3 \u0111an xen v\u1edbi h\u01b0\u01a1ng th\u01a1m c\u1ee7a c\u00e2y kim ng\u00e2n hoa v\u00e0 \u0111inh h\u01b0\u01a1ng.<\/p>\n","protected":false},"featured_media":814,"comment_status":"open","ping_status":"closed","template":"","meta":[],"pwb-brand":[],"product_cat":[17,72],"product_tag":[],"brands":[],"_links":{"self":[{"href":"https:\/\/pluginviet.com\/mau44\/wp-json\/wp\/v2\/product\/691"}],"collection":[{"href":"https:\/\/pluginviet.com\/mau44\/wp-json\/wp\/v2\/product"}],"about":[{"href":"https:\/\/pluginviet.com\/mau44\/wp-json\/wp\/v2\/types\/product"}],"replies":[{"embeddable":true,"href":"https:\/\/pluginviet.com\/mau44\/wp-json\/wp\/v2\/comments?post=691"}],"wp:featuredmedia":[{"embeddable":true,"href":"https:\/\/pluginviet.com\/mau44\/wp-json\/wp\/v2\/media\/814"}],"wp:attachment":[{"href":"https:\/\/pluginviet.com\/mau44\/wp-json\/wp\/v2\/media?parent=691"}],"wp:term":[{"taxonomy":"pwb-brand","embeddable":true,"href":"https:\/\/pluginviet.com\/mau44\/wp-json\/wp\/v2\/pwb-brand?post=691"},{"taxonomy":"product_cat","embeddable":true,"href":"https:\/\/pluginviet.com\/mau44\/wp-json\/wp\/v2\/product_cat?post=691"},{"taxonomy":"product_tag","embeddable":true,"href":"https:\/\/pluginviet.com\/mau44\/wp-json\/wp\/v2\/product_tag?post=691"}],"curies":[{"name":"wp","href":"https:\/\/api.w.org\/{rel}","templated":true}]}}