{"id":690,"date":"2022-07-21T14:32:53","date_gmt":"2022-07-21T07:32:53","guid":{"rendered":"https:\/\/khomaudep.com\/mauruou\/?post_type=product&#038;p=690"},"modified":"2022-07-21T18:53:20","modified_gmt":"2022-07-21T11:53:20","slug":"ruou-vang-coppola-claret-cabernet-sauvignon","status":"publish","type":"product","link":"https:\/\/pluginviet.com\/mau44\/san-pham\/ruou-vang-coppola-claret-cabernet-sauvignon\/","title":{"rendered":"R\u01b0\u1ee3u Vang Coppola Claret Cabernet Sauvignon"},"content":{"rendered":"<p>H\u01b0\u01a1ng v\u1ecb \u0111\u1eb7c tr\u01b0ng v\u1ed1n c\u00f3 trong r\u01b0\u1ee3u. \u0110\u00f3 l\u00e0 m\u00f9i h\u01b0\u01a1ng v\u00f4 c\u00f9ng \u0111\u1eadm \u0111\u00e0 b\u1edfi s\u1ef1 k\u1ebft h\u1ee3p m\u1ed9t c\u00e1ch h\u00e0i h\u00f2a nh\u1ea5t gi\u1eefa h\u01b0\u01a1ng c\u1ee7a kh\u00f3i, c\u1ee7a m\u1ed9t s\u1ed1 tr\u00e1i c\u00e2y nh\u01b0 cherry, vi\u1ec7t qu\u1ea5t, anh \u0111\u00e0o thi tho\u1ea3ng c\u00f3 \u0111an xen m\u00f9i v\u1ecb c\u1ee7a socola \u0111en v\u00e0 m\u1ed9t ch\u00fat c\u1ee7a b\u1ea1ch \u0111\u1eadu kh\u1ea5u<\/p>\n","protected":false},"excerpt":{"rendered":"<p>H\u01b0\u01a1ng v\u1ecb \u0111\u1eb7c tr\u01b0ng v\u1ed1n c\u00f3 trong r\u01b0\u1ee3u. \u0110\u00f3 l\u00e0 m\u00f9i h\u01b0\u01a1ng v\u00f4 c\u00f9ng \u0111\u1eadm \u0111\u00e0 b\u1edfi s\u1ef1 k\u1ebft h\u1ee3p m\u1ed9t c\u00e1ch h\u00e0i h\u00f2a nh\u1ea5t gi\u1eefa h\u01b0\u01a1ng c\u1ee7a kh\u00f3i, c\u1ee7a m\u1ed9t s\u1ed1 tr\u00e1i c\u00e2y nh\u01b0 cherry, vi\u1ec7t qu\u1ea5t, anh \u0111\u00e0o thi tho\u1ea3ng c\u00f3 \u0111an xen m\u00f9i v\u1ecb c\u1ee7a socola \u0111en v\u00e0 m\u1ed9t ch\u00fat c\u1ee7a b\u1ea1ch &#8230;<\/p>\n","protected":false},"featured_media":815,"comment_status":"open","ping_status":"closed","template":"","meta":[],"pwb-brand":[],"product_cat":[17,72],"product_tag":[],"brands":[],"_links":{"self":[{"href":"https:\/\/pluginviet.com\/mau44\/wp-json\/wp\/v2\/product\/690"}],"collection":[{"href":"https:\/\/pluginviet.com\/mau44\/wp-json\/wp\/v2\/product"}],"about":[{"href":"https:\/\/pluginviet.com\/mau44\/wp-json\/wp\/v2\/types\/product"}],"replies":[{"embeddable":true,"href":"https:\/\/pluginviet.com\/mau44\/wp-json\/wp\/v2\/comments?post=690"}],"wp:featuredmedia":[{"embeddable":true,"href":"https:\/\/pluginviet.com\/mau44\/wp-json\/wp\/v2\/media\/815"}],"wp:attachment":[{"href":"https:\/\/pluginviet.com\/mau44\/wp-json\/wp\/v2\/media?parent=690"}],"wp:term":[{"taxonomy":"pwb-brand","embeddable":true,"href":"https:\/\/pluginviet.com\/mau44\/wp-json\/wp\/v2\/pwb-brand?post=690"},{"taxonomy":"product_cat","embeddable":true,"href":"https:\/\/pluginviet.com\/mau44\/wp-json\/wp\/v2\/product_cat?post=690"},{"taxonomy":"product_tag","embeddable":true,"href":"https:\/\/pluginviet.com\/mau44\/wp-json\/wp\/v2\/product_tag?post=690"}],"curies":[{"name":"wp","href":"https:\/\/api.w.org\/{rel}","templated":true}]}}