{"id":681,"date":"2022-07-21T12:41:21","date_gmt":"2022-07-21T05:41:21","guid":{"rendered":"https:\/\/khomaudep.com\/mauruou\/?post_type=product&#038;p=681"},"modified":"2022-07-21T18:54:17","modified_gmt":"2022-07-21T11:54:17","slug":"francis-coppola-directors-merlot","status":"publish","type":"product","link":"https:\/\/pluginviet.com\/mau44\/san-pham\/francis-coppola-directors-merlot\/","title":{"rendered":"Francis Coppola Director&#8217;s Merlot"},"content":{"rendered":"<p>H\u01b0\u01a1ng th\u01a1m c\u1ee7a m\u1eadn \u1ea5m, b\u00e1nh g\u1eebng, \u0111\u1eadu vani, v\u00e0 g\u1ed7 d\u00e0y d\u1eb7n lan t\u1ecfa kh\u1eafp v\u00f2m mi\u1ec7ng v\u00e0 h\u00f2a quy\u1ec7n v\u1edbi h\u01b0\u01a1ng v\u1ecb m\u1ecdng n\u01b0\u1edbc c\u1ee7a anh \u0111\u00e0o, cassis v\u00e0 ca cao.<\/p>\n","protected":false},"excerpt":{"rendered":"<p>H\u01b0\u01a1ng th\u01a1m c\u1ee7a m\u1eadn \u1ea5m, b\u00e1nh g\u1eebng, \u0111\u1eadu vani, v\u00e0 g\u1ed7 d\u00e0y d\u1eb7n lan t\u1ecfa kh\u1eafp v\u00f2m mi\u1ec7ng v\u00e0 h\u00f2a quy\u1ec7n v\u1edbi h\u01b0\u01a1ng v\u1ecb m\u1ecdng n\u01b0\u1edbc c\u1ee7a anh \u0111\u00e0o, cassis v\u00e0 ca cao.<\/p>\n","protected":false},"featured_media":817,"comment_status":"open","ping_status":"closed","template":"","meta":[],"pwb-brand":[],"product_cat":[17,72],"product_tag":[],"brands":[],"_links":{"self":[{"href":"https:\/\/pluginviet.com\/mau44\/wp-json\/wp\/v2\/product\/681"}],"collection":[{"href":"https:\/\/pluginviet.com\/mau44\/wp-json\/wp\/v2\/product"}],"about":[{"href":"https:\/\/pluginviet.com\/mau44\/wp-json\/wp\/v2\/types\/product"}],"replies":[{"embeddable":true,"href":"https:\/\/pluginviet.com\/mau44\/wp-json\/wp\/v2\/comments?post=681"}],"wp:featuredmedia":[{"embeddable":true,"href":"https:\/\/pluginviet.com\/mau44\/wp-json\/wp\/v2\/media\/817"}],"wp:attachment":[{"href":"https:\/\/pluginviet.com\/mau44\/wp-json\/wp\/v2\/media?parent=681"}],"wp:term":[{"taxonomy":"pwb-brand","embeddable":true,"href":"https:\/\/pluginviet.com\/mau44\/wp-json\/wp\/v2\/pwb-brand?post=681"},{"taxonomy":"product_cat","embeddable":true,"href":"https:\/\/pluginviet.com\/mau44\/wp-json\/wp\/v2\/product_cat?post=681"},{"taxonomy":"product_tag","embeddable":true,"href":"https:\/\/pluginviet.com\/mau44\/wp-json\/wp\/v2\/product_tag?post=681"}],"curies":[{"name":"wp","href":"https:\/\/api.w.org\/{rel}","templated":true}]}}