{"id":18678,"date":"2022-06-26T06:45:23","date_gmt":"2022-06-26T06:45:23","guid":{"rendered":"https:\/\/khomaudep.com\/maucongnghe\/?post_type=product&#038;p=18678"},"modified":"2022-06-26T06:53:04","modified_gmt":"2022-06-26T06:53:04","slug":"bo-2-camera-quan-sat-2-0-mp-dahua-5","status":"publish","type":"product","link":"https:\/\/pluginviet.com\/mau43\/bo-2-camera-quan-sat-2-0-mp-dahua-5\/","title":{"rendered":"B\u1ed9 2 camera quan s\u00e1t 2.0 MP Dahua"},"content":{"rendered":"<p>Dahua l\u00e0 c\u00f4ng ty h\u00e0ng \u0111\u1ea7u chuy\u00ean cung c\u1ea5p gi\u00e1m s\u00e1t video tr\u00ean th\u1ecb tr\u01b0\u1eddng hi\u1ec7n nay. V\u1edbi h\u01a1n 18.000 nh\u00e2n vi\u00ean v\u00e0 58 c\u00f4ng ty con tr\u00ean to\u00e0n th\u1ebf gi\u1edbi. C\u00e1c s\u1ea3n ph\u1ea9n c\u1ee7a Dahua Technology \u0111\u00e3 \u0111\u01b0\u1ee3c s\u1eed d\u1ee5ng \u1edf h\u01a1n 180 qu\u1ed1c gia v\u00e0 khu v\u1ef1c. V\u1edbi h\u01a1n 15 n\u0103m kinh nghi\u1ec7m nghi\u00ean c\u1ee9u v\u00e0 ph\u00e1t tri\u1ec3n s\u1ea3n ph\u1ea9m, Dahua \u0111\u00e3 v\u00e0 \u0111ang cung c\u1ea5p c\u00e1c s\u1ea3n ph\u1ea9m, d\u1ecbch v\u1ee5 \u0111\u1ebfn h\u01a1n 193 qu\u1ed1c gia v\u1edbi ch\u1ea5t l\u01b0\u1ee3ng, \u0111\u1ed9 tin c\u1eady v\u00e0 s\u1ef1 \u1ed5n \u0111\u1ecbnh v\u01b0\u1ee3t tr\u1ed9i.<\/p>\n<p>Dahua l\u00e0 c\u00f4ng ty h\u00e0ng \u0111\u1ea7u chuy\u00ean cung c\u1ea5p gi\u00e1m s\u00e1t video tr\u00ean th\u1ecb tr\u01b0\u1eddng hi\u1ec7n nay. V\u1edbi h\u01a1n 18.000 nh\u00e2n vi\u00ean v\u00e0 58 c\u00f4ng ty con tr\u00ean to\u00e0n th\u1ebf gi\u1edbi. C\u00e1c s\u1ea3n ph\u1ea9n c\u1ee7a Dahua Technology \u0111\u00e3 \u0111\u01b0\u1ee3c s\u1eed d\u1ee5ng \u1edf h\u01a1n 180 qu\u1ed1c gia v\u00e0 khu v\u1ef1c. V\u1edbi h\u01a1n 15 n\u0103m kinh nghi\u1ec7m nghi\u00ean c\u1ee9u v\u00e0 ph\u00e1t tri\u1ec3n s\u1ea3n ph\u1ea9m, Dahua \u0111\u00e3 v\u00e0 \u0111ang cung c\u1ea5p c\u00e1c s\u1ea3n ph\u1ea9m, d\u1ecbch v\u1ee5 \u0111\u1ebfn h\u01a1n 193 qu\u1ed1c gia v\u1edbi ch\u1ea5t l\u01b0\u1ee3ng, \u0111\u1ed9 tin c\u1eady v\u00e0 s\u1ef1 \u1ed5n \u0111\u1ecbnh v\u01b0\u1ee3t tr\u1ed9i.<\/p>\n<p>Dahua l\u00e0 c\u00f4ng ty h\u00e0ng \u0111\u1ea7u chuy\u00ean cung c\u1ea5p gi\u00e1m s\u00e1t video tr\u00ean th\u1ecb tr\u01b0\u1eddng hi\u1ec7n nay. V\u1edbi h\u01a1n 18.000 nh\u00e2n vi\u00ean v\u00e0 58 c\u00f4ng ty con tr\u00ean to\u00e0n th\u1ebf gi\u1edbi. C\u00e1c s\u1ea3n ph\u1ea9n c\u1ee7a Dahua Technology \u0111\u00e3 \u0111\u01b0\u1ee3c s\u1eed d\u1ee5ng \u1edf h\u01a1n 180 qu\u1ed1c gia v\u00e0 khu v\u1ef1c. V\u1edbi h\u01a1n 15 n\u0103m kinh nghi\u1ec7m nghi\u00ean c\u1ee9u v\u00e0 ph\u00e1t tri\u1ec3n s\u1ea3n ph\u1ea9m, Dahua \u0111\u00e3 v\u00e0 \u0111ang cung c\u1ea5p c\u00e1c s\u1ea3n ph\u1ea9m, d\u1ecbch v\u1ee5 \u0111\u1ebfn h\u01a1n 193 qu\u1ed1c gia v\u1edbi ch\u1ea5t l\u01b0\u1ee3ng, \u0111\u1ed9 tin c\u1eady v\u00e0 s\u1ef1 \u1ed5n \u0111\u1ecbnh v\u01b0\u1ee3t tr\u1ed9i.<\/p>\n<p>Dahua l\u00e0 c\u00f4ng ty h\u00e0ng \u0111\u1ea7u chuy\u00ean cung c\u1ea5p gi\u00e1m s\u00e1t video tr\u00ean th\u1ecb tr\u01b0\u1eddng hi\u1ec7n nay. V\u1edbi h\u01a1n 18.000 nh\u00e2n vi\u00ean v\u00e0 58 c\u00f4ng ty con tr\u00ean to\u00e0n th\u1ebf gi\u1edbi. C\u00e1c s\u1ea3n ph\u1ea9n c\u1ee7a Dahua Technology \u0111\u00e3 \u0111\u01b0\u1ee3c s\u1eed d\u1ee5ng \u1edf h\u01a1n 180 qu\u1ed1c gia v\u00e0 khu v\u1ef1c. V\u1edbi h\u01a1n 15 n\u0103m kinh nghi\u1ec7m nghi\u00ean c\u1ee9u v\u00e0 ph\u00e1t tri\u1ec3n s\u1ea3n ph\u1ea9m, Dahua \u0111\u00e3 v\u00e0 \u0111ang cung c\u1ea5p c\u00e1c s\u1ea3n ph\u1ea9m, d\u1ecbch v\u1ee5 \u0111\u1ebfn h\u01a1n 193 qu\u1ed1c gia v\u1edbi ch\u1ea5t l\u01b0\u1ee3ng, \u0111\u1ed9 tin c\u1eady v\u00e0 s\u1ef1 \u1ed5n \u0111\u1ecbnh v\u01b0\u1ee3t tr\u1ed9i.<\/p>\n","protected":false},"excerpt":{"rendered":"<p>Dahua l\u00e0 c\u00f4ng ty h\u00e0ng \u0111\u1ea7u chuy\u00ean cung c\u1ea5p gi\u00e1m s\u00e1t video tr\u00ean th\u1ecb tr\u01b0\u1eddng hi\u1ec7n nay. V\u1edbi h\u01a1n 18.000 nh\u00e2n vi\u00ean v\u00e0 58 c\u00f4ng ty con tr\u00ean to\u00e0n th\u1ebf gi\u1edbi. C\u00e1c s\u1ea3n ph\u1ea9n c\u1ee7a Dahua Technology \u0111\u00e3 \u0111\u01b0\u1ee3c s\u1eed d\u1ee5ng \u1edf h\u01a1n 180 qu\u1ed1c gia v\u00e0 khu v\u1ef1c. V\u1edbi h\u01a1n 15 n\u0103m kinh nghi\u1ec7m [&#8230;]\n","protected":false},"featured_media":18684,"comment_status":"open","ping_status":"closed","template":"","meta":[],"product_cat":[566,570,346],"product_tag":[],"class_list":["post-18678","product","type-product","status-publish","has-post-thumbnail","hentry","product_cat-camera","product_cat-dahua","product_cat-goi-y-cho-ban","pa_thuong-hieu-dahua"],"yoast_head":"<!-- This site is optimized with the Yoast SEO plugin v21.5 - https:\/\/yoast.com\/wordpress\/plugins\/seo\/ -->\n<title>B\u1ed9 2 camera quan s\u00e1t 2.0 MP Dahua - \u0110\u1ed3 C\u00f4ng Ngh\u1ec7<\/title>\n<meta name=\"robots\" content=\"index, follow, max-snippet:-1, max-image-preview:large, max-video-preview:-1\" \/>\n<link rel=\"canonical\" href=\"https:\/\/pluginviet.com\/mau43\/bo-2-camera-quan-sat-2-0-mp-dahua-5\/\" \/>\n<meta property=\"og:locale\" content=\"vi_VN\" \/>\n<meta property=\"og:type\" content=\"article\" \/>\n<meta property=\"og:title\" content=\"B\u1ed9 2 camera quan s\u00e1t 2.0 MP Dahua - \u0110\u1ed3 C\u00f4ng Ngh\u1ec7\" \/>\n<meta property=\"og:description\" content=\"Dahua l\u00e0 c\u00f4ng ty h\u00e0ng \u0111\u1ea7u chuy\u00ean cung c\u1ea5p gi\u00e1m s\u00e1t video tr\u00ean th\u1ecb tr\u01b0\u1eddng hi\u1ec7n nay. V\u1edbi h\u01a1n 18.000 nh\u00e2n vi\u00ean v\u00e0 58 c\u00f4ng ty con tr\u00ean to\u00e0n th\u1ebf gi\u1edbi. C\u00e1c s\u1ea3n ph\u1ea9n c\u1ee7a Dahua Technology \u0111\u00e3 \u0111\u01b0\u1ee3c s\u1eed d\u1ee5ng \u1edf h\u01a1n 180 qu\u1ed1c gia v\u00e0 khu v\u1ef1c. V\u1edbi h\u01a1n 15 n\u0103m kinh nghi\u1ec7m [...]\" \/>\n<meta property=\"og:url\" content=\"https:\/\/pluginviet.com\/mau43\/bo-2-camera-quan-sat-2-0-mp-dahua-5\/\" \/>\n<meta property=\"og:site_name\" content=\"\u0110\u1ed3 C\u00f4ng Ngh\u1ec7\" \/>\n<meta property=\"article:modified_time\" content=\"2022-06-26T06:53:04+00:00\" \/>\n<meta property=\"og:image\" content=\"https:\/\/pluginviet.com\/mau43\/wp-content\/uploads\/2022\/06\/dahua_technology_dh_ipc_hfw13a0sn_3_6mm_3_mp_full_hd_1264230.jpeg\" \/>\n\t<meta property=\"og:image:width\" content=\"600\" \/>\n\t<meta property=\"og:image:height\" content=\"600\" \/>\n\t<meta property=\"og:image:type\" content=\"image\/jpeg\" \/>\n<meta name=\"twitter:card\" content=\"summary_large_image\" \/>\n<meta name=\"twitter:label1\" content=\"\u01af\u1edbc t\u00ednh th\u1eddi gian \u0111\u1ecdc\" \/>\n\t<meta name=\"twitter:data1\" content=\"3 ph\u00fat\" \/>\n<script type=\"application\/ld+json\" class=\"yoast-schema-graph\">{\"@context\":\"https:\/\/schema.org\",\"@graph\":[{\"@type\":\"WebPage\",\"@id\":\"https:\/\/pluginviet.com\/mau43\/bo-2-camera-quan-sat-2-0-mp-dahua-5\/\",\"url\":\"https:\/\/pluginviet.com\/mau43\/bo-2-camera-quan-sat-2-0-mp-dahua-5\/\",\"name\":\"B\u1ed9 2 camera quan s\u00e1t 2.0 MP Dahua - \u0110\u1ed3 C\u00f4ng Ngh\u1ec7\",\"isPartOf\":{\"@id\":\"https:\/\/pluginviet.com\/mau43\/#website\"},\"datePublished\":\"2022-06-26T06:45:23+00:00\",\"dateModified\":\"2022-06-26T06:53:04+00:00\",\"breadcrumb\":{\"@id\":\"https:\/\/pluginviet.com\/mau43\/bo-2-camera-quan-sat-2-0-mp-dahua-5\/#breadcrumb\"},\"inLanguage\":\"vi\",\"potentialAction\":[{\"@type\":\"ReadAction\",\"target\":[\"https:\/\/pluginviet.com\/mau43\/bo-2-camera-quan-sat-2-0-mp-dahua-5\/\"]}]},{\"@type\":\"BreadcrumbList\",\"@id\":\"https:\/\/pluginviet.com\/mau43\/bo-2-camera-quan-sat-2-0-mp-dahua-5\/#breadcrumb\",\"itemListElement\":[{\"@type\":\"ListItem\",\"position\":1,\"name\":\"Home\",\"item\":\"https:\/\/pluginviet.com\/mau43\/\"},{\"@type\":\"ListItem\",\"position\":2,\"name\":\"Shop\",\"item\":\"https:\/\/pluginviet.com\/mau43\/shop\/\"},{\"@type\":\"ListItem\",\"position\":3,\"name\":\"B\u1ed9 2 camera quan s\u00e1t 2.0 MP Dahua\"}]},{\"@type\":\"WebSite\",\"@id\":\"https:\/\/pluginviet.com\/mau43\/#website\",\"url\":\"https:\/\/pluginviet.com\/mau43\/\",\"name\":\"\u0110\u1ed3 C\u00f4ng Ngh\u1ec7\",\"description\":\"N\u00e2ng T\u1ea7m Cu\u1ed9c S\u1ed1ng Hi\u1ec7n \u0110\u1ea1i\",\"potentialAction\":[{\"@type\":\"SearchAction\",\"target\":{\"@type\":\"EntryPoint\",\"urlTemplate\":\"https:\/\/pluginviet.com\/mau43\/?s={search_term_string}\"},\"query-input\":\"required name=search_term_string\"}],\"inLanguage\":\"vi\"}]}<\/script>\n<!-- \/ Yoast SEO plugin. -->","yoast_head_json":{"title":"B\u1ed9 2 camera quan s\u00e1t 2.0 MP Dahua - \u0110\u1ed3 C\u00f4ng Ngh\u1ec7","robots":{"index":"index","follow":"follow","max-snippet":"max-snippet:-1","max-image-preview":"max-image-preview:large","max-video-preview":"max-video-preview:-1"},"canonical":"https:\/\/pluginviet.com\/mau43\/bo-2-camera-quan-sat-2-0-mp-dahua-5\/","og_locale":"vi_VN","og_type":"article","og_title":"B\u1ed9 2 camera quan s\u00e1t 2.0 MP Dahua - \u0110\u1ed3 C\u00f4ng Ngh\u1ec7","og_description":"Dahua l\u00e0 c\u00f4ng ty h\u00e0ng \u0111\u1ea7u chuy\u00ean cung c\u1ea5p gi\u00e1m s\u00e1t video tr\u00ean th\u1ecb tr\u01b0\u1eddng hi\u1ec7n nay. V\u1edbi h\u01a1n 18.000 nh\u00e2n vi\u00ean v\u00e0 58 c\u00f4ng ty con tr\u00ean to\u00e0n th\u1ebf gi\u1edbi. C\u00e1c s\u1ea3n ph\u1ea9n c\u1ee7a Dahua Technology \u0111\u00e3 \u0111\u01b0\u1ee3c s\u1eed d\u1ee5ng \u1edf h\u01a1n 180 qu\u1ed1c gia v\u00e0 khu v\u1ef1c. V\u1edbi h\u01a1n 15 n\u0103m kinh nghi\u1ec7m [...]","og_url":"https:\/\/pluginviet.com\/mau43\/bo-2-camera-quan-sat-2-0-mp-dahua-5\/","og_site_name":"\u0110\u1ed3 C\u00f4ng Ngh\u1ec7","article_modified_time":"2022-06-26T06:53:04+00:00","og_image":[{"width":600,"height":600,"url":"https:\/\/pluginviet.com\/mau43\/wp-content\/uploads\/2022\/06\/dahua_technology_dh_ipc_hfw13a0sn_3_6mm_3_mp_full_hd_1264230.jpeg","type":"image\/jpeg"}],"twitter_card":"summary_large_image","twitter_misc":{"\u01af\u1edbc t\u00ednh th\u1eddi gian \u0111\u1ecdc":"3 ph\u00fat"},"schema":{"@context":"https:\/\/schema.org","@graph":[{"@type":"WebPage","@id":"https:\/\/pluginviet.com\/mau43\/bo-2-camera-quan-sat-2-0-mp-dahua-5\/","url":"https:\/\/pluginviet.com\/mau43\/bo-2-camera-quan-sat-2-0-mp-dahua-5\/","name":"B\u1ed9 2 camera quan s\u00e1t 2.0 MP Dahua - \u0110\u1ed3 C\u00f4ng Ngh\u1ec7","isPartOf":{"@id":"https:\/\/pluginviet.com\/mau43\/#website"},"datePublished":"2022-06-26T06:45:23+00:00","dateModified":"2022-06-26T06:53:04+00:00","breadcrumb":{"@id":"https:\/\/pluginviet.com\/mau43\/bo-2-camera-quan-sat-2-0-mp-dahua-5\/#breadcrumb"},"inLanguage":"vi","potentialAction":[{"@type":"ReadAction","target":["https:\/\/pluginviet.com\/mau43\/bo-2-camera-quan-sat-2-0-mp-dahua-5\/"]}]},{"@type":"BreadcrumbList","@id":"https:\/\/pluginviet.com\/mau43\/bo-2-camera-quan-sat-2-0-mp-dahua-5\/#breadcrumb","itemListElement":[{"@type":"ListItem","position":1,"name":"Home","item":"https:\/\/pluginviet.com\/mau43\/"},{"@type":"ListItem","position":2,"name":"Shop","item":"https:\/\/pluginviet.com\/mau43\/shop\/"},{"@type":"ListItem","position":3,"name":"B\u1ed9 2 camera quan s\u00e1t 2.0 MP Dahua"}]},{"@type":"WebSite","@id":"https:\/\/pluginviet.com\/mau43\/#website","url":"https:\/\/pluginviet.com\/mau43\/","name":"\u0110\u1ed3 C\u00f4ng Ngh\u1ec7","description":"N\u00e2ng T\u1ea7m Cu\u1ed9c S\u1ed1ng Hi\u1ec7n \u0110\u1ea1i","potentialAction":[{"@type":"SearchAction","target":{"@type":"EntryPoint","urlTemplate":"https:\/\/pluginviet.com\/mau43\/?s={search_term_string}"},"query-input":"required name=search_term_string"}],"inLanguage":"vi"}]}},"_links":{"self":[{"href":"https:\/\/pluginviet.com\/mau43\/wp-json\/wp\/v2\/product\/18678","targetHints":{"allow":["GET"]}}],"collection":[{"href":"https:\/\/pluginviet.com\/mau43\/wp-json\/wp\/v2\/product"}],"about":[{"href":"https:\/\/pluginviet.com\/mau43\/wp-json\/wp\/v2\/types\/product"}],"replies":[{"embeddable":true,"href":"https:\/\/pluginviet.com\/mau43\/wp-json\/wp\/v2\/comments?post=18678"}],"wp:featuredmedia":[{"embeddable":true,"href":"https:\/\/pluginviet.com\/mau43\/wp-json\/wp\/v2\/media\/18684"}],"wp:attachment":[{"href":"https:\/\/pluginviet.com\/mau43\/wp-json\/wp\/v2\/media?parent=18678"}],"wp:term":[{"taxonomy":"product_cat","embeddable":true,"href":"https:\/\/pluginviet.com\/mau43\/wp-json\/wp\/v2\/product_cat?post=18678"},{"taxonomy":"product_tag","embeddable":true,"href":"https:\/\/pluginviet.com\/mau43\/wp-json\/wp\/v2\/product_tag?post=18678"}],"curies":[{"name":"wp","href":"https:\/\/api.w.org\/{rel}","templated":true}]}}