{"id":18540,"date":"2022-05-15T07:39:10","date_gmt":"2022-05-15T07:39:10","guid":{"rendered":"https:\/\/khomaudep.com\/maucongnghe\/?post_type=product&#038;p=18540"},"modified":"2022-05-19T00:10:17","modified_gmt":"2022-05-19T00:10:17","slug":"iphone-13-pro-max-128gb-chinh-hang-vn-a-5","status":"publish","type":"product","link":"https:\/\/pluginviet.com\/mau43\/iphone-13-pro-max-128gb-chinh-hang-vn-a-5\/","title":{"rendered":"iPhone 13 Pro Max 128GB Ch\u00ednh h\u00e3ng VN\/A"},"content":{"rendered":"<h3>iPhone 13 Pro Max\u00a0\u2013 si\u00eau ph\u1ea9m \u0111\u01b0\u1ee3c mong ch\u1edd nh\u1ea5t \u1edf n\u1eeda cu\u1ed1i n\u0103m 2021 \u0111\u1ebfn t\u1eeb\u00a0Apple. M\u00e1y c\u00f3 thi\u1ebft k\u1ebf kh\u00f4ng m\u1ea5y \u0111\u1ed9t ph\u00e1 khi so v\u1edbi ng\u01b0\u1eddi ti\u1ec1n nhi\u1ec7m, b\u00ean trong \u0111\u00e2y v\u1eabn l\u00e0 m\u1ed9t s\u1ea3n ph\u1ea9m c\u00f3 m\u00e0n h\u00ecnh si\u00eau \u0111\u1eb9p, t\u1ea7n s\u1ed1 qu\u00e9t \u0111\u01b0\u1ee3c n\u00e2ng c\u1ea5p l\u00ean 120 Hz m\u01b0\u1ee3t m\u00e0, c\u1ea3m bi\u1ebfn camera c\u00f3 k\u00edch th\u01b0\u1edbc l\u1edbn h\u01a1n, c\u00f9ng hi\u1ec7u n\u0103ng m\u1ea1nh m\u1ebd v\u1edbi s\u1ee9c m\u1ea1nh \u0111\u1ebfn t\u1eeb Apple A15 Bionic, s\u1eb5n s\u00e0ng c\u00f9ng b\u1ea1n chinh ph\u1ee5c m\u1ecdi th\u1eed th\u00e1ch.<\/h3>\n<h3>Thi\u00ea\u0301t k\u00ea\u0301 \u0111\u1eb3ng c\u1ea5p h\u00e0ng \u0111\u1ea7u<\/h3>\n<p>iPhone m\u1edbi k\u1ebf th\u1eeba thi\u1ebft k\u1ebf \u0111\u1eb7c tr\u01b0ng t\u1eeb\u00a0iPhone 12 Pro Max\u00a0khi s\u1edf h\u1eefu khung vi\u1ec1n vu\u00f4ng v\u1ee9c, m\u1eb7t l\u01b0ng k\u00ednh c\u00f9ng m\u00e0n h\u00ecnh tai th\u1ecf tr\u00e0n vi\u1ec1n n\u1eb1m \u1edf ph\u00eda tr\u01b0\u1edbc.<\/p>\n<p>V\u1edbi iPhone 13 Pro Max ph\u1ea7n tai th\u1ecf \u0111\u00e3 \u0111\u01b0\u1ee3c thu g\u1ecdn l\u1ea1i 20% so v\u1edbi th\u1ebf h\u1ec7 tr\u01b0\u1edbc, kh\u00f4ng ch\u1ec9 gi\u1ea3i ph\u00f3ng nhi\u1ec1u kh\u00f4ng gian hi\u1ec3n th\u1ecb h\u01a1n m\u00e0 c\u00f2n gi\u00fap m\u1eb7t tr\u01b0\u1edbc chi\u1ebfc \u0111i\u1ec7n tho\u1ea1i tr\u1edf n\u00ean h\u1ea5p d\u1eabn h\u01a1n m\u00e0 v\u1eabn \u0111\u1ea3m b\u1ea3o \u0111\u01b0\u1ee3c ho\u1ea1t \u0111\u1ed9ng c\u1ee7a c\u00e1c c\u1ea3m bi\u1ebfn.<\/p>\n<p>\u0110i\u00ea\u0309m thay \u0111\u00f4\u0309i d\u1ec5 d\u00e0ng nh\u1eadn bi\u1ebft tr\u00ean iPhone 13 Pro Max ch\u00ednh la\u0300 k\u00edch th\u01b0\u1edbc c\u1ee7a c\u1ea3m bi\u1ebfn camera sau \u0111\u01b0\u1ee3c l\u00e0m to h\u01a1n v\u00e0 \u0111\u1ec3 t\u0103ng \u0111\u1ed9 nh\u1eadn di\u1ec7n cho s\u1ea3n ph\u1ea9m m\u1edbi th\u00ec Apple c\u0169ng \u0111\u00e3 b\u1ed5 sung m\u1ed9t t\u00f9y ch\u1ecdn m\u00e0u s\u1eafc\u00a0Sierra Blue (m\u00e0u xanh d\u01b0\u01a1ng nh\u1ea1t h\u01a1n so v\u1edbi Pacific Blue c\u1ee7a iPhone 12 Pro Max).<\/p>\n<p>M\u00e1y v\u1eabn ti\u1ebfp t\u1ee5c s\u1eed d\u1ee5ng khung vi\u1ec1n th\u00e9p cao c\u1ea5p cho kh\u1ea3 n\u0103ng ch\u1ed1ng tr\u1ea7y x\u01b0\u1edbc v\u00e0 va \u0111\u1eadp m\u1ed9t c\u00e1ch v\u01b0\u1ee3t tr\u1ed9i, k\u1ebft h\u1ee3p v\u1edbi kha\u0309 n\u0103ng\u00a0kh\u00e1ng bu\u0323i, n\u01b0\u01a1\u0301c\u00a0chu\u00e2\u0309n IP68.<\/p>\n<p><img loading=\"lazy\" decoding=\"async\" class=\"size-full wp-image-18535 aligncenter\" src=\"https:\/\/khomaudep.com\/maucongnghe\/wp-content\/uploads\/2022\/05\/iphone-moi-2021-09.jpeg\" alt=\"\" width=\"1020\" height=\"570\" srcset=\"https:\/\/pluginviet.com\/mau43\/wp-content\/uploads\/2022\/05\/iphone-moi-2021-09.jpeg 1020w, https:\/\/pluginviet.com\/mau43\/wp-content\/uploads\/2022\/05\/iphone-moi-2021-09-1000x559.jpeg 1000w, https:\/\/pluginviet.com\/mau43\/wp-content\/uploads\/2022\/05\/iphone-moi-2021-09-300x168.jpeg 300w, https:\/\/pluginviet.com\/mau43\/wp-content\/uploads\/2022\/05\/iphone-moi-2021-09-768x429.jpeg 768w\" sizes=\"auto, (max-width: 1020px) 100vw, 1020px\" \/><\/p>\n<h3>M\u00e0n h\u00ecnh gi\u1ea3i tr\u00ed si\u00eau m\u01b0\u1ee3t c\u00f9ng t\u1ea7n s\u1ed1 qu\u00e9t 120 Hz<\/h3>\n<p>iPhone 13 Pro Max \u0111\u01b0\u1ee3c trang b\u1ecb m\u00e0n h\u00ecnh k\u00edch th\u01b0\u1edbc 6.7 inch c\u00f9ng \u0111\u1ed9 ph\u00e2n gi\u1ea3i 1284 x 2778 Pixels, s\u1eed d\u1ee5ng t\u1ea5m n\u1ec1n OLED c\u00f9ng c\u00f4ng ngh\u1ec7 Super Retina XDR cho kh\u1ea3 n\u0103ng ti\u1ebft ki\u1ec7m n\u0103ng l\u01b0\u1ee3ng v\u01b0\u1ee3t tr\u1ed9i nh\u01b0ng v\u1eabn \u0111\u1ea3m b\u1ea3o hi\u1ec3n th\u1ecb s\u1eafc n\u00e9t s\u1ed1ng \u0111\u1ed9ng ch\u00e2n th\u1ef1c.<\/p>\n<p>iPhone Pro Max n\u0103m nay \u0111\u00e3 \u0111\u01b0\u1ee3c n\u00e2ng c\u1ea5p l\u00ean t\u1ea7n s\u1ed1 qu\u00e9t 120 Hz, m\u1ecdi thao t\u00e1c chuy\u1ec3n c\u1ea3nh khi l\u01b0\u1edbt ng\u00f3n tay tr\u00ean m\u00e0n h\u00ecnh tr\u1edf n\u00ean m\u01b0\u1ee3t m\u00e0 h\u01a1n \u0111\u1ed3ng th\u1eddi hi\u1ec7u \u1ee9ng th\u1ecb gi\u00e1c khi ch\u00fang ta ch\u01a1i game ho\u1eb7c xem video c\u0169ng c\u1ef1c k\u1ef3 m\u00e3n nh\u00e3n.<\/p>\n<p>C\u00f9ng c\u00f4ng ngh\u1ec7 ProMotion th\u00f4ng minh c\u00f3 th\u1ec3 thay \u0111\u1ed5i t\u1ea7n s\u1ed1 qu\u00e9t t\u1eeb 10 \u0111\u1ebfn 120 l\u1ea7n m\u1ed7i gi\u00e2y t\u00f9y thu\u1ed9c v\u00e0o \u1ee9ng d\u1ee5ng, thao t\u00e1c b\u1ea1n \u0111ang s\u1eed d\u1ee5ng, nh\u1eb1m t\u1ed1i \u01b0u th\u1eddi l\u01b0\u1ee3ng s\u1eed d\u1ee5ng pin v\u00e0 tr\u1ea3i nghi\u1ec7m c\u1ee7a b\u1ea1n.<\/p>\n","protected":false},"excerpt":{"rendered":"<p>iPhone 13 Pro Max\u00a0\u2013 si\u00eau ph\u1ea9m \u0111\u01b0\u1ee3c mong ch\u1edd nh\u1ea5t \u1edf n\u1eeda cu\u1ed1i n\u0103m 2021 \u0111\u1ebfn t\u1eeb\u00a0Apple. M\u00e1y c\u00f3 thi\u1ebft k\u1ebf kh\u00f4ng m\u1ea5y \u0111\u1ed9t ph\u00e1 khi so v\u1edbi ng\u01b0\u1eddi ti\u1ec1n nhi\u1ec7m, b\u00ean trong \u0111\u00e2y v\u1eabn l\u00e0 m\u1ed9t s\u1ea3n ph\u1ea9m c\u00f3 m\u00e0n h\u00ecnh si\u00eau \u0111\u1eb9p, t\u1ea7n s\u1ed1 qu\u00e9t \u0111\u01b0\u1ee3c n\u00e2ng c\u1ea5p l\u00ean 120 Hz m\u01b0\u1ee3t m\u00e0, [&#8230;]\n","protected":false},"featured_media":18548,"comment_status":"open","ping_status":"closed","template":"","meta":[],"product_cat":[16,540,539],"product_tag":[],"class_list":["post-18540","product","type-product","status-publish","has-post-thumbnail","hentry","product_cat-san-pham","product_cat-apple","product_cat-dien-thoai","pa_thuong-hieu-apple"],"yoast_head":"<!-- This site is optimized with the Yoast SEO plugin v21.5 - https:\/\/yoast.com\/wordpress\/plugins\/seo\/ -->\n<title>iPhone 13 Pro Max 128GB Ch\u00ednh h\u00e3ng VN\/A - \u0110\u1ed3 C\u00f4ng Ngh\u1ec7<\/title>\n<meta name=\"robots\" content=\"index, follow, max-snippet:-1, max-image-preview:large, max-video-preview:-1\" \/>\n<link rel=\"canonical\" href=\"https:\/\/pluginviet.com\/mau43\/iphone-13-pro-max-128gb-chinh-hang-vn-a-5\/\" \/>\n<meta property=\"og:locale\" content=\"vi_VN\" \/>\n<meta property=\"og:type\" content=\"article\" \/>\n<meta property=\"og:title\" content=\"iPhone 13 Pro Max 128GB Ch\u00ednh h\u00e3ng VN\/A - \u0110\u1ed3 C\u00f4ng Ngh\u1ec7\" \/>\n<meta property=\"og:description\" content=\"iPhone 13 Pro Max\u00a0\u2013 si\u00eau ph\u1ea9m \u0111\u01b0\u1ee3c mong ch\u1edd nh\u1ea5t \u1edf n\u1eeda cu\u1ed1i n\u0103m 2021 \u0111\u1ebfn t\u1eeb\u00a0Apple. M\u00e1y c\u00f3 thi\u1ebft k\u1ebf kh\u00f4ng m\u1ea5y \u0111\u1ed9t ph\u00e1 khi so v\u1edbi ng\u01b0\u1eddi ti\u1ec1n nhi\u1ec7m, b\u00ean trong \u0111\u00e2y v\u1eabn l\u00e0 m\u1ed9t s\u1ea3n ph\u1ea9m c\u00f3 m\u00e0n h\u00ecnh si\u00eau \u0111\u1eb9p, t\u1ea7n s\u1ed1 qu\u00e9t \u0111\u01b0\u1ee3c n\u00e2ng c\u1ea5p l\u00ean 120 Hz m\u01b0\u1ee3t m\u00e0, [...]\" \/>\n<meta property=\"og:url\" content=\"https:\/\/pluginviet.com\/mau43\/iphone-13-pro-max-128gb-chinh-hang-vn-a-5\/\" \/>\n<meta property=\"og:site_name\" content=\"\u0110\u1ed3 C\u00f4ng Ngh\u1ec7\" \/>\n<meta property=\"article:modified_time\" content=\"2022-05-19T00:10:17+00:00\" \/>\n<meta property=\"og:image\" content=\"https:\/\/pluginviet.com\/mau43\/wp-content\/uploads\/2022\/05\/13-1.jpeg\" \/>\n\t<meta property=\"og:image:width\" content=\"600\" \/>\n\t<meta property=\"og:image:height\" content=\"600\" \/>\n\t<meta property=\"og:image:type\" content=\"image\/jpeg\" \/>\n<meta name=\"twitter:card\" content=\"summary_large_image\" \/>\n<meta name=\"twitter:label1\" content=\"\u01af\u1edbc t\u00ednh th\u1eddi gian \u0111\u1ecdc\" \/>\n\t<meta name=\"twitter:data1\" content=\"3 ph\u00fat\" \/>\n<script type=\"application\/ld+json\" class=\"yoast-schema-graph\">{\"@context\":\"https:\/\/schema.org\",\"@graph\":[{\"@type\":\"WebPage\",\"@id\":\"https:\/\/pluginviet.com\/mau43\/iphone-13-pro-max-128gb-chinh-hang-vn-a-5\/\",\"url\":\"https:\/\/pluginviet.com\/mau43\/iphone-13-pro-max-128gb-chinh-hang-vn-a-5\/\",\"name\":\"iPhone 13 Pro Max 128GB Ch\u00ednh h\u00e3ng VN\/A - \u0110\u1ed3 C\u00f4ng Ngh\u1ec7\",\"isPartOf\":{\"@id\":\"https:\/\/pluginviet.com\/mau43\/#website\"},\"datePublished\":\"2022-05-15T07:39:10+00:00\",\"dateModified\":\"2022-05-19T00:10:17+00:00\",\"breadcrumb\":{\"@id\":\"https:\/\/pluginviet.com\/mau43\/iphone-13-pro-max-128gb-chinh-hang-vn-a-5\/#breadcrumb\"},\"inLanguage\":\"vi\",\"potentialAction\":[{\"@type\":\"ReadAction\",\"target\":[\"https:\/\/pluginviet.com\/mau43\/iphone-13-pro-max-128gb-chinh-hang-vn-a-5\/\"]}]},{\"@type\":\"BreadcrumbList\",\"@id\":\"https:\/\/pluginviet.com\/mau43\/iphone-13-pro-max-128gb-chinh-hang-vn-a-5\/#breadcrumb\",\"itemListElement\":[{\"@type\":\"ListItem\",\"position\":1,\"name\":\"Home\",\"item\":\"https:\/\/pluginviet.com\/mau43\/\"},{\"@type\":\"ListItem\",\"position\":2,\"name\":\"Shop\",\"item\":\"https:\/\/pluginviet.com\/mau43\/shop\/\"},{\"@type\":\"ListItem\",\"position\":3,\"name\":\"iPhone 13 Pro Max 128GB Ch\u00ednh h\u00e3ng VN\/A\"}]},{\"@type\":\"WebSite\",\"@id\":\"https:\/\/pluginviet.com\/mau43\/#website\",\"url\":\"https:\/\/pluginviet.com\/mau43\/\",\"name\":\"\u0110\u1ed3 C\u00f4ng Ngh\u1ec7\",\"description\":\"N\u00e2ng T\u1ea7m Cu\u1ed9c S\u1ed1ng Hi\u1ec7n \u0110\u1ea1i\",\"potentialAction\":[{\"@type\":\"SearchAction\",\"target\":{\"@type\":\"EntryPoint\",\"urlTemplate\":\"https:\/\/pluginviet.com\/mau43\/?s={search_term_string}\"},\"query-input\":\"required name=search_term_string\"}],\"inLanguage\":\"vi\"}]}<\/script>\n<!-- \/ Yoast SEO plugin. -->","yoast_head_json":{"title":"iPhone 13 Pro Max 128GB Ch\u00ednh h\u00e3ng VN\/A - \u0110\u1ed3 C\u00f4ng Ngh\u1ec7","robots":{"index":"index","follow":"follow","max-snippet":"max-snippet:-1","max-image-preview":"max-image-preview:large","max-video-preview":"max-video-preview:-1"},"canonical":"https:\/\/pluginviet.com\/mau43\/iphone-13-pro-max-128gb-chinh-hang-vn-a-5\/","og_locale":"vi_VN","og_type":"article","og_title":"iPhone 13 Pro Max 128GB Ch\u00ednh h\u00e3ng VN\/A - \u0110\u1ed3 C\u00f4ng Ngh\u1ec7","og_description":"iPhone 13 Pro Max\u00a0\u2013 si\u00eau ph\u1ea9m \u0111\u01b0\u1ee3c mong ch\u1edd nh\u1ea5t \u1edf n\u1eeda cu\u1ed1i n\u0103m 2021 \u0111\u1ebfn t\u1eeb\u00a0Apple. M\u00e1y c\u00f3 thi\u1ebft k\u1ebf kh\u00f4ng m\u1ea5y \u0111\u1ed9t ph\u00e1 khi so v\u1edbi ng\u01b0\u1eddi ti\u1ec1n nhi\u1ec7m, b\u00ean trong \u0111\u00e2y v\u1eabn l\u00e0 m\u1ed9t s\u1ea3n ph\u1ea9m c\u00f3 m\u00e0n h\u00ecnh si\u00eau \u0111\u1eb9p, t\u1ea7n s\u1ed1 qu\u00e9t \u0111\u01b0\u1ee3c n\u00e2ng c\u1ea5p l\u00ean 120 Hz m\u01b0\u1ee3t m\u00e0, [...]","og_url":"https:\/\/pluginviet.com\/mau43\/iphone-13-pro-max-128gb-chinh-hang-vn-a-5\/","og_site_name":"\u0110\u1ed3 C\u00f4ng Ngh\u1ec7","article_modified_time":"2022-05-19T00:10:17+00:00","og_image":[{"width":600,"height":600,"url":"https:\/\/pluginviet.com\/mau43\/wp-content\/uploads\/2022\/05\/13-1.jpeg","type":"image\/jpeg"}],"twitter_card":"summary_large_image","twitter_misc":{"\u01af\u1edbc t\u00ednh th\u1eddi gian \u0111\u1ecdc":"3 ph\u00fat"},"schema":{"@context":"https:\/\/schema.org","@graph":[{"@type":"WebPage","@id":"https:\/\/pluginviet.com\/mau43\/iphone-13-pro-max-128gb-chinh-hang-vn-a-5\/","url":"https:\/\/pluginviet.com\/mau43\/iphone-13-pro-max-128gb-chinh-hang-vn-a-5\/","name":"iPhone 13 Pro Max 128GB Ch\u00ednh h\u00e3ng VN\/A - \u0110\u1ed3 C\u00f4ng Ngh\u1ec7","isPartOf":{"@id":"https:\/\/pluginviet.com\/mau43\/#website"},"datePublished":"2022-05-15T07:39:10+00:00","dateModified":"2022-05-19T00:10:17+00:00","breadcrumb":{"@id":"https:\/\/pluginviet.com\/mau43\/iphone-13-pro-max-128gb-chinh-hang-vn-a-5\/#breadcrumb"},"inLanguage":"vi","potentialAction":[{"@type":"ReadAction","target":["https:\/\/pluginviet.com\/mau43\/iphone-13-pro-max-128gb-chinh-hang-vn-a-5\/"]}]},{"@type":"BreadcrumbList","@id":"https:\/\/pluginviet.com\/mau43\/iphone-13-pro-max-128gb-chinh-hang-vn-a-5\/#breadcrumb","itemListElement":[{"@type":"ListItem","position":1,"name":"Home","item":"https:\/\/pluginviet.com\/mau43\/"},{"@type":"ListItem","position":2,"name":"Shop","item":"https:\/\/pluginviet.com\/mau43\/shop\/"},{"@type":"ListItem","position":3,"name":"iPhone 13 Pro Max 128GB Ch\u00ednh h\u00e3ng VN\/A"}]},{"@type":"WebSite","@id":"https:\/\/pluginviet.com\/mau43\/#website","url":"https:\/\/pluginviet.com\/mau43\/","name":"\u0110\u1ed3 C\u00f4ng Ngh\u1ec7","description":"N\u00e2ng T\u1ea7m Cu\u1ed9c S\u1ed1ng Hi\u1ec7n \u0110\u1ea1i","potentialAction":[{"@type":"SearchAction","target":{"@type":"EntryPoint","urlTemplate":"https:\/\/pluginviet.com\/mau43\/?s={search_term_string}"},"query-input":"required name=search_term_string"}],"inLanguage":"vi"}]}},"_links":{"self":[{"href":"https:\/\/pluginviet.com\/mau43\/wp-json\/wp\/v2\/product\/18540","targetHints":{"allow":["GET"]}}],"collection":[{"href":"https:\/\/pluginviet.com\/mau43\/wp-json\/wp\/v2\/product"}],"about":[{"href":"https:\/\/pluginviet.com\/mau43\/wp-json\/wp\/v2\/types\/product"}],"replies":[{"embeddable":true,"href":"https:\/\/pluginviet.com\/mau43\/wp-json\/wp\/v2\/comments?post=18540"}],"wp:featuredmedia":[{"embeddable":true,"href":"https:\/\/pluginviet.com\/mau43\/wp-json\/wp\/v2\/media\/18548"}],"wp:attachment":[{"href":"https:\/\/pluginviet.com\/mau43\/wp-json\/wp\/v2\/media?parent=18540"}],"wp:term":[{"taxonomy":"product_cat","embeddable":true,"href":"https:\/\/pluginviet.com\/mau43\/wp-json\/wp\/v2\/product_cat?post=18540"},{"taxonomy":"product_tag","embeddable":true,"href":"https:\/\/pluginviet.com\/mau43\/wp-json\/wp\/v2\/product_tag?post=18540"}],"curies":[{"name":"wp","href":"https:\/\/api.w.org\/{rel}","templated":true}]}}